{"id":5511,"date":"2018-11-14T21:14:08","date_gmt":"2018-11-14T19:14:08","guid":{"rendered":"https:\/\/hshambaravi.ee\/implantatsioon\/"},"modified":"2020-10-22T14:23:08","modified_gmt":"2020-10-22T12:23:08","slug":"implantit","status":"publish","type":"page","link":"https:\/\/hshambaravi.ee\/fi\/implantit\/","title":{"rendered":"Implantit"},"content":{"rendered":"<style type=\"text\/css\"> \n#cmsms_row_69f27713642dc2_28784093 .cmsms_row_outer_parent { \n\tpadding-top: 0px; \n} \n\n#cmsms_row_69f27713642dc2_28784093 .cmsms_row_outer_parent { \n\tpadding-bottom: 20px; \n} \n\n \n#cmsms_heading_69f27713643565_49540635 { \n\ttext-align:center; \n\tmargin-top:50px; \n\tmargin-bottom:50px; \n} \n\n#cmsms_heading_69f27713643565_49540635 .cmsms_heading { \n\ttext-align:center; \n} \n\n#cmsms_heading_69f27713643565_49540635 .cmsms_heading, #cmsms_heading_69f27713643565_49540635 .cmsms_heading a { \n\tfont-weight:normal; \n\tfont-style:normal; \n} \n\n#cmsms_heading_69f27713643565_49540635 .cmsms_heading_divider { \n} \n\n \n#cmsms_row_69f27713643b03_82925205 .cmsms_row_outer_parent { \n\tpadding-top: 40px; \n} \n\n#cmsms_row_69f27713643b03_82925205 .cmsms_row_outer_parent { \n\tpadding-bottom: 0px; \n} \n\n \n#cmsms_divider_69f27713643da9_39605109 { \n\tborder-bottom-width:1px; \n\tborder-bottom-style:double; \n\tpadding-top:50px; \n\tmargin-bottom:50px; \n} \n \n#cmsms_row_69f27713643e72_97132609 .cmsms_row_outer_parent { \n\tpadding-top: 20px; \n} \n\n#cmsms_row_69f27713643e72_97132609 .cmsms_row_outer_parent { \n\tpadding-bottom: 100px; \n} \n\n \n#cmsms_heading_69f27713644093_97003511 { \n\ttext-align:center; \n\tmargin-top:0px; \n\tmargin-bottom:20px; \n} \n\n#cmsms_heading_69f27713644093_97003511 .cmsms_heading { \n\ttext-align:center; \n} \n\n#cmsms_heading_69f27713644093_97003511 .cmsms_heading, #cmsms_heading_69f27713644093_97003511 .cmsms_heading a { \n\tfont-weight:normal; \n\tfont-style:normal; \n} \n\n#cmsms_heading_69f27713644093_97003511 .cmsms_heading_divider { \n} \n\n\n#cmsms_button_69f277136441a7_72509716 { \n\ttext-align:center; \n} \n\n#cmsms_button_69f277136441a7_72509716 .cmsms_button:before { \n\tmargin-right:.5em; \n\tmargin-left:0; \n\tvertical-align:baseline; \n} \n\n#cmsms_button_69f277136441a7_72509716 .cmsms_button { \n\tfont-weight:normal; \n\tfont-style:normal; \n\tborder-style:solid; \n} \n#cmsms_button_69f277136441a7_72509716 .cmsms_button:hover { \n} \n<\/style><div id=\"cmsms_row_69f27713642dc2_28784093\" class=\"cmsms_row cmsms_color_scheme_default\">\n<div class=\"cmsms_row_outer_parent\">\n<div class=\"cmsms_row_outer\">\n<div class=\"cmsms_row_inner\">\n<div class=\"cmsms_row_margin\">\n<div class=\"cmsms_column one_first\">\n\n<div id=\"cmsms_heading_69f27713643565_49540635\" class=\"cmsms_heading_wrap cmsms_heading_align_center\">\n\t<h2 class=\"cmsms_heading\">Implantit<\/h2>\n<\/div><div class=\"cmsms_text\">\n<p><strong><img loading=\"lazy\" decoding=\"async\" class=\"alignright size-full wp-image-4818\" src=\"https:\/\/hshambaravi.ee\/wp-content\/uploads\/2018\/11\/implant.jpg\" alt=\"\" width=\"216\" height=\"166\" \/><\/strong><\/p>\n<p><strong>Implantit\u00a0<\/strong>ovat kaikkein nykyaikaisin tapa hampaiden palauttamiseksi nykyp\u00e4iv\u00e4n hammashoidossa. Nykyaikaisia hammasimplantteja on k\u00e4ytetty menestyksekk\u00e4\u00e4sti jo yli 30 vuoden ajan. Se on paras saatavilla oleva k\u00e4yt\u00e4nt\u00f6, jota k\u00e4ytet\u00e4\u00e4n korvaushampaiden tukemiseen. Ja mik\u00e4 viel\u00e4kin parempaa \u2013 hammasimplanttien avulla uudet hampaat tuntuvat ja n\u00e4ytt\u00e4v\u00e4t luonnollisilta, ja niiden kanssa voidaan my\u00f6s el\u00e4\u00e4 luonnollisesti.<\/p>\n<p>Se on kaikkein pysyvin ratkaisu yhden tai usean hampaan tai jopa koko hammasrivin korvaamiseksi.<\/p>\n<p>Hammasimplanttien asentamisen koulutuksen saaneen ja kokeneen hammasl\u00e4\u00e4k\u00e4rin suorittamana on hammasimplanttien leikkaus er\u00e4s hammashoidon vaarattomampia hoitoja ja tulokset parhaiten ennustettavissa.<\/p>\n<h3><span style=\"font-size: 18pt;\">Mik\u00e4 on hammasimplantti?<\/span><\/h3>\n<p><strong>Implantti\u00a0<\/strong>on titaaninen ruuvi, joka porataan luun sis\u00e4\u00e4n. Se on titaanista valmistettu pieni metallinen aivan kuin ruuvi, joka toimii luonnollisena hampaan juurena.<\/p>\n<p>Ajattele hammasimplanttia kuten keinotekoisena hampaan juurena, joka muistuttaa ruuvia. Kun hammasimplantti asennetaan leukaluuhusi, se liittyy sun oman luuhun. Siit\u00e4 tulee luja alusta yhdelle tai usealle tekohampaalle, jota nimitet\u00e4\u00e4n kruunuksi.<\/p>\n<p>Hammasimplantit ovat ainoa hampaiden palauttamistapa, joka s\u00e4ilytt\u00e4\u00e4 luonnollisen luun, v\u00e4ltt\u00e4 luukatoa hidastuttaa luun tuhoutumista.<\/p>\n<h3><span style=\"font-size: 18pt;\">Miten hammasimplantti asennetaan?<\/span><\/h3>\n<p>Hammasimplantin asentamiseksi tehd\u00e4\u00e4n puudutus ja sen j\u00e4lkeen implanttikirurgi tekee ikeneen pienen viillon suunnitellun implantin alueelle ja asettaa implantin luukudokseen.<\/p>\n<p>Usein implantti voidaan asentaa heti hampaan poiston j\u00e4lkeen ja samalla tai jarruta asentaa my\u00f6s v\u00e4liaikainen kruunu. Siin\u00e4 tapauksessa tehd\u00e4\u00e4n implantti ja proteesi samalla hammasl\u00e4\u00e4k\u00e4rin k\u00e4ynnill\u00e4. Asennetaan v\u00e4liaikainen kruunu, joka on vaihdettava kuuden kuukauden kuluttua pysyv\u00e4\u00e4n kruunuun.<\/p>\n<p>Joissain tapauksissa suositellaan odotettavan 3-6 kuukautta, kunnes implantti kasvaa luuhun ja vasta sitten aloitetaan proteesin asettaminen. V\u00e4liajalla valmistetaan potilaalle v\u00e4liaikaiset proteesit muovimassasta.<\/p>\n<h3><span style=\"font-size: 18pt;\">Kuinka kauan hammasimplantin toimenpide kest\u00e4\u00e4?<\/span><\/h3>\n<p>Toimenpide kest\u00e4\u00e4 vain 30-60 minuuttia.<\/p>\n<p>Huolimatta siit\u00e4, mist\u00e4 syyst\u00e4 yksi tai useampi hammas on menetetty, auttaa hammasimplantti palauttamaan hymysi ja nauttimaan sy\u00f6misest\u00e4 ja tavanomaisesta el\u00e4m\u00e4st\u00e4.<\/p>\n<\/div>\n<\/div>\n<\/div>\n<\/div>\n<\/div>\n<\/div>\n<\/div>\n<div id=\"cmsms_row_69f27713643b03_82925205\" class=\"cmsms_row cmsms_color_scheme_default\">\n<div class=\"cmsms_row_outer_parent\">\n<div class=\"cmsms_row_outer\">\n<div class=\"cmsms_row_inner\">\n<div class=\"cmsms_row_margin\">\n<div class=\"cmsms_column one_first\">\n\n<div id=\"cmsms_divider_69f27713643da9_39605109\" class=\"cmsms_divider cmsms_divider_width_long cmsms_divider_pos_center\"><\/div>\n<\/div>\n<\/div>\n<\/div>\n<\/div>\n<\/div>\n<\/div>\n<div id=\"cmsms_row_69f27713643e72_97132609\" class=\"cmsms_row cmsms_color_scheme_default\">\n<div class=\"cmsms_row_outer_parent\">\n<div class=\"cmsms_row_outer\">\n<div class=\"cmsms_row_inner\">\n<div class=\"cmsms_row_margin\">\n<div class=\"cmsms_column one_first\">\n\n<div id=\"cmsms_heading_69f27713644093_97003511\" class=\"cmsms_heading_wrap cmsms_heading_align_center\" data-animation=\"bounceIn\" data-delay=\"0\">\n\t<h2 class=\"cmsms_heading\"> Varaa hoitoaika!<\/h2>\n<\/div>\n<div id=\"cmsms_button_69f277136441a7_72509716\" class=\"button_wrap\"><a href=\"https:\/\/hshambaravi.ee\/fi\/varaa-hoitoaika\/\" class=\"cmsms_button\" data-animation=\"bounceIn\" data-delay=\"0\"><span>Varaa aika<\/span><\/a><\/div>\n<\/div>\n<\/div>\n<\/div>\n<\/div>\n<\/div>\n<\/div>\n\n","protected":false},"excerpt":{"rendered":"","protected":false},"author":1,"featured_media":0,"parent":0,"menu_order":0,"comment_status":"closed","ping_status":"closed","template":"","meta":{"footnotes":""},"class_list":["post-5511","page","type-page","status-publish","hentry"],"aioseo_notices":[],"_links":{"self":[{"href":"https:\/\/hshambaravi.ee\/fi\/wp-json\/wp\/v2\/pages\/5511","targetHints":{"allow":["GET"]}}],"collection":[{"href":"https:\/\/hshambaravi.ee\/fi\/wp-json\/wp\/v2\/pages"}],"about":[{"href":"https:\/\/hshambaravi.ee\/fi\/wp-json\/wp\/v2\/types\/page"}],"author":[{"embeddable":true,"href":"https:\/\/hshambaravi.ee\/fi\/wp-json\/wp\/v2\/users\/1"}],"replies":[{"embeddable":true,"href":"https:\/\/hshambaravi.ee\/fi\/wp-json\/wp\/v2\/comments?post=5511"}],"version-history":[{"count":0,"href":"https:\/\/hshambaravi.ee\/fi\/wp-json\/wp\/v2\/pages\/5511\/revisions"}],"wp:attachment":[{"href":"https:\/\/hshambaravi.ee\/fi\/wp-json\/wp\/v2\/media?parent=5511"}],"curies":[{"name":"wp","href":"https:\/\/api.w.org\/{rel}","templated":true}]}}