{"id":5449,"date":"2020-02-19T16:43:58","date_gmt":"2020-02-19T14:43:58","guid":{"rendered":"https:\/\/hshambaravi.ee\/esteetiline-hambaravi\/"},"modified":"2022-06-28T15:09:41","modified_gmt":"2022-06-28T13:09:41","slug":"esteettinen-hammaslaaketiede","status":"publish","type":"page","link":"https:\/\/hshambaravi.ee\/fi\/esteettinen-hammaslaaketiede\/","title":{"rendered":"Esteettinen hammasl\u00e4\u00e4ketiede"},"content":{"rendered":"<style type=\"text\/css\"> \n#cmsms_row_69e89f6dd239f1_30709317 .cmsms_row_outer_parent { \n\tpadding-top: 0px; \n} \n\n#cmsms_row_69e89f6dd239f1_30709317 .cmsms_row_outer_parent { \n\tpadding-bottom: 50px; \n} \n\n \n#cmsms_heading_69e89f6dd24435_55144352 { \n\ttext-align:center; \n\tmargin-top:50px; \n\tmargin-bottom:50px; \n} \n\n#cmsms_heading_69e89f6dd24435_55144352 .cmsms_heading { \n\ttext-align:center; \n} \n\n#cmsms_heading_69e89f6dd24435_55144352 .cmsms_heading, #cmsms_heading_69e89f6dd24435_55144352 .cmsms_heading a { \n\tfont-weight:normal; \n\tfont-style:normal; \n} \n\n#cmsms_heading_69e89f6dd24435_55144352 .cmsms_heading_divider { \n} \n\n \n#cmsms_row_69e89f6dd24dc3_83597403 .cmsms_row_outer_parent { \n\tpadding-top: 0px; \n} \n\n#cmsms_row_69e89f6dd24dc3_83597403 .cmsms_row_outer_parent { \n\tpadding-bottom: 0px; \n} \n\n \n#cmsms_divider_69e89f6dd25110_65037529 { \n\tborder-bottom-width:1px; \n\tborder-bottom-style:solid; \n\tpadding-top:50px; \n\tmargin-bottom:50px; \n} \n \n#cmsms_row_69e89f6dd251d5_43674206 .cmsms_row_outer_parent { \n\tpadding-top: 20px; \n} \n\n#cmsms_row_69e89f6dd251d5_43674206 .cmsms_row_outer_parent { \n\tpadding-bottom: 100px; \n} \n\n \n#cmsms_heading_69e89f6dd254a4_24316150 { \n\ttext-align:center; \n\tmargin-top:0px; \n\tmargin-bottom:20px; \n} \n\n#cmsms_heading_69e89f6dd254a4_24316150 .cmsms_heading { \n\ttext-align:center; \n} \n\n#cmsms_heading_69e89f6dd254a4_24316150 .cmsms_heading, #cmsms_heading_69e89f6dd254a4_24316150 .cmsms_heading a { \n\tfont-weight:normal; \n\tfont-style:normal; \n} \n\n#cmsms_heading_69e89f6dd254a4_24316150 .cmsms_heading_divider { \n} \n\n\n#cmsms_button_69e89f6dd255a6_54113592 { \n\ttext-align:center; \n} \n\n#cmsms_button_69e89f6dd255a6_54113592 .cmsms_button:before { \n\tmargin-right:.5em; \n\tmargin-left:0; \n\tvertical-align:baseline; \n} \n\n#cmsms_button_69e89f6dd255a6_54113592 .cmsms_button { \n\tfont-weight:normal; \n\tfont-style:normal; \n\tborder-style:solid; \n} \n#cmsms_button_69e89f6dd255a6_54113592 .cmsms_button:hover { \n} \n<\/style><div id=\"cmsms_row_69e89f6dd239f1_30709317\" class=\"cmsms_row cmsms_color_scheme_default\">\n<div class=\"cmsms_row_outer_parent\">\n<div class=\"cmsms_row_outer\">\n<div class=\"cmsms_row_inner\">\n<div class=\"cmsms_row_margin\">\n<div class=\"cmsms_column one_first\">\n\n<div id=\"cmsms_heading_69e89f6dd24435_55144352\" class=\"cmsms_heading_wrap cmsms_heading_align_center\">\n\t<h2 class=\"cmsms_heading\">Hampaiden Lumineers-laminaatit<\/h2>\n<\/div><div class=\"cmsms_text\">\n<p>Hampaiden Lumineers-laminaatit ovat laminaattien tyyppi, joka on valmistettu yht\u00e4 lujasta, mutta viel\u00e4kin ohuemmasta materiaalista, kuin sit\u00e4 ovat perinteiset laminaatit. Lumineers-laminaattien asentamiseksi ei hampaita tarvitse hioa paljon, vaan laminaatit kiinnitet\u00e4\u00e4n hampaisiin erityisell\u00e4 sementill\u00e4.<\/p>\n<p>Muista! Kun olet p\u00e4\u00e4tt\u00e4nyt asentaa Lumineers-laminaatit, varmista, ett\u00e4 l\u00e4\u00e4k\u00e4rill\u00e4 on siihen olemassa sertifikaatti. N\u00e4it\u00e4 laminaatteja saavat asentaa vain sertifioidut l\u00e4\u00e4k\u00e4rit. Meid\u00e4n klinikallamme on niiden asentamisen oikeus tohtori \u017d\u017eonovilla, mutta h\u00e4nen aikansa ovat t\u00e4ll\u00e4 hetkell\u00e4 varattuja. Voimme suositella hyv\u00e4\u00e4 kollegaamme, tohtori Piret Schultsia <a href=\"https:\/\/www.hammas.ee\/sisu\/MSwxMSw1NiwxLDE\/Lumineerid\/\" target=\"_blank\" rel=\"noopener noreferrer\">Schultsin hammashoidosta<\/a>.<\/p>\n<h3><span style=\"font-size: 18pt;\">S\u00e4ihkyv\u00e4n valkoinen hymy hetkess\u00e4<\/span><\/h3>\n<p>Hampaiden v\u00e4rimuutokset ovat yleisi\u00e4 ongelmia. Er\u00e4s mahdollisuus saada valkoisemmat hampaat on hampaiden valkaisu. Se ei v\u00e4ltt\u00e4m\u00e4tt\u00e4 poista kaikkia v\u00e4rimuutoksia eik\u00e4 tulos kest\u00e4 ikuisesti. Hampaiden Lumineers-laminaatit sit\u00e4 vastoin tarjoavat pitk\u00e4aikaisen ja s\u00e4ihkyv\u00e4n valkoisen hymyn riippumatta siit\u00e4 mit\u00e4 sy\u00f6t tai juot. Riippumatta siit\u00e4, ovatko hampaiden l\u00e4isk\u00e4t syntyneet ajan my\u00f6t\u00e4, kahvista tai punaviinist\u00e4, Lumineers-laminaatit tekev\u00e4t hymyst\u00e4si pysyv\u00e4n s\u00e4ihkyv\u00e4n ja hampaat ovat samalla luonnollisen n\u00e4k\u00f6iset.<\/p>\n<h3><span style=\"font-size: 18pt;\">Hammasv\u00e4lien poistaminen<\/span><\/h3>\n<p>Kun hampaidesi v\u00e4liss\u00e4 on ep\u00e4miellytt\u00e4v\u00e4n suuret raot, voidaan my\u00f6s se murhe poistaa Lumineers-laminaateilla. Lumineers-laminaatit ovat nopea, ei-invasiivinen hoitotoimenpide hampaiden v\u00e4listen rakojen poistamiseen. Vain kahden hammasl\u00e4\u00e4k\u00e4rik\u00e4ynnin j\u00e4lkeen n\u00e4m\u00e4 virheet on poistettu, ja samalla omat hampaat pysyv\u00e4t tervein\u00e4.<\/p>\n<h3><span style=\"font-size: 18pt;\">Ristiin kasvaneet hampaat<\/span><\/h3>\n<p>Lumineers-laminaatit tarjoavat hammasraudoille kivuttoman ja nopean vaihtoehdon t\u00e4ydellisen hammasrivin saamiseksi. Vaikka hammasraudat ovat helposti saatavilla, eiv\u00e4t useat ihmiset kest\u00e4 niist\u00e4 koituvaa kipua, k\u00e4rsimyst\u00e4 ja kiusallisuutta. Nyt saat Lumineers-laminaattien avulla vain kahden lyhyen hammasl\u00e4\u00e4k\u00e4rik\u00e4ynnin j\u00e4lkeen korjatun hymyn \u2013 ihanteellinen vaihtoehto ortodontialle.<\/p>\n<h3><span style=\"font-size: 18pt;\">Hampaiden veneerit<\/span><\/h3>\n<p>Hampaiden veneers-laminaatit ovat ratkaisu silloin, kun halutaan vapautua l\u00e4iskist\u00e4, ristipurennasta, halkeilluista hampaista tai rumista hampaiden raoista. Veneers-laminaatit ovat ohuita p\u00e4\u00e4llysteit\u00e4, jotka kiinnittyv\u00e4t hampaisiin ja antavat niille perinteisemm\u00e4n ilmeen. Koko tulos on samalla luonnollinen.<\/p>\n<h4>Veneers-laminaatit posliinista<\/h4>\n<p>Ohuet erikoistilauksesta valmistetut p\u00e4\u00e4llysteet hampaillesi.<\/p>\n<h5>Posliinisten veneers-laminaattien edut:<\/h5>\n<ul>\n<li>Lujat ja kest\u00e4v\u00e4t<\/li>\n<li>Luonnollinen ulkon\u00e4k\u00f6<\/li>\n<li>Eiv\u00e4t likaannu helposti<\/li>\n<\/ul>\n<h4>Compneerit<\/h4>\n<p>Componeerit ovat tehtaassa valmistettuja ohuita, nano-hybridi-komposiitista tehtyj\u00e4 hampaan muotoisia levyj\u00e4, jotka kohdistetaan sinun hampaitasi vastaaviksi.<\/p>\n<h5>Componeerien edut<\/h5>\n<ul>\n<li>Tavallisesti on omaa hammaskiillett\u00e4 poistettava hyvin v\u00e4h\u00e4n<\/li>\n<li>Pienempi ajan kulu \u2013 v\u00e4lill\u00e4 riitt\u00e4\u00e4 yksikin hammasl\u00e4\u00e4k\u00e4rin vastaanotto<\/li>\n<li>Edullisemmat kuin posliiniset veneers-laminaatit<\/li>\n<li>Vaurioiden syntyess\u00e4 helpommin korjattavat<\/li>\n<\/ul>\n<\/div>\n<\/div>\n<\/div>\n<\/div>\n<\/div>\n<\/div>\n<\/div>\n<div id=\"cmsms_row_69e89f6dd24dc3_83597403\" class=\"cmsms_row cmsms_color_scheme_default\">\n<div class=\"cmsms_row_outer_parent\">\n<div class=\"cmsms_row_outer\">\n<div class=\"cmsms_row_inner\">\n<div class=\"cmsms_row_margin\">\n<div class=\"cmsms_column one_first\">\n\n<div id=\"cmsms_divider_69e89f6dd25110_65037529\" class=\"cmsms_divider cmsms_divider_width_long cmsms_divider_pos_center\"><\/div>\n<\/div>\n<\/div>\n<\/div>\n<\/div>\n<\/div>\n<\/div>\n<div id=\"cmsms_row_69e89f6dd251d5_43674206\" class=\"cmsms_row cmsms_color_scheme_default\">\n<div class=\"cmsms_row_outer_parent\">\n<div class=\"cmsms_row_outer\">\n<div class=\"cmsms_row_inner\">\n<div class=\"cmsms_row_margin\">\n<div class=\"cmsms_column one_first\">\n\n<div id=\"cmsms_heading_69e89f6dd254a4_24316150\" class=\"cmsms_heading_wrap cmsms_heading_align_center\" data-animation=\"bounceIn\" data-delay=\"0\">\n\t<h2 class=\"cmsms_heading\">Varaa hoitoaika!<\/h2>\n<\/div>\n<div id=\"cmsms_button_69e89f6dd255a6_54113592\" class=\"button_wrap\"><a href=\"https:\/\/hshambaravi.ee\/fi\/varaa-hoitoaika\/\" class=\"cmsms_button\" data-animation=\"bounceIn\" data-delay=\"0\"><span>Varaa aika<\/span><\/a><\/div>\n<\/div>\n<\/div>\n<\/div>\n<\/div>\n<\/div>\n<\/div>\n\n","protected":false},"excerpt":{"rendered":"","protected":false},"author":1,"featured_media":0,"parent":0,"menu_order":0,"comment_status":"closed","ping_status":"closed","template":"","meta":{"footnotes":""},"class_list":["post-5449","page","type-page","status-publish","hentry"],"aioseo_notices":[],"_links":{"self":[{"href":"https:\/\/hshambaravi.ee\/fi\/wp-json\/wp\/v2\/pages\/5449","targetHints":{"allow":["GET"]}}],"collection":[{"href":"https:\/\/hshambaravi.ee\/fi\/wp-json\/wp\/v2\/pages"}],"about":[{"href":"https:\/\/hshambaravi.ee\/fi\/wp-json\/wp\/v2\/types\/page"}],"author":[{"embeddable":true,"href":"https:\/\/hshambaravi.ee\/fi\/wp-json\/wp\/v2\/users\/1"}],"replies":[{"embeddable":true,"href":"https:\/\/hshambaravi.ee\/fi\/wp-json\/wp\/v2\/comments?post=5449"}],"version-history":[{"count":1,"href":"https:\/\/hshambaravi.ee\/fi\/wp-json\/wp\/v2\/pages\/5449\/revisions"}],"predecessor-version":[{"id":6140,"href":"https:\/\/hshambaravi.ee\/fi\/wp-json\/wp\/v2\/pages\/5449\/revisions\/6140"}],"wp:attachment":[{"href":"https:\/\/hshambaravi.ee\/fi\/wp-json\/wp\/v2\/media?parent=5449"}],"curies":[{"name":"wp","href":"https:\/\/api.w.org\/{rel}","templated":true}]}}