{"id":5143,"date":"2019-10-16T13:41:50","date_gmt":"2019-10-16T11:41:50","guid":{"rendered":"https:\/\/hshambaravi.ee\/?page_id=5143"},"modified":"2022-06-28T15:50:42","modified_gmt":"2022-06-28T13:50:42","slug":"hinnat","status":"publish","type":"page","link":"https:\/\/hshambaravi.ee\/fi\/hinnat\/","title":{"rendered":"Hinnat"},"content":{"rendered":"<style type=\"text\/css\"> \n#cmsms_heading_69db8f56231461_66104432 { \n\ttext-align:left; \n\tmargin-top:60px; \n\tmargin-bottom:30px; \n} \n\n#cmsms_heading_69db8f56231461_66104432 .cmsms_heading { \n\ttext-align:left; \n} \n\n#cmsms_heading_69db8f56231461_66104432 .cmsms_heading, #cmsms_heading_69db8f56231461_66104432 .cmsms_heading a { \n\tfont-weight:normal; \n\tfont-style:normal; \n} \n\n#cmsms_heading_69db8f56231461_66104432 .cmsms_heading_divider { \n} \n\n \n#cmsms_row_69db8f56231788_90902661 .cmsms_row_outer_parent { \n\tpadding-top: 50px; \n} \n\n#cmsms_row_69db8f56231788_90902661 .cmsms_row_outer_parent { \n\tpadding-bottom: 100px; \n} \n\n<\/style><div id=\"cmsms_row_69db8f56231007_35708752\" class=\"cmsms_row cmsms_color_scheme_default\">\n<div class=\"cmsms_row_outer_parent\">\n<div class=\"cmsms_row_outer\">\n<div class=\"cmsms_row_inner\">\n<div class=\"cmsms_row_margin\">\n<div class=\"cmsms_column one_first\">\n\n<div id=\"cmsms_heading_69db8f56231461_66104432\" class=\"cmsms_heading_wrap cmsms_heading_align_left\">\n\t<h2 class=\"cmsms_heading\">Hambaravi hinnad<\/h2>\n<\/div><div class=\"cmsms_text\">\n<p>Hambaravi hinnad s\u00f5ltuvad paljudest erinevatest teguritest ja usume, et Happy Smile suudab\u00a0pakkuda kvaliteetset teenust konkurentsiv\u00f5imelise hinnaga.<\/p>\n<p>Klikkige Teid huvitaval teemal, et n\u00e4ha teenuste hindu.<\/p>\n<p>T\u00e4psem protseduuride ja teenuste maksumus selgub individuaalse konsultatsiooni k\u00e4igus.<\/p>\n<\/div>\n<\/div>\n<\/div>\n<\/div>\n<\/div>\n<\/div>\n<\/div>\n<div id=\"cmsms_row_69db8f56231788_90902661\" class=\"cmsms_row cmsms_color_scheme_default\">\n<div class=\"cmsms_row_outer_parent\">\n<div class=\"cmsms_row_outer\">\n<div class=\"cmsms_row_inner\">\n<div class=\"cmsms_row_margin\">\n<div class=\"cmsms_column one_first\">\n<div class=\"cmsms_tabs tabs_mode_tour tabs_pos_left\" data-animation=\"fadeIn\" data-delay=\"0\">\n<ul class=\"cmsms_tabs_list\">\n<li id=\"cmsms_tabs_list_item_69db8f5623574\" class=\"cmsms_tabs_list_item current_tab\">\n<a href=\"#\">\n<span>Yleinen ennaltaehk\u00e4isy<\/span>\n<\/a>\n<\/li><li id=\"cmsms_tabs_list_item_69db8f56235ca\" class=\"cmsms_tabs_list_item\">\n<a href=\"#\">\n<span>Paikat<\/span>\n<\/a>\n<\/li><li id=\"cmsms_tabs_list_item_69db8f56235f9\" class=\"cmsms_tabs_list_item\">\n<a href=\"#\">\n<span>Juurihoito<\/span>\n<\/a>\n<\/li><li id=\"cmsms_tabs_list_item_69db8f562363c\" class=\"cmsms_tabs_list_item\">\n<a href=\"#\">\n<span>Kirurgia<\/span>\n<\/a>\n<\/li><li id=\"cmsms_tabs_list_item_69db8f5623682\" class=\"cmsms_tabs_list_item\">\n<a href=\"#\">\n<span>Proteesit<\/span>\n<\/a>\n<\/li><li id=\"cmsms_tabs_list_item_69db8f56236ea\" class=\"cmsms_tabs_list_item\">\n<a href=\"#\">\n<span>Proteesien korjaus<\/span>\n<\/a>\n<\/li><li id=\"cmsms_tabs_list_item_69db8f562370b\" class=\"cmsms_tabs_list_item\">\n<a href=\"#\">\n<span>Parodontia ja laserhoito<\/span>\n<\/a>\n<\/li><li id=\"cmsms_tabs_list_item_69db8f5623743\" class=\"cmsms_tabs_list_item\">\n<a href=\"#\">\n<span>Valkaisu<\/span>\n<\/a>\n<\/li><li id=\"cmsms_tabs_list_item_69db8f5623765\" class=\"cmsms_tabs_list_item\">\n<a href=\"#\">\n<span>Implantit<\/span>\n<\/a>\n<\/li><\/ul>\n<div class=\"cmsms_tabs_wrap\">\n<div id=\"cmsms_tab_69db8f5623574\" class=\"cmsms_tab active_tab\">\n<div class=\"cmsms_tab_inner\">\n<table class=\"cmsms_table\">\n<thead>\n<tr class=\"cmsms_table_row_header\" style=\"height: 19px;\">\n<th class=\"cmsms_table_cell_alignleft\" style=\"height: 19px; width: 80%;\">PALVELU<\/th>\n<th class=\"cmsms_table_cell_aligncenter\" style=\"height: 19px; width: 20%;\">HINTA<\/th>\n<\/tr>\n<\/thead>\n<tbody>\n<tr>\n<td style=\"width: 77.3408%;\" width=\"394\">K\u00e4yntimaksu<\/td>\n<td style=\"width: 21.3483%; height: 19px;\" width=\"86\">10<\/td>\n<\/tr>\n<tr>\n<td style=\"width: 77.3408%;\">Konsultaatio ja hoitosuunnitelma<\/td>\n<td style=\"width: 21.3483%; height: 19px;\">35-100<\/td>\n<\/tr>\n<tr>\n<td style=\"width: 77.3408%;\">Digir\u00f6ntgen<\/td>\n<td style=\"width: 21.3483%; height: 19px;\">10<\/td>\n<\/tr>\n<tr>\n<td style=\"width: 77.3408%;\">Pintapuudutus<\/td>\n<td style=\"width: 21.3483%; height: 19px;\">5<\/td>\n<\/tr>\n<tr>\n<td style=\"width: 77.3408%;\">Puudutuspiikki<\/td>\n<td style=\"width: 21.3483%; height: 19px;\">10<\/td>\n<\/tr>\n<tr>\n<td style=\"width: 77.3408%;\">Hammaskorun asentaminen<\/td>\n<td style=\"width: 21.3483%; height: 19px;\">30<\/td>\n<\/tr>\n<tr>\n<td style=\"width: 77.3408%;\">Hampaan k\u00e4sittely fluorilakalla<\/td>\n<td style=\"width: 21.3483%; height: 19px;\">25<\/td>\n<\/tr>\n<tr>\n<td style=\"width: 77.3408%;\">Hampaiden kiillotus tahnalla<\/td>\n<td style=\"width: 21.3483%; height: 19px;\">20<\/td>\n<\/tr>\n<tr>\n<td style=\"width: 77.3408%;\">Airflow<\/td>\n<td style=\"width: 21.3483%; height: 19px;\">60<\/td>\n<\/tr>\n<tr>\n<td style=\"width: 77.3408%;\">Hammaskiven poistaminen (1 hammas)<\/td>\n<td style=\"width: 21.3483%; height: 19px;\">5<\/td>\n<\/tr>\n<tr>\n<td style=\"width: 77.3408%;\">Panoraamar\u00f6ntgen<\/td>\n<td style=\"width: 21.3483%; height: 19px;\">30<\/td>\n<\/tr>\n<tr>\n<td style=\"width: 77.3408%;\">3D-r\u00f6ntgen<\/td>\n<td style=\"width: 21.3483%; height: 19px;\">60<\/td>\n<\/tr>\n<\/tbody>\n<\/table>\n<\/div>\n<\/div><div id=\"cmsms_tab_69db8f56235ca\" class=\"cmsms_tab\">\n<div class=\"cmsms_tab_inner\">\n<table class=\"cmsms_table\">\n<thead>\n<tr class=\"cmsms_table_row_header\" style=\"height: 19px;\">\n<th class=\"cmsms_table_cell_alignleft\" style=\"height: 19px; width: 80%;\">PALVELU<\/th>\n<th class=\"cmsms_table_cell_aligncenter\" style=\"height: 19px; width: 20%;\">HINTA<\/th>\n<\/tr>\n<\/thead>\n<tbody>\n<tr>\n<td style=\"width: 80.5941%;\" width=\"394\">Valolla kovettuva paikka (hampaan rakentaminen)<\/td>\n<td style=\"width: 18.0198%;\">80-160<\/td>\n<\/tr>\n<tr>\n<td style=\"width: 80.5941%;\">Valolla kovettuva paikka (pieni)<\/td>\n<td style=\"width: 18.0198%;\">50<\/td>\n<\/tr>\n<tr>\n<td style=\"width: 80.5941%;\">Valolla kovettuva paikka (keskikokoinen)<\/td>\n<td style=\"width: 18.0198%;\">60<\/td>\n<\/tr>\n<tr>\n<td style=\"width: 80.5941%;\">V\u00e4liaikainen paikka<\/td>\n<td style=\"width: 18.0198%;\">20<\/td>\n<\/tr>\n<\/tbody>\n<\/table>\n<\/div>\n<\/div><div id=\"cmsms_tab_69db8f56235f9\" class=\"cmsms_tab\">\n<div class=\"cmsms_tab_inner\">\n<table class=\"cmsms_table\">\n<thead>\n<tr class=\"cmsms_table_row_header\" style=\"height: 19px;\">\n<th class=\"cmsms_table_cell_alignleft\" style=\"height: 19px; width: 80%;\">PALVELU<\/th>\n<th class=\"cmsms_table_cell_aligncenter\" style=\"height: 19px; width: 20%;\">HINTA<\/th>\n<\/tr>\n<\/thead>\n<tbody>\n<tr>\n<td style=\"width: 79.0698%;\" width=\"394\">L\u00e4\u00e4kkeen vaihto juurikanavissa<\/td>\n<td style=\"height: 19px; width: 19.3798%;\">20<\/td>\n<\/tr>\n<tr>\n<td style=\"width: 79.0698%;\" width=\"394\">Juurikanavan t\u00e4ytt\u00f6 (1 kanava)<\/td>\n<td style=\"height: 19px; width: 19.3798%;\">30<\/td>\n<\/tr>\n<tr>\n<td style=\"width: 79.0698%;\" width=\"394\">Juurikanavan t\u00e4ytt\u00f6 (2 kanavaa)<\/td>\n<td style=\"height: 19px; width: 19.3798%;\">60<\/td>\n<\/tr>\n<tr>\n<td style=\"width: 79.0698%;\" width=\"394\">Juurikanavan t\u00e4ytt\u00f6 (3 kanavaa)<\/td>\n<td style=\"height: 19px; width: 19.3798%;\">90<\/td>\n<\/tr>\n<tr>\n<td style=\"width: 79.0698%;\" width=\"394\">Juurikanavan avaaminen ja laajentaminen (1 kanava)<\/td>\n<td style=\"height: 19px; width: 19.3798%;\">50<\/td>\n<\/tr>\n<tr>\n<td style=\"width: 79.0698%;\" width=\"394\">Juurikanavan avaaminen ja laajentaminen (2 kanavaa)<\/td>\n<td style=\"height: 19px; width: 19.3798%;\">60<\/td>\n<\/tr>\n<tr>\n<td style=\"width: 79.0698%;\" width=\"394\">Juurikanavan avaaminen (3 kanavaa)<\/td>\n<td style=\"height: 19px; width: 19.3798%;\">80<\/td>\n<\/tr>\n<tr>\n<td style=\"width: 79.0698%;\" width=\"394\">Jokaisen seuraavan juurikanavan avaaminen ja laajentaminen (1 kanava)<\/td>\n<td style=\"height: 19px; width: 19.3798%;\">20<\/td>\n<\/tr>\n<tr>\n<td style=\"width: 79.0698%;\">L\u00e4\u00e4kkeen asettaminen hermoon<\/td>\n<td style=\"height: 19px; width: 19.3798%;\">20<\/td>\n<\/tr>\n<tr>\n<td style=\"width: 79.0698%;\">Parapulpaalinastat<\/td>\n<td style=\"height: 19px; width: 19.3798%;\">15<\/td>\n<\/tr>\n<tr>\n<td style=\"width: 79.0698%;\">Juurikruunun asentaminen<\/td>\n<td style=\"height: 19px; width: 19.3798%;\">60<\/td>\n<\/tr>\n<tr>\n<td style=\"width: 79.0698%;\">Lasikuitunastan asentaminen<\/td>\n<td style=\"height: 19px; width: 19.3798%;\">120<\/td>\n<\/tr>\n<\/tbody>\n<\/table>\n<\/div>\n<\/div><div id=\"cmsms_tab_69db8f562363c\" class=\"cmsms_tab\">\n<div class=\"cmsms_tab_inner\">\n<table class=\"cmsms_table\">\n<thead>\n<tr class=\"cmsms_table_row_header\" style=\"height: 19px;\">\n<th class=\"cmsms_table_cell_alignleft\" style=\"height: 19px; width: 80%;\">PALVELU<\/th>\n<th class=\"cmsms_table_cell_aligncenter\" style=\"height: 19px; width: 20%;\">HINTA<\/th>\n<\/tr>\n<\/thead>\n<tbody>\n<tr style=\"height: 19px;\">\n<td style=\"width: 398px; height: 19px;\" width=\"394\">Hampaan poisto<\/td>\n<td style=\"width: 94px; height: 19px;\" width=\"86\">50<\/td>\n<\/tr>\n<tr style=\"height: 19px;\">\n<td style=\"width: 398px; height: 19px;\">Monijuurisen hampaan poisto<\/td>\n<td style=\"width: 94px; height: 19px;\">80<\/td>\n<\/tr>\n<tr style=\"height: 19px;\">\n<td style=\"width: 398px; height: 19px;\">Hampaan vaikea poisto<\/td>\n<td style=\"width: 94px; height: 19px;\">100<\/td>\n<\/tr>\n<tr style=\"height: 19px;\">\n<td style=\"width: 398px; height: 19px;\" width=\"394\">Viisaudenhampaan poisto leikkauksella (helpompi)<\/td>\n<td style=\"width: 94px; height: 19px;\">120<\/td>\n<\/tr>\n<tr style=\"height: 19px;\">\n<td style=\"width: 398px; height: 19px;\" width=\"394\">Viisaudenhampaan poisto leikkauksella (tavallinen)<\/td>\n<td style=\"width: 94px; height: 19px;\">130<\/td>\n<\/tr>\n<tr style=\"height: 19px;\">\n<td style=\"width: 398px; height: 19px;\" width=\"394\">Viisaudenhampaan poisto leikkauksella (vaikea)<\/td>\n<td style=\"width: 94px; height: 19px;\">160<\/td>\n<\/tr>\n<tr style=\"height: 19px;\">\n<td style=\"width: 398px; height: 19px;\">Absessin avaus<\/td>\n<td style=\"width: 94px; height: 19px;\">20<\/td>\n<\/tr>\n<tr style=\"height: 19px;\">\n<td style=\"width: 398px; height: 19px;\">Ompeleiden asettaminen (1 ommel)<\/td>\n<td style=\"width: 94px; height: 19px;\">15<\/td>\n<\/tr>\n<tr style=\"height: 19px;\">\n<td style=\"width: 398px; height: 19px;\">Ompeleiden poisto, haavan tarkistus<\/td>\n<td style=\"width: 94px; height: 19px;\">15<\/td>\n<\/tr>\n<tr style=\"height: 19px;\">\n<td style=\"width: 398px; height: 19px;\">Kirurginen haavan tarkistus ja huoltaminen<\/td>\n<td style=\"width: 94px; height: 19px;\">30<\/td>\n<\/tr>\n<\/tbody>\n<\/table>\n<\/div>\n<\/div><div id=\"cmsms_tab_69db8f5623682\" class=\"cmsms_tab\">\n<div class=\"cmsms_tab_inner\">\n<table class=\"cmsms_table\">\n<thead>\n<tr class=\"cmsms_table_row_header\" style=\"height: 19px;\">\n<th class=\"cmsms_table_cell_alignleft\" style=\"height: 19px; width: 80%;\">PALVELU<\/th>\n<th class=\"cmsms_table_cell_aligncenter\" style=\"height: 19px; width: 20%;\">HINTA<\/th>\n<\/tr>\n<\/thead>\n<tbody>\n<tr>\n<td style=\"width: 398px;\" width=\"394\">Proteesikonsultaatio ja menettelyn diagnostiikka<\/td>\n<td style=\"width: 94px;\" width=\"86\">30-100<\/td>\n<\/tr>\n<tr>\n<td style=\"width: 398px;\">Silikonij\u00e4ljenn\u00f6s<\/td>\n<td style=\"width: 94px;\">30<\/td>\n<\/tr>\n<tr>\n<td style=\"width: 398px;\">Alginaattij\u00e4ljenn\u00f6s<\/td>\n<td style=\"width: 94px;\">25<\/td>\n<\/tr>\n<tr>\n<td style=\"width: 398px;\">Purentaindeksi, silikoni<\/td>\n<td style=\"width: 94px;\">20<\/td>\n<\/tr>\n<tr>\n<td style=\"width: 398px;\">Valettu nastapilari<\/td>\n<td style=\"width: 94px;\">150<\/td>\n<\/tr>\n<tr>\n<td style=\"width: 398px;\">Lis\u00e4nasta<\/td>\n<td style=\"width: 94px;\">30<\/td>\n<\/tr>\n<tr>\n<td style=\"width: 398px;\">T\u00e4yskeraaminen kruunu<\/td>\n<td style=\"width: 94px;\">al. 400<\/td>\n<\/tr>\n<tr>\n<td style=\"width: 398px;\">Keraaminen Circonium-kruunu<\/td>\n<td style=\"width: 94px;\">al. 450<\/td>\n<\/tr>\n<tr>\n<td style=\"width: 398px;\">Posliininasta<\/td>\n<td style=\"width: 94px;\">300<\/td>\n<\/tr>\n<tr>\n<td style=\"width: 398px;\" width=\"394\">Osittainen levyproteesi 1-3 hammasta \/ 4 tai enemm\u00e4n hampaita<\/td>\n<td style=\"width: 94px;\">400<\/td>\n<\/tr>\n<tr>\n<td style=\"width: 398px;\">Kokoproteesi<\/td>\n<td style=\"width: 94px;\">550<\/td>\n<\/tr>\n<tr>\n<td style=\"width: 398px;\">Hammassilta<\/td>\n<td style=\"width: 94px;\">550<\/td>\n<\/tr>\n<tr>\n<td style=\"width: 398px;\">Kevyt lukko<\/td>\n<td style=\"width: 94px;\">225<\/td>\n<\/tr>\n<tr>\n<td style=\"width: 398px;\">T\u00e4sm\u00e4llinen lukko<\/td>\n<td style=\"width: 94px;\">280<\/td>\n<\/tr>\n<tr>\n<td style=\"width: 398px;\">Henkil\u00f6kohtainen lusikka<\/td>\n<td style=\"width: 94px;\">45<\/td>\n<\/tr>\n<tr>\n<td style=\"width: 398px;\">Purennan m\u00e4\u00e4rittely<\/td>\n<td style=\"width: 94px;\">30<\/td>\n<\/tr>\n<tr>\n<td style=\"width: 398px;\">Okklusaalisen hammassuojan valmistaminen<\/td>\n<td style=\"width: 94px;\">110<\/td>\n<\/tr>\n<tr>\n<td style=\"width: 398px;\">Hampaiden yksitt\u00e4inen hionta<\/td>\n<td style=\"width: 94px;\">30<\/td>\n<\/tr>\n<tr>\n<td style=\"width: 398px;\">Kruunun sementointi (tavallinen)<\/td>\n<td style=\"width: 94px;\">10<\/td>\n<\/tr>\n<tr>\n<td style=\"width: 398px;\">Kruunun sementointi komposiitilla<\/td>\n<td style=\"width: 94px;\">30<\/td>\n<\/tr>\n<tr>\n<td style=\"width: 398px;\">Kruunun sementointi takaisin<\/td>\n<td style=\"width: 94px;\">20<\/td>\n<\/tr>\n<tr>\n<td style=\"width: 398px;\">Kruunun poistaminen<\/td>\n<td style=\"width: 94px;\">30<\/td>\n<\/tr>\n<tr>\n<td style=\"width: 398px;\">V\u00e4liaikainen suora kruunu<\/td>\n<td style=\"width: 94px;\">45<\/td>\n<\/tr>\n<tr>\n<td style=\"width: 398px;\">V\u00e4liaikainen laboratoriokruunu<\/td>\n<td style=\"width: 94px;\">150<\/td>\n<\/tr>\n<tr>\n<td style=\"width: 398px;\">Keraaminen laminaatti<\/td>\n<td style=\"width: 94px;\">al 350<\/td>\n<\/tr>\n<tr>\n<td style=\"width: 398px;\">Nastapilari Zno-kruunun alle<\/td>\n<td style=\"width: 94px;\">255<\/td>\n<\/tr>\n<tr>\n<td style=\"width: 398px;\">Valettu runko levyproteesille<\/td>\n<td style=\"width: 94px;\">150<\/td>\n<\/tr>\n<tr>\n<td style=\"width: 398px;\">Vahvistusverkko levyproteesille<\/td>\n<td style=\"width: 94px;\">60<\/td>\n<\/tr>\n<\/tbody>\n<\/table>\n<\/div>\n<\/div><div id=\"cmsms_tab_69db8f56236ea\" class=\"cmsms_tab\">\n<div class=\"cmsms_tab_inner\">\n<table class=\"cmsms_table\">\n<thead>\n<tr class=\"cmsms_table_row_header\" style=\"height: 19px;\">\n<th class=\"cmsms_table_cell_alignleft\" style=\"height: 19px; width: 80%;\">PALVELU<\/th>\n<th class=\"cmsms_table_cell_aligncenter\" style=\"height: 19px; width: 20%;\">HINTA<\/th>\n<\/tr>\n<\/thead>\n<tbody>\n<tr>\n<td style=\"width: 408px;\" width=\"394\">Proteesin uudelleen asettaminen laboratoriossa<\/td>\n<td style=\"width: 90px;\" width=\"86\">100<\/td>\n<\/tr>\n<tr>\n<td style=\"width: 408px;\">Proteesin korjaus<\/td>\n<td style=\"width: 90px;\">100<\/td>\n<\/tr>\n<tr>\n<td style=\"width: 408px;\">Yhden hampaan lis\u00e4\u00e4minen<\/td>\n<td style=\"width: 90px;\">20<\/td>\n<\/tr>\n<\/tbody>\n<\/table>\n<\/div>\n<\/div><div id=\"cmsms_tab_69db8f562370b\" class=\"cmsms_tab\">\n<div class=\"cmsms_tab_inner\">\n<table class=\"cmsms_table\">\n<thead>\n<tr class=\"cmsms_table_row_header\" style=\"height: 19px;\">\n<th class=\"cmsms_table_cell_alignleft\" style=\"height: 19px; width: 80%;\">PALVELU<\/th>\n<th class=\"cmsms_table_cell_aligncenter\" style=\"height: 19px; width: 20%;\">HINTA<\/th>\n<\/tr>\n<\/thead>\n<tbody>\n<tr>\n<td style=\"width: 398px;\" width=\"394\">Ikenien hoito<\/td>\n<td style=\"width: 90px;\">70<\/td>\n<\/tr>\n<tr>\n<td style=\"width: 398px;\" width=\"394\">Gingivoplastia yhden hampaan laajuudessa diodilaserilla<\/td>\n<td style=\"width: 90px;\">10<\/td>\n<\/tr>\n<tr>\n<td style=\"width: 398px;\">Frenuloplastia diodilaserilla<\/td>\n<td style=\"width: 90px;\">60<\/td>\n<\/tr>\n<tr>\n<td style=\"width: 398px;\">Herpeksen tai aftan hoito diodilla<\/td>\n<td style=\"width: 90px;\">30<\/td>\n<\/tr>\n<tr>\n<td style=\"width: 398px;\" width=\"394\">Llimakalvon kohouman \/ fibrooman poistaminen diodilaserilla<\/td>\n<td style=\"width: 90px;\">30<\/td>\n<\/tr>\n<tr>\n<td style=\"width: 398px;\">Hampaan juuren sterilisointi laserilla<\/td>\n<td style=\"width: 90px;\">10<\/td>\n<\/tr>\n<tr>\n<td style=\"width: 398px;\">Absessin avaaminen laserilla<\/td>\n<td style=\"width: 90px;\">20<\/td>\n<\/tr>\n<tr>\n<td style=\"width: 398px;\">Alveoliitin laserhoito<\/td>\n<td style=\"width: 90px;\">30<\/td>\n<\/tr>\n<tr>\n<td style=\"width: 398px;\">Perikoroniitin laserhoito<\/td>\n<td style=\"width: 90px;\">30<\/td>\n<\/tr>\n<tr>\n<td style=\"width: 398px;\">Herpeksen ja stomatiitin hoito laserilla<\/td>\n<td style=\"width: 90px;\">35<\/td>\n<\/tr>\n<tr>\n<td style=\"width: 398px;\">Huuli- tai suulakihalkion vapauttaminen laserilla<\/td>\n<td style=\"width: 90px;\">40<\/td>\n<\/tr>\n<\/tbody>\n<\/table>\n<\/div>\n<\/div><div id=\"cmsms_tab_69db8f5623743\" class=\"cmsms_tab\">\n<div class=\"cmsms_tab_inner\">\n<table class=\"cmsms_table\">\n<thead>\n<tr class=\"cmsms_table_row_header\" style=\"height: 19px;\">\n<th class=\"cmsms_table_cell_alignleft\" style=\"height: 19px; width: 80%;\">PALVELU<\/th>\n<th class=\"cmsms_table_cell_aligncenter\" style=\"height: 19px; width: 20%;\">HINTA<\/th>\n<\/tr>\n<\/thead>\n<tbody>\n<tr>\n<td style=\"width: 398px;\" width=\"394\">Hampaiden laservalkaisu<\/td>\n<td style=\"width: 90px;\">210<\/td>\n<\/tr>\n<tr>\n<td style=\"width: 398px;\">Hampaiden laservalkaisu (1 hammas)<\/td>\n<td style=\"width: 90px;\">25<\/td>\n<\/tr>\n<tr>\n<td style=\"width: 398px;\">Hampaiden laservalkaisu (yl\u00e4kaari)<\/td>\n<td style=\"width: 90px;\">120<\/td>\n<\/tr>\n<tr>\n<td style=\"width: 398px;\">Hampaiden laservalkaisu (alakaari)<\/td>\n<td style=\"width: 90px;\">120<\/td>\n<\/tr>\n<\/tbody>\n<\/table>\n<\/div>\n<\/div><div id=\"cmsms_tab_69db8f5623765\" class=\"cmsms_tab\">\n<div class=\"cmsms_tab_inner\">\n<table class=\"cmsms_table\">\n<thead>\n<tr class=\"cmsms_table_row_header\" style=\"height: 19px;\">\n<th class=\"cmsms_table_cell_alignleft\" style=\"height: 19px; width: 80%;\">PALVELU<\/th>\n<th class=\"cmsms_table_cell_aligncenter\" style=\"height: 19px; width: 20%;\">HINTA<\/th>\n<\/tr>\n<\/thead>\n<tbody>\n<tr>\n<td style=\"width: 398px;\" width=\"394\">Leikkausp\u00f6yd\u00e4n steriili p\u00e4\u00e4llyst\u00e4minen<\/td>\n<td style=\"height: 19px; width: 90px;\">35<\/td>\n<\/tr>\n<tr>\n<td style=\"width: 398px;\">Implantin asentaminen<\/td>\n<td style=\"height: 19px; width: 90px;\">350-600<\/td>\n<\/tr>\n<tr>\n<td style=\"width: 398px;\">Luun kasvattaminen<\/td>\n<td style=\"height: 19px; width: 90px;\">200-1000<\/td>\n<\/tr>\n<tr>\n<td style=\"width: 398px;\">Poskiontelon pohjan nosto (Sinus lift)<\/td>\n<td style=\"height: 19px; width: 90px;\">300-700<\/td>\n<\/tr>\n<tr>\n<td style=\"width: 398px;\">Tekoluun lis\u00e4\u00e4minen<\/td>\n<td style=\"height: 19px; width: 90px;\">100-300<\/td>\n<\/tr>\n<tr>\n<td style=\"width: 398px;\">Membraanin asentaminen<\/td>\n<td style=\"height: 19px; width: 90px;\">al. 200<\/td>\n<\/tr>\n<tr>\n<td style=\"width: 398px;\">Ikenen muotoilija<\/td>\n<td style=\"height: 19px; width: 90px;\">90<\/td>\n<\/tr>\n<tr>\n<td style=\"width: 398px;\">Kruunu Zircon-implantille<\/td>\n<td style=\"height: 19px; width: 90px;\">710<\/td>\n<\/tr>\n<tr>\n<td style=\"width: 398px;\">V\u00e4liaikainen kruunu implantille<\/td>\n<td style=\"height: 19px; width: 90px;\">400<\/td>\n<\/tr>\n<tr>\n<td style=\"width: 398px;\">Hampaat yhdess\u00e4 p\u00e4iv\u00e4ss\u00e4 (alhaalla on 4), ylempi leukaluu<\/td>\n<td style=\"height: 19px; width: 90px;\">4000<\/td>\n<\/tr>\n<tr>\n<td style=\"width: 398px;\">Hampaat yhdess\u00e4 p\u00e4iv\u00e4ss\u00e4 (alhaalla on 4), alempi leukaluu<\/td>\n<td style=\"height: 19px; width: 90px;\">4000<\/td>\n<\/tr>\n<tr>\n<td style=\"width: 398px;\">II proteesi metalli-muovi 3D-muovailulla (yksi hammaskaari)<\/td>\n<td style=\"height: 39px; width: 90px;\">3000<\/td>\n<\/tr>\n<tr>\n<td style=\"width: 398px;\">II proteesi Zircon (yksi hammaskaari)<\/td>\n<td style=\"height: 19px; width: 90px;\">4000<\/td>\n<\/tr>\n<tr>\n<td style=\"width: 398px;\">Hampaat yhdess\u00e4 p\u00e4iv\u00e4ss\u00e4 (alhaalla on 6), ylempi leukaluu<\/td>\n<td style=\"height: 19px; width: 90px;\">5000<\/td>\n<\/tr>\n<tr>\n<td style=\"width: 398px;\">Hampaat yhdess\u00e4 p\u00e4iv\u00e4ss\u00e4 (alhaalla on 6), alempi leukaluu<\/td>\n<td style=\"height: 19px; width: 90px;\">4500-5000<\/td>\n<\/tr>\n<\/tbody>\n<\/table>\n<\/div>\n<\/div><\/div>\n<\/div>\n<\/div>\n<\/div>\n<\/div>\n<\/div>\n<\/div>\n<\/div>\n\n","protected":false},"excerpt":{"rendered":"","protected":false},"author":1,"featured_media":0,"parent":0,"menu_order":0,"comment_status":"closed","ping_status":"open","template":"","meta":{"footnotes":""},"class_list":["post-5143","page","type-page","status-publish","hentry"],"aioseo_notices":[],"_links":{"self":[{"href":"https:\/\/hshambaravi.ee\/fi\/wp-json\/wp\/v2\/pages\/5143","targetHints":{"allow":["GET"]}}],"collection":[{"href":"https:\/\/hshambaravi.ee\/fi\/wp-json\/wp\/v2\/pages"}],"about":[{"href":"https:\/\/hshambaravi.ee\/fi\/wp-json\/wp\/v2\/types\/page"}],"author":[{"embeddable":true,"href":"https:\/\/hshambaravi.ee\/fi\/wp-json\/wp\/v2\/users\/1"}],"replies":[{"embeddable":true,"href":"https:\/\/hshambaravi.ee\/fi\/wp-json\/wp\/v2\/comments?post=5143"}],"version-history":[{"count":1,"href":"https:\/\/hshambaravi.ee\/fi\/wp-json\/wp\/v2\/pages\/5143\/revisions"}],"predecessor-version":[{"id":6148,"href":"https:\/\/hshambaravi.ee\/fi\/wp-json\/wp\/v2\/pages\/5143\/revisions\/6148"}],"wp:attachment":[{"href":"https:\/\/hshambaravi.ee\/fi\/wp-json\/wp\/v2\/media?parent=5143"}],"curies":[{"name":"wp","href":"https:\/\/api.w.org\/{rel}","templated":true}]}}