{"id":5013,"date":"2019-01-23T19:12:57","date_gmt":"2019-01-23T17:12:57","guid":{"rendered":"https:\/\/hshambaravi.ee\/?page_id=5013\/"},"modified":"2022-06-28T16:12:32","modified_gmt":"2022-06-28T14:12:32","slug":"ilmaiset-tiedotukset","status":"publish","type":"page","link":"https:\/\/hshambaravi.ee\/fi\/ilmaiset-tiedotukset\/","title":{"rendered":"Ilmaiset tiedotukset"},"content":{"rendered":"<style type=\"text\/css\"> \n#cmsms_row_69da460674b4d4_41797292 .cmsms_row_outer_parent { \n\tpadding-top: 70px; \n} \n\n#cmsms_row_69da460674b4d4_41797292 .cmsms_row_outer_parent { \n\tpadding-bottom: 70px; \n} \n\n \n#cmsms_heading_69da460674bd77_76376181 { \n\ttext-align:center; \n\tmargin-top:0px; \n\tmargin-bottom:0px; \n} \n\n#cmsms_heading_69da460674bd77_76376181 .cmsms_heading { \n\ttext-align:center; \n} \n\n#cmsms_heading_69da460674bd77_76376181 .cmsms_heading, #cmsms_heading_69da460674bd77_76376181 .cmsms_heading a { \n\tfont-weight:normal; \n\tfont-style:normal; \n} \n\n#cmsms_heading_69da460674bd77_76376181 .cmsms_heading_divider { \n} \n\n \n#cmsms_row_69da460674bf59_43517349 .cmsms_row_outer_parent { \n\tpadding-top: 0px; \n} \n\n#cmsms_row_69da460674bf59_43517349 .cmsms_row_outer_parent { \n\tpadding-bottom: 70px; \n} \n\n<\/style><div id=\"cmsms_row_69da460674b4d4_41797292\" class=\"cmsms_row cmsms_color_scheme_default\">\n<div class=\"cmsms_row_outer_parent\">\n<div class=\"cmsms_row_outer\">\n<div class=\"cmsms_row_inner\">\n<div class=\"cmsms_row_margin\">\n<div class=\"cmsms_column one_first\">\n\n<div id=\"cmsms_heading_69da460674bd77_76376181\" class=\"cmsms_heading_wrap cmsms_heading_align_center\">\n\t<h2 class=\"cmsms_heading\">Ilmaisen infotilaisuuden ilmoitamiseksi on ohessa ilmoituslomake<\/h2>\n<\/div>\n<\/div>\n<\/div>\n<\/div>\n<\/div>\n<\/div>\n<\/div>\n<div id=\"cmsms_row_69da460674bf59_43517349\" class=\"cmsms_row cmsms_color_scheme_default\">\n<div class=\"cmsms_row_outer_parent\">\n<div class=\"cmsms_row_outer\">\n<div class=\"cmsms_row_inner\">\n<div class=\"cmsms_row_margin\">\n<div class=\"cmsms_column one_first\">\n<div class=\"cmsms_contact_form\">\n<div class=\"wpcf7 no-js\" id=\"wpcf7-f5008-o1\" lang=\"en-US\" dir=\"ltr\" data-wpcf7-id=\"5008\">\n<div class=\"screen-reader-response\"><p role=\"status\" aria-live=\"polite\" aria-atomic=\"true\"><\/p> <ul><\/ul><\/div>\n<form action=\"\/fi\/wp-json\/wp\/v2\/pages\/5013#wpcf7-f5008-o1\" method=\"post\" class=\"wpcf7-form init\" aria-label=\"Contact form\" novalidate=\"novalidate\" data-status=\"init\">\n<fieldset class=\"hidden-fields-container\"><input type=\"hidden\" name=\"_wpcf7\" value=\"5008\" \/><input type=\"hidden\" name=\"_wpcf7_version\" value=\"6.1.4\" \/><input type=\"hidden\" name=\"_wpcf7_locale\" value=\"en_US\" \/><input type=\"hidden\" name=\"_wpcf7_unit_tag\" value=\"wpcf7-f5008-o1\" \/><input type=\"hidden\" name=\"_wpcf7_container_post\" value=\"0\" \/><input type=\"hidden\" name=\"_wpcf7_posted_data_hash\" value=\"\" \/>\n<\/fieldset>\n<div class=\"one_half\">\n\t<p class=\"kontaktivorm\">Nimi *\n\t<\/p>\n\t<p><span class=\"wpcf7-form-control-wrap\" data-name=\"your-name\"><input size=\"40\" maxlength=\"400\" class=\"wpcf7-form-control wpcf7-text wpcf7-validates-as-required\" aria-required=\"true\" aria-invalid=\"false\" value=\"\" type=\"text\" name=\"your-name\" \/><\/span>\n\t<\/p>\n\t<p class=\"kontaktivorm\">Puhelin *\n\t<\/p>\n\t<p><span class=\"wpcf7-form-control-wrap\" data-name=\"your-phone\"><input size=\"40\" maxlength=\"400\" class=\"wpcf7-form-control wpcf7-tel wpcf7-validates-as-required wpcf7-text wpcf7-validates-as-tel\" aria-required=\"true\" aria-invalid=\"false\" value=\"\" type=\"tel\" name=\"your-phone\" \/><\/span>\n\t<\/p>\n\t<p class=\"kontaktivorm\">S\u00e4hk\u00f6posti *\n\t<\/p>\n\t<p><span class=\"wpcf7-form-control-wrap\" data-name=\"your-email\"><input size=\"40\" maxlength=\"400\" class=\"wpcf7-form-control wpcf7-email wpcf7-validates-as-required wpcf7-text wpcf7-validates-as-email\" aria-required=\"true\" aria-invalid=\"false\" value=\"\" type=\"email\" name=\"your-email\" \/><\/span>\n\t<\/p>\n<\/div>\n<div class=\"one_half\">\n\t<p class=\"kontaktivorm\">Kui monta hammasta sinulta puuttuu*\n\t<\/p>\n\t<p><span class=\"wpcf7-form-control-wrap\" data-name=\"textarea-844\"><input size=\"40\" maxlength=\"400\" class=\"wpcf7-form-control wpcf7-text wpcf7-validates-as-required\" aria-required=\"true\" aria-invalid=\"false\" value=\"\" type=\"text\" name=\"textarea-844\" \/><\/span>\n\t<\/p>\n\t<p class=\"kontaktivorm\">Valitse sopiva p\u00e4iv\u00e4m\u00e4\u00e4r\u00e4*\n\t<\/p>\n\t<p><span class=\"wpcf7-form-control-wrap\" data-name=\"menu-432\"><select class=\"wpcf7-form-control wpcf7-select wpcf7-validates-as-required\" aria-required=\"true\" aria-invalid=\"false\" name=\"menu-432\"><option value=\"\">&#8212;Please choose an option&#8212;<\/option><option value=\"01.12.2021\">01.12.2021<\/option><option value=\"08.12.2021\">08.12.2021<\/option><option value=\"15.12.2021\">15.12.2021<\/option><option value=\"22.12.2021\">22.12.2021<\/option><option value=\"29.12.2021\">29.12.2021<\/option><option value=\"05.01.2022\">05.01.2022<\/option><option value=\"12.01.2022\">12.01.2022<\/option><option value=\"19.01.2022\">19.01.2022<\/option><option value=\"26.01.2022\">26.01.2022<\/option><option value=\"02.02.2022\">02.02.2022<\/option><option value=\"09.02.2022\">09.02.2022<\/option><option value=\"16.02.2022\">16.02.2022<\/option><option value=\"23.02.2022\">23.02.2022<\/option><option value=\"02.03.2022\">02.03.2022<\/option><option value=\"09.03.2022\">09.03.2022<\/option><option value=\"16.03.2022\">16.03.2022<\/option><option value=\"23.03.2022\">23.03.2022<\/option><option value=\"30.03.2022\">30.03.2022<\/option><option value=\"06.04.2022\">06.04.2022<\/option><option value=\"13.04.2022\">13.04.2022<\/option><option value=\"20.04.2022\">20.04.2022<\/option><option value=\"27.04.2022\">27.04.2022<\/option><option value=\"04.05.2022\">04.05.2022<\/option><option value=\"11.05.2022\">11.05.2022<\/option><option value=\"18.05.2022\">18.05.2022<\/option><option value=\"25.05.2022\">25.05.2022<\/option><option value=\"01.06.2022\">01.06.2022<\/option><option value=\"08.06.2022\">08.06.2022<\/option><option value=\"15.06.2022\">15.06.2022<\/option><option value=\"22.06.2022\">22.06.2022<\/option><option value=\"29.06.2022\">29.06.2022<\/option><option value=\"06.07.2022\">06.07.2022<\/option><option value=\"13.07.2022\">13.07.2022<\/option><option value=\"20.07.2022\">20.07.2022<\/option><option value=\"27.07.2022\">27.07.2022<\/option><option value=\"03.08.2022\">03.08.2022<\/option><option value=\"10.08.2022\">10.08.2022<\/option><option value=\"17.08.2022\">17.08.2022<\/option><option value=\"24.08.2022\">24.08.2022<\/option><option value=\"31.08.2022\">31.08.2022<\/option><option value=\"07.09.2022\">07.09.2022<\/option><option value=\"14.09.2022\">14.09.2022<\/option><option value=\"21.09.2022\">21.09.2022<\/option><option value=\"28.09.2022\">28.09.2022<\/option><option value=\"05.10.2022\">05.10.2022<\/option><option value=\"12.10.2022\">12.10.2022<\/option><option value=\"19.10.2022\">19.10.2022<\/option><option value=\"26.10.2022\">26.10.2022<\/option><option value=\"02.11.2022\">02.11.2022<\/option><option value=\"09.11.2022\">09.11.2022<\/option><option value=\"16.11.2022\">16.11.2022<\/option><option value=\"23.11.2022\">23.11.2022<\/option><option value=\"30.11.2022\">30.11.2022<\/option><option value=\"07.12.2022\">07.12.2022<\/option><option value=\"14.12.2022\">14.12.2022<\/option><option value=\"21.12.2022\">21.12.2022<\/option><option value=\"28.12.2022\">28.12.2022<\/option><\/select><\/span>\n\t<\/p>\n\t<p class=\"kontaktivorm\">Valitse kellonaika*\n\t<\/p>\n\t<p><span class=\"wpcf7-form-control-wrap\" data-name=\"menu-372\"><select class=\"wpcf7-form-control wpcf7-select wpcf7-validates-as-required\" aria-required=\"true\" aria-invalid=\"false\" name=\"menu-372\"><option value=\"\">&#8212;Please choose an option&#8212;<\/option><option value=\"15:00\">15:00<\/option><\/select><\/span>\n\t<\/p>\n\t<p><span class=\"wpcf7-form-control-wrap\" data-name=\"checkbox-206\"><span class=\"wpcf7-form-control wpcf7-checkbox\"><span class=\"wpcf7-list-item first last\"><label><input type=\"checkbox\" name=\"checkbox-206[]\" value=\"Haluan tehd\u00e4 ilmaisen r\u00f6ntgenkuvan\" \/><span class=\"wpcf7-list-item-label\">Haluan tehd\u00e4 ilmaisen r\u00f6ntgenkuvan<\/span><\/label><\/span><\/span><\/span>\n\t<\/p>\n\t<p><input class=\"wpcf7-form-control wpcf7-submit has-spinner\" type=\"submit\" value=\"L\u00e4hett\u00e4\u00e4\" \/>\n\t<\/p>\n\t<p>* T\u00e4hdell\u00e4 merkityt kent\u00e4t ovat pakollisia\n\t<\/p>\n\t<p>Votamme sinuun yhteytt\u00e4 vahvistaaksesi varauksesi!\n\t<\/p>\n<\/div><div class=\"wpcf7-response-output\" aria-hidden=\"true\"><\/div>\n<\/form>\n<\/div>\n<\/div>\n<\/div>\n<\/div>\n<\/div>\n<\/div>\n<\/div>\n<\/div>\n\n","protected":false},"excerpt":{"rendered":"","protected":false},"author":1,"featured_media":0,"parent":0,"menu_order":0,"comment_status":"closed","ping_status":"closed","template":"","meta":{"footnotes":""},"class_list":["post-5013","page","type-page","status-publish","hentry"],"aioseo_notices":[],"_links":{"self":[{"href":"https:\/\/hshambaravi.ee\/fi\/wp-json\/wp\/v2\/pages\/5013","targetHints":{"allow":["GET"]}}],"collection":[{"href":"https:\/\/hshambaravi.ee\/fi\/wp-json\/wp\/v2\/pages"}],"about":[{"href":"https:\/\/hshambaravi.ee\/fi\/wp-json\/wp\/v2\/types\/page"}],"author":[{"embeddable":true,"href":"https:\/\/hshambaravi.ee\/fi\/wp-json\/wp\/v2\/users\/1"}],"replies":[{"embeddable":true,"href":"https:\/\/hshambaravi.ee\/fi\/wp-json\/wp\/v2\/comments?post=5013"}],"version-history":[{"count":1,"href":"https:\/\/hshambaravi.ee\/fi\/wp-json\/wp\/v2\/pages\/5013\/revisions"}],"predecessor-version":[{"id":6181,"href":"https:\/\/hshambaravi.ee\/fi\/wp-json\/wp\/v2\/pages\/5013\/revisions\/6181"}],"wp:attachment":[{"href":"https:\/\/hshambaravi.ee\/fi\/wp-json\/wp\/v2\/media?parent=5013"}],"curies":[{"name":"wp","href":"https:\/\/api.w.org\/{rel}","templated":true}]}}