{"id":4773,"date":"2018-05-23T16:05:17","date_gmt":"2018-05-23T14:05:17","guid":{"rendered":"https:\/\/hshambaravi.ee\/?page_id=4773\/"},"modified":"2022-06-28T13:49:59","modified_gmt":"2022-06-28T11:49:59","slug":"varaa-hoitoaika","status":"publish","type":"page","link":"https:\/\/hshambaravi.ee\/fi\/varaa-hoitoaika\/","title":{"rendered":"Varaa hoitoaika"},"content":{"rendered":"<style type=\"text\/css\"> \n#cmsms_row_69e7453406ed82_77775723 .cmsms_row_outer_parent { \n\tpadding-top: 70px; \n} \n\n#cmsms_row_69e7453406ed82_77775723 .cmsms_row_outer_parent { \n\tpadding-bottom: 70px; \n} \n\n \n#cmsms_heading_69e7453406f114_59969189 { \n\ttext-align:center; \n\tmargin-top:0px; \n\tmargin-bottom:0px; \n} \n\n#cmsms_heading_69e7453406f114_59969189 .cmsms_heading { \n\ttext-align:center; \n} \n\n#cmsms_heading_69e7453406f114_59969189 .cmsms_heading, #cmsms_heading_69e7453406f114_59969189 .cmsms_heading a { \n\tfont-weight:normal; \n\tfont-style:normal; \n} \n\n#cmsms_heading_69e7453406f114_59969189 .cmsms_heading_divider { \n} \n\n \n#cmsms_row_69e7453406f283_11620556 .cmsms_row_outer_parent { \n\tpadding-top: 0px; \n} \n\n#cmsms_row_69e7453406f283_11620556 .cmsms_row_outer_parent { \n\tpadding-bottom: 70px; \n} \n\n<\/style><div id=\"cmsms_row_69e7453406ed82_77775723\" class=\"cmsms_row cmsms_color_scheme_default\">\n<div class=\"cmsms_row_outer_parent\">\n<div class=\"cmsms_row_outer\">\n<div class=\"cmsms_row_inner\">\n<div class=\"cmsms_row_margin\">\n<div class=\"cmsms_column one_first\">\n\n<div id=\"cmsms_heading_69e7453406f114_59969189\" class=\"cmsms_heading_wrap cmsms_heading_align_center\">\n\t<h2 class=\"cmsms_heading\">Ole hyv\u00e4 ja t\u00e4yt\u00e4 alla oleva lomake hoitoajan varaamiseksi<\/h2>\n<\/div>\n<\/div>\n<\/div>\n<\/div>\n<\/div>\n<\/div>\n<\/div>\n<div id=\"cmsms_row_69e7453406f283_11620556\" class=\"cmsms_row cmsms_color_scheme_default\">\n<div class=\"cmsms_row_outer_parent\">\n<div class=\"cmsms_row_outer\">\n<div class=\"cmsms_row_inner\">\n<div class=\"cmsms_row_margin\">\n<div class=\"cmsms_column one_first\">\n<div class=\"cmsms_contact_form\">\n<div class=\"wpcf7 no-js\" id=\"wpcf7-f4772-o1\" lang=\"en-US\" dir=\"ltr\" data-wpcf7-id=\"4772\">\n<div class=\"screen-reader-response\"><p role=\"status\" aria-live=\"polite\" aria-atomic=\"true\"><\/p> <ul><\/ul><\/div>\n<form action=\"\/fi\/wp-json\/wp\/v2\/pages\/4773#wpcf7-f4772-o1\" method=\"post\" class=\"wpcf7-form init\" aria-label=\"Contact form\" novalidate=\"novalidate\" data-status=\"init\">\n<fieldset class=\"hidden-fields-container\"><input type=\"hidden\" name=\"_wpcf7\" value=\"4772\" \/><input type=\"hidden\" name=\"_wpcf7_version\" value=\"6.1.4\" \/><input type=\"hidden\" name=\"_wpcf7_locale\" value=\"en_US\" \/><input type=\"hidden\" name=\"_wpcf7_unit_tag\" value=\"wpcf7-f4772-o1\" \/><input type=\"hidden\" name=\"_wpcf7_container_post\" value=\"0\" \/><input type=\"hidden\" name=\"_wpcf7_posted_data_hash\" value=\"\" \/>\n<\/fieldset>\n<div class=\"one_half\">\n\t<p class=\"kontaktivorm\">Nimi *\n\t<\/p>\n\t<p><span class=\"wpcf7-form-control-wrap\" data-name=\"your-name\"><input size=\"40\" maxlength=\"400\" class=\"wpcf7-form-control wpcf7-text wpcf7-validates-as-required\" aria-required=\"true\" aria-invalid=\"false\" value=\"\" type=\"text\" name=\"your-name\" \/><\/span>\n\t<\/p>\n\t<p class=\"kontaktivorm\">Puhelin *\n\t<\/p>\n\t<p><span class=\"wpcf7-form-control-wrap\" data-name=\"your-phone\"><input size=\"40\" maxlength=\"400\" class=\"wpcf7-form-control wpcf7-tel wpcf7-validates-as-required wpcf7-text wpcf7-validates-as-tel\" aria-required=\"true\" aria-invalid=\"false\" value=\"\" type=\"tel\" name=\"your-phone\" \/><\/span>\n\t<\/p>\n\t<p class=\"kontaktivorm\">S\u00e4hk\u00f6posti *\n\t<\/p>\n\t<p><span class=\"wpcf7-form-control-wrap\" data-name=\"your-email\"><input size=\"40\" maxlength=\"400\" class=\"wpcf7-form-control wpcf7-email wpcf7-validates-as-required wpcf7-text wpcf7-validates-as-email\" aria-required=\"true\" aria-invalid=\"false\" value=\"\" type=\"email\" name=\"your-email\" \/><\/span>\n\t<\/p>\n\t<p class=\"kontaktivorm\">Valitse palvelu *\n\t<\/p>\n\t<p><span class=\"wpcf7-form-control-wrap\" data-name=\"menu-372\"><select class=\"wpcf7-form-control wpcf7-select wpcf7-validates-as-required\" aria-required=\"true\" aria-invalid=\"false\" name=\"menu-372\"><option value=\"\">&#8212;Please choose an option&#8212;<\/option><option value=\"kuuleminen\">kuuleminen<\/option><option value=\"hammaskoristeet\">hammaskoristeet<\/option><option value=\"airflow\">airflow<\/option><option value=\"fluorlakk\">fluorlakk<\/option><option value=\"kiillottamalla liimalla\">kiillottamalla liimalla<\/option><option value=\"hammaskiven poisto\">hammaskiven poisto<\/option><option value=\"t\u00e4ytteet\">t\u00e4ytteet<\/option><option value=\"leikkaus\">leikkaus<\/option><option value=\"proteeseja\">proteeseja<\/option><option value=\"parodontia\">parodontia<\/option><option value=\"laserterapia\">laserterapia<\/option><option value=\"valkaisu\">valkaisu<\/option><option value=\"Lumineers\">Lumineers<\/option><option value=\"componeerid\">componeerid<\/option><\/select><\/span>\n\t<\/p>\n<\/div>\n<div class=\"one_half\">\n\t<p class=\"kontaktivorm\">Lis\u00e4tietoja\n\t<\/p>\n\t<p><span class=\"wpcf7-form-control-wrap\" data-name=\"textarea-844\"><textarea cols=\"40\" rows=\"6\" maxlength=\"2000\" class=\"wpcf7-form-control wpcf7-textarea\" aria-invalid=\"false\" name=\"textarea-844\"><\/textarea><\/span>\n\t<\/p>\n\t<p class=\"kontaktivorm1\">Valitse p\u00e4iv\u00e4m\u00e4\u00e4r\u00e4 *\n\t<\/p>\n\t<p><span class=\"wpcf7-form-control-wrap\" data-name=\"date-779\"><input class=\"wpcf7-form-control wpcf7-date wpcf7-validates-as-required wpcf7-validates-as-date\" aria-required=\"true\" aria-invalid=\"false\" value=\"\" type=\"date\" name=\"date-779\" \/><\/span>\n\t<\/p>\n\t<p><input class=\"wpcf7-form-control wpcf7-submit has-spinner\" type=\"submit\" value=\"L\u00e4het\u00e4 se\" \/>\n\t<\/p>\n\t<p>* T\u00e4hdell\u00e4 merkityt kent\u00e4t ovat pakollisia\n\t<\/p>\n\t<p>Otamme yhteytt\u00e4 sinuun varauksen vahvistamiseksi!\n\t<\/p>\n<\/div><div class=\"wpcf7-response-output\" aria-hidden=\"true\"><\/div>\n<\/form>\n<\/div>\n<\/div>\n<\/div>\n<\/div>\n<\/div>\n<\/div>\n<\/div>\n<\/div>\n\n","protected":false},"excerpt":{"rendered":"","protected":false},"author":1,"featured_media":0,"parent":0,"menu_order":0,"comment_status":"closed","ping_status":"closed","template":"","meta":{"footnotes":""},"class_list":["post-4773","page","type-page","status-publish","hentry"],"aioseo_notices":[],"_links":{"self":[{"href":"https:\/\/hshambaravi.ee\/fi\/wp-json\/wp\/v2\/pages\/4773","targetHints":{"allow":["GET"]}}],"collection":[{"href":"https:\/\/hshambaravi.ee\/fi\/wp-json\/wp\/v2\/pages"}],"about":[{"href":"https:\/\/hshambaravi.ee\/fi\/wp-json\/wp\/v2\/types\/page"}],"author":[{"embeddable":true,"href":"https:\/\/hshambaravi.ee\/fi\/wp-json\/wp\/v2\/users\/1"}],"replies":[{"embeddable":true,"href":"https:\/\/hshambaravi.ee\/fi\/wp-json\/wp\/v2\/comments?post=4773"}],"version-history":[{"count":1,"href":"https:\/\/hshambaravi.ee\/fi\/wp-json\/wp\/v2\/pages\/4773\/revisions"}],"predecessor-version":[{"id":6121,"href":"https:\/\/hshambaravi.ee\/fi\/wp-json\/wp\/v2\/pages\/4773\/revisions\/6121"}],"wp:attachment":[{"href":"https:\/\/hshambaravi.ee\/fi\/wp-json\/wp\/v2\/media?parent=4773"}],"curies":[{"name":"wp","href":"https:\/\/api.w.org\/{rel}","templated":true}]}}