{"id":4749,"date":"2018-05-23T15:50:50","date_gmt":"2018-05-23T13:50:50","guid":{"rendered":"https:\/\/hshambaravi.ee\/?page_id=4749\/"},"modified":"2022-06-28T15:07:14","modified_gmt":"2022-06-28T13:07:14","slug":"tietoa-yrityksesta","status":"publish","type":"page","link":"https:\/\/hshambaravi.ee\/fi\/tietoa-yrityksesta\/","title":{"rendered":"Tietoa yrityksest\u00e4"},"content":{"rendered":"<style type=\"text\/css\"> \n#cmsms_row_69d982108ef0a5_78406497 .cmsms_row_outer_parent { \n\tpadding-top: 70px; \n} \n\n#cmsms_row_69d982108ef0a5_78406497 .cmsms_row_outer_parent { \n\tpadding-bottom: 50px; \n} \n\n \n#cmsms_heading_69d982108f09e8_91198612 { \n\ttext-align:left; \n\tmargin-top:0px; \n\tmargin-bottom:40px; \n} \n\n#cmsms_heading_69d982108f09e8_91198612 .cmsms_heading { \n\ttext-align:left; \n} \n\n#cmsms_heading_69d982108f09e8_91198612 .cmsms_heading, #cmsms_heading_69d982108f09e8_91198612 .cmsms_heading a { \n\tfont-weight:normal; \n\tfont-style:normal; \n} \n\n#cmsms_heading_69d982108f09e8_91198612 .cmsms_heading_divider { \n} \n\n \n#cmsms_row_69d982108f0c01_60919837 .cmsms_row_outer_parent { \n\tpadding-top: 0px; \n} \n\n#cmsms_row_69d982108f0c01_60919837 .cmsms_row_outer_parent { \n\tpadding-bottom: 0px; \n} \n\n#cmsms_row_69d982108f0c01_60919837 .cmsms_row_inner.cmsms_row_fullwidth { \n\tpadding-left:0%; \n} \n#cmsms_row_69d982108f0c01_60919837 .cmsms_row_inner.cmsms_row_fullwidth { \n\tpadding-right:0%; \n} \n \n#cmsms_divider_69d982108f0e54_43608051 { \n\tborder-bottom-width:1px; \n\tborder-bottom-style:solid; \n\tpadding-top:35px; \n\tmargin-bottom:0px; \n\tborder-bottom-color:rgba(229,229,229,0.8);\n} \n \n#cmsms_row_69d982108f0f53_30526599 { \n\tbackground-image: url(https:\/\/hshambaravi.ee\/wp-content\/uploads\/2015\/08\/05.jpg); \n\tbackground-position: top center; \n\tbackground-repeat: no-repeat; \n\tbackground-attachment: fixed; \n\tbackground-size: cover; \n} \n\n#cmsms_row_69d982108f0f53_30526599 .cmsms_row_outer_parent { \n\tpadding-top: 60px; \n} \n\n#cmsms_row_69d982108f0f53_30526599 .cmsms_row_outer_parent { \n\tpadding-bottom: 150px; \n} \n\n \n#cmsms_heading_69d982108f2275_53746766 { \n\ttext-align:left; \n\tmargin-top:0px; \n\tmargin-bottom:40px; \n} \n\n#cmsms_heading_69d982108f2275_53746766 .cmsms_heading { \n\ttext-align:left; \n} \n\n#cmsms_heading_69d982108f2275_53746766 .cmsms_heading, #cmsms_heading_69d982108f2275_53746766 .cmsms_heading a { \n\tfont-weight:normal; \n\tfont-style:normal; \n} \n\n#cmsms_heading_69d982108f2275_53746766 .cmsms_heading_divider { \n} \n\n \n#cmsms_heading_69d982108f2424_99192972 { \n\ttext-align:left; \n\tmargin-top:0px; \n\tmargin-bottom:40px; \n} \n\n#cmsms_heading_69d982108f2424_99192972 .cmsms_heading { \n\ttext-align:left; \n} \n\n#cmsms_heading_69d982108f2424_99192972 .cmsms_heading, #cmsms_heading_69d982108f2424_99192972 .cmsms_heading a { \n\tfont-weight:normal; \n\tfont-style:normal; \n} \n\n#cmsms_heading_69d982108f2424_99192972 .cmsms_heading_divider { \n} \n\n<\/style><div id=\"cmsms_row_69d982108ef0a5_78406497\" class=\"cmsms_row cmsms_color_scheme_default\">\n<div class=\"cmsms_row_outer_parent\">\n<div class=\"cmsms_row_outer\">\n<div class=\"cmsms_row_inner\">\n<div class=\"cmsms_row_margin\">\n<div class=\"cmsms_column one_half\">\n<div class=\"cmsms_img  cmsms_image_n\">\n<img decoding=\"async\" src=\"https:\/\/hshambaravi.ee\/wp-content\/uploads\/2018\/01\/0301-576x470.jpg\" \/>\n<\/div>\n<\/div>\n<div class=\"cmsms_column one_half\">\n\n<div id=\"cmsms_heading_69d982108f09e8_91198612\" class=\"cmsms_heading_wrap cmsms_heading_align_left\">\n\t<h2 class=\"cmsms_heading\">Happy Smile Hambaravi \u2013 Kaunista hymy\u00e4si varten<\/h2>\n<\/div><div class=\"cmsms_text\">\n<p>Happy Smile Hambaravi \u2013 uusi laadukas ja nykyaikaisesti varustettu hammasl\u00e4\u00e4k\u00e4riasema Tallinnan ydinkeskustassa.<\/p>\n<p>Hoidamme 20 vuoden kokemuksella sek\u00e4 aikuisia ett\u00e4 lapsia jokaisen potilaan tarpeet ja toivomukset huomioon ottaen.<\/p>\n<p>Hinnastomme on joustava. Takaamme laadukkaan lopputuloksen.<\/p>\n<\/div>\n<\/div>\n<\/div>\n<\/div>\n<\/div>\n<\/div>\n<\/div>\n<div id=\"cmsms_row_69d982108f0c01_60919837\" class=\"cmsms_row cmsms_color_scheme_default\">\n<div class=\"cmsms_row_outer_parent\">\n<div class=\"cmsms_row_outer\">\n<div class=\"cmsms_row_inner cmsms_row_fullwidth\">\n<div class=\"cmsms_row_margin\">\n<div class=\"cmsms_column one_first\">\n\n<div id=\"cmsms_divider_69d982108f0e54_43608051\" class=\"cmsms_divider cmsms_divider_width_long cmsms_divider_pos_center\"><\/div>\n<\/div>\n<\/div>\n<\/div>\n<\/div>\n<\/div>\n<\/div>\n<div id=\"cmsms_row_69d982108f0f53_30526599\" class=\"cmsms_row cmsms_color_scheme_fifth\" data-stellar-background-ratio=\"0.5\">\n<div class=\"cmsms_row_outer_parent\">\n<div class=\"cmsms_row_outer\">\n<div class=\"cmsms_row_inner\">\n<div class=\"cmsms_row_margin\">\n<div class=\"cmsms_column one_half\">\n\n<div id=\"cmsms_heading_69d982108f2275_53746766\" class=\"cmsms_heading_wrap cmsms_heading_align_left\">\n\t<h2 class=\"cmsms_heading\">Hammasl\u00e4\u00e4k\u00e4riaseman vastaava hammasl\u00e4\u00e4k\u00e4ri \u2013 Sergei \u017d\u017eonov, Happy Smile Hambaravi.<\/h2>\n<\/div><div class=\"cmsms_text\">\n<p>Hammasl\u00e4\u00e4k\u00e4ri Sergei \u017d\u017eonov on valmistunut Novosibirskin Hammasl\u00e4\u00e4ketietelliselt\u00e4 yliopistolta vuonna 1990. Yliopiston j\u00e4lkeen h\u00e4n ty\u00f6skenteli terveyskeskuksessa, ja nyt h\u00e4nell\u00e4 on yli 15 vuoden kokemus hammashoitoalalta. H\u00e4n osallistuu edelleen s\u00e4\u00e4nn\u00f6llisesti alan t\u00e4ydennyskursseille Virossa ja ulkomailla.<\/p>\n<\/div>\n\n<div id=\"cmsms_heading_69d982108f2424_99192972\" class=\"cmsms_heading_wrap cmsms_heading_align_left\">\n\t<h2 class=\"cmsms_heading\">Sergei Zzonov kertoo itsest\u00e4\u00e4n:<\/h2>\n<\/div><div class=\"cmsms_text\">\n<p>Lapsuudesta asti olen haaveillut ihmisten pelastamisesta ja auttamisesta. Lukion j\u00e4lkeen ymm\u00e4rsin, ett\u00e4 minun kutsumusammattini on hammasl\u00e4\u00e4k\u00e4ri, koska siin\u00e4 on yhdistetty minun molemmat haaveni.<\/p>\n<p>Pid\u00e4n ty\u00f6st\u00e4ni, koska jokainen potilastapaus on ainutlaatuinen ja jokainen potilas tarvitsee henkil\u00f6kohtaista palvelua.<\/p>\n<p>Pid\u00e4n siit\u00e4, ett\u00e4 voin olla potilaille avuksi, pid\u00e4n seurata, kuinka ihmisten hymyt muuttuvat ja potilaat l\u00e4htev\u00e4t vastaanotolta tyytyv\u00e4isin\u00e4, heid\u00e4n ongelmat on ratkaistu, eik\u00e4 en\u00e4\u00e4 ole s\u00e4rky\u00e4. Pid\u00e4n potilaiden hymyist\u00e4!<\/p>\n<p><strong>Toivon kaikille potilaille terveytt\u00e4 ja kaunista hymy\u00e4!<\/strong><\/p>\n<\/div>\n<\/div>\n<div class=\"cmsms_column one_half\">\n<div class=\"cmsms_img  cmsms_image_n\">\n<img decoding=\"async\" src=\"https:\/\/hshambaravi.ee\/wp-content\/uploads\/2018\/01\/hambaarst.jpg\" \/>\n<\/div>\n<\/div>\n<\/div>\n<\/div>\n<\/div>\n<\/div>\n<\/div>\n\n","protected":false},"excerpt":{"rendered":"","protected":false},"author":1,"featured_media":0,"parent":0,"menu_order":0,"comment_status":"closed","ping_status":"open","template":"","meta":{"footnotes":""},"class_list":["post-4749","page","type-page","status-publish","hentry"],"aioseo_notices":[],"_links":{"self":[{"href":"https:\/\/hshambaravi.ee\/fi\/wp-json\/wp\/v2\/pages\/4749","targetHints":{"allow":["GET"]}}],"collection":[{"href":"https:\/\/hshambaravi.ee\/fi\/wp-json\/wp\/v2\/pages"}],"about":[{"href":"https:\/\/hshambaravi.ee\/fi\/wp-json\/wp\/v2\/types\/page"}],"author":[{"embeddable":true,"href":"https:\/\/hshambaravi.ee\/fi\/wp-json\/wp\/v2\/users\/1"}],"replies":[{"embeddable":true,"href":"https:\/\/hshambaravi.ee\/fi\/wp-json\/wp\/v2\/comments?post=4749"}],"version-history":[{"count":1,"href":"https:\/\/hshambaravi.ee\/fi\/wp-json\/wp\/v2\/pages\/4749\/revisions"}],"predecessor-version":[{"id":6133,"href":"https:\/\/hshambaravi.ee\/fi\/wp-json\/wp\/v2\/pages\/4749\/revisions\/6133"}],"wp:attachment":[{"href":"https:\/\/hshambaravi.ee\/fi\/wp-json\/wp\/v2\/media?parent=4749"}],"curies":[{"name":"wp","href":"https:\/\/api.w.org\/{rel}","templated":true}]}}