{"id":4739,"date":"2018-05-23T15:44:02","date_gmt":"2018-05-23T13:44:02","guid":{"rendered":"https:\/\/hshambaravi.ee\/?page_id=4739\/"},"modified":"2022-06-28T16:14:12","modified_gmt":"2022-06-28T14:14:12","slug":"palvelut","status":"publish","type":"page","link":"https:\/\/hshambaravi.ee\/fi\/palvelut\/","title":{"rendered":"Palvelut"},"content":{"rendered":"<style type=\"text\/css\"> \n#cmsms_row_69f5cc48baf6e0_66557746 .cmsms_row_outer_parent { \n\tpadding-bottom: 20px; \n} \n\n \n#cmsms_heading_69f5cc48bafb86_08565354 { \n\ttext-align:center; \n\tmargin-top:50px; \n\tmargin-bottom:50px; \n} \n\n#cmsms_heading_69f5cc48bafb86_08565354 .cmsms_heading { \n\ttext-align:center; \n} \n\n#cmsms_heading_69f5cc48bafb86_08565354 .cmsms_heading, #cmsms_heading_69f5cc48bafb86_08565354 .cmsms_heading a { \n\tfont-weight:normal; \n\tfont-style:normal; \n} \n\n#cmsms_heading_69f5cc48bafb86_08565354 .cmsms_heading_divider { \n} \n\n \n#cmsms_row_69f5cc48bafe58_61574233 .cmsms_row_outer_parent { \n\tpadding-top: 40px; \n} \n\n#cmsms_row_69f5cc48bafe58_61574233 .cmsms_row_outer_parent { \n\tpadding-bottom: 0px; \n} \n\n \n#cmsms_divider_69f5cc48bb00c1_51177091 { \n\tborder-bottom-width:1px; \n\tborder-bottom-style:double; \n\tpadding-top:50px; \n\tmargin-bottom:50px; \n} \n \n#cmsms_row_69f5cc48bb0194_98878854 .cmsms_row_outer_parent { \n\tpadding-top: 20px; \n} \n\n#cmsms_row_69f5cc48bb0194_98878854 .cmsms_row_outer_parent { \n\tpadding-bottom: 100px; \n} \n\n \n#cmsms_heading_69f5cc48bb0457_99116906 { \n\ttext-align:center; \n\tmargin-top:0px; \n\tmargin-bottom:20px; \n} \n\n#cmsms_heading_69f5cc48bb0457_99116906 .cmsms_heading { \n\ttext-align:center; \n} \n\n#cmsms_heading_69f5cc48bb0457_99116906 .cmsms_heading, #cmsms_heading_69f5cc48bb0457_99116906 .cmsms_heading a { \n\tfont-weight:normal; \n\tfont-style:normal; \n} \n\n#cmsms_heading_69f5cc48bb0457_99116906 .cmsms_heading_divider { \n} \n\n\n#cmsms_button_69f5cc48bb0577_34141766 { \n\ttext-align:center; \n} \n\n#cmsms_button_69f5cc48bb0577_34141766 .cmsms_button:before { \n\tmargin-right:.5em; \n\tmargin-left:0; \n\tvertical-align:baseline; \n} \n\n#cmsms_button_69f5cc48bb0577_34141766 .cmsms_button { \n\tfont-weight:normal; \n\tfont-style:normal; \n\tborder-style:solid; \n} \n#cmsms_button_69f5cc48bb0577_34141766 .cmsms_button:hover { \n} \n<\/style><div id=\"cmsms_row_69f5cc48baf6e0_66557746\" class=\"cmsms_row cmsms_color_scheme_default\">\n<div class=\"cmsms_row_outer_parent\">\n<div class=\"cmsms_row_outer\">\n<div class=\"cmsms_row_inner\">\n<div class=\"cmsms_row_margin\">\n<div class=\"cmsms_column one_first\">\n\n<div id=\"cmsms_heading_69f5cc48bafb86_08565354\" class=\"cmsms_heading_wrap cmsms_heading_align_center\">\n\t<h2 class=\"cmsms_heading\">Henkil\u00f6kohtainen palvelu<\/h2>\n<\/div><div class=\"cmsms_text\">\n<p><img loading=\"lazy\" decoding=\"async\" class=\"alignright size-full wp-image-4523\" src=\"https:\/\/hshambaravi.ee\/wp-content\/uploads\/2018\/02\/teenused.jpg\" alt=\"\" width=\"200\" height=\"300\" \/>Pyrimme ty\u00f6ss\u00e4mme siihen, ett\u00e4 jokainen potilas saisi henkil\u00f6kohtaista ja korkeatasoista palvelua ja siihen, ett\u00e4 hoitok\u00e4ynnin j\u00e4lkeen potilaille j\u00e4isi vain positiivisia kokemuksia.<\/p>\n<p>Vasemmalta palstalta l\u00f6ytyy lyhyt kertomus meid\u00e4n palveluistamme. Konsultaation j\u00e4lkeen saatte tiet\u00e4\u00e4 hoidon lopullisen hinnan.<\/p>\n<p>Odotamme Teit\u00e4 Tallinnan keskustassa, Admiraali maja talossa.<\/p>\n<\/div>\n<\/div>\n<\/div>\n<\/div>\n<\/div>\n<\/div>\n<\/div>\n<div id=\"cmsms_row_69f5cc48bafe58_61574233\" class=\"cmsms_row cmsms_color_scheme_default\">\n<div class=\"cmsms_row_outer_parent\">\n<div class=\"cmsms_row_outer\">\n<div class=\"cmsms_row_inner\">\n<div class=\"cmsms_row_margin\">\n<div class=\"cmsms_column one_first\">\n\n<div id=\"cmsms_divider_69f5cc48bb00c1_51177091\" class=\"cmsms_divider cmsms_divider_width_long cmsms_divider_pos_center\"><\/div>\n<\/div>\n<\/div>\n<\/div>\n<\/div>\n<\/div>\n<\/div>\n<div id=\"cmsms_row_69f5cc48bb0194_98878854\" class=\"cmsms_row cmsms_color_scheme_default\">\n<div class=\"cmsms_row_outer_parent\">\n<div class=\"cmsms_row_outer\">\n<div class=\"cmsms_row_inner\">\n<div class=\"cmsms_row_margin\">\n<div class=\"cmsms_column one_first\">\n\n<div id=\"cmsms_heading_69f5cc48bb0457_99116906\" class=\"cmsms_heading_wrap cmsms_heading_align_center\" data-animation=\"bounceIn\" data-delay=\"0\">\n\t<h2 class=\"cmsms_heading\">Varaa ilmainen konsultointi!<\/h2>\n<\/div>\n<div id=\"cmsms_button_69f5cc48bb0577_34141766\" class=\"button_wrap\"><a href=\"https:\/\/hshambaravi.ee\/fi\/ilmaiset-tiedotukset\/\" class=\"cmsms_button\" data-animation=\"bounceIn\" data-delay=\"0\"><span>Varaa aika<\/span><\/a><\/div>\n<\/div>\n<\/div>\n<\/div>\n<\/div>\n<\/div>\n<\/div>\n\n","protected":false},"excerpt":{"rendered":"","protected":false},"author":1,"featured_media":0,"parent":0,"menu_order":0,"comment_status":"closed","ping_status":"open","template":"","meta":{"footnotes":""},"class_list":["post-4739","page","type-page","status-publish","hentry"],"aioseo_notices":[],"_links":{"self":[{"href":"https:\/\/hshambaravi.ee\/fi\/wp-json\/wp\/v2\/pages\/4739","targetHints":{"allow":["GET"]}}],"collection":[{"href":"https:\/\/hshambaravi.ee\/fi\/wp-json\/wp\/v2\/pages"}],"about":[{"href":"https:\/\/hshambaravi.ee\/fi\/wp-json\/wp\/v2\/types\/page"}],"author":[{"embeddable":true,"href":"https:\/\/hshambaravi.ee\/fi\/wp-json\/wp\/v2\/users\/1"}],"replies":[{"embeddable":true,"href":"https:\/\/hshambaravi.ee\/fi\/wp-json\/wp\/v2\/comments?post=4739"}],"version-history":[{"count":1,"href":"https:\/\/hshambaravi.ee\/fi\/wp-json\/wp\/v2\/pages\/4739\/revisions"}],"predecessor-version":[{"id":6184,"href":"https:\/\/hshambaravi.ee\/fi\/wp-json\/wp\/v2\/pages\/4739\/revisions\/6184"}],"wp:attachment":[{"href":"https:\/\/hshambaravi.ee\/fi\/wp-json\/wp\/v2\/media?parent=4739"}],"curies":[{"name":"wp","href":"https:\/\/api.w.org\/{rel}","templated":true}]}}