{"id":4733,"date":"2018-05-23T15:40:35","date_gmt":"2018-05-23T13:40:35","guid":{"rendered":"https:\/\/hshambaravi.ee\/?page_id=4733\/"},"modified":"2022-06-28T16:11:03","modified_gmt":"2022-06-28T14:11:03","slug":"paikkaus","status":"publish","type":"page","link":"https:\/\/hshambaravi.ee\/fi\/paikkaus\/","title":{"rendered":"Paikkaus"},"content":{"rendered":"<style type=\"text\/css\"> \n#cmsms_row_69e48b53f28430_29932674 .cmsms_row_outer_parent { \n\tpadding-bottom: 20px; \n} \n\n \n#cmsms_heading_69e48b53f28c70_90716308 { \n\ttext-align:center; \n\tmargin-top:50px; \n\tmargin-bottom:50px; \n} \n\n#cmsms_heading_69e48b53f28c70_90716308 .cmsms_heading { \n\ttext-align:center; \n} \n\n#cmsms_heading_69e48b53f28c70_90716308 .cmsms_heading, #cmsms_heading_69e48b53f28c70_90716308 .cmsms_heading a { \n\tfont-weight:normal; \n\tfont-style:normal; \n} \n\n#cmsms_heading_69e48b53f28c70_90716308 .cmsms_heading_divider { \n} \n\n \n#cmsms_row_69e48b53f29370_62393085 .cmsms_row_outer_parent { \n\tpadding-top: 0px; \n} \n\n#cmsms_row_69e48b53f29370_62393085 .cmsms_row_outer_parent { \n\tpadding-bottom: 0px; \n} \n\n \n#cmsms_divider_69e48b53f296f2_83235069 { \n\tborder-bottom-width:1px; \n\tborder-bottom-style:double; \n\tpadding-top:50px; \n\tmargin-bottom:50px; \n} \n \n#cmsms_row_69e48b53f29866_82278563 .cmsms_row_outer_parent { \n\tpadding-top: 20px; \n} \n\n#cmsms_row_69e48b53f29866_82278563 .cmsms_row_outer_parent { \n\tpadding-bottom: 100px; \n} \n\n \n#cmsms_heading_69e48b53f29ae7_04291392 { \n\ttext-align:center; \n\tmargin-top:0px; \n\tmargin-bottom:20px; \n} \n\n#cmsms_heading_69e48b53f29ae7_04291392 .cmsms_heading { \n\ttext-align:center; \n} \n\n#cmsms_heading_69e48b53f29ae7_04291392 .cmsms_heading, #cmsms_heading_69e48b53f29ae7_04291392 .cmsms_heading a { \n\tfont-weight:normal; \n\tfont-style:normal; \n} \n\n#cmsms_heading_69e48b53f29ae7_04291392 .cmsms_heading_divider { \n} \n\n\n#cmsms_button_69e48b53f29bf4_09512618 { \n\ttext-align:center; \n} \n\n#cmsms_button_69e48b53f29bf4_09512618 .cmsms_button:before { \n\tmargin-right:.5em; \n\tmargin-left:0; \n\tvertical-align:baseline; \n} \n\n#cmsms_button_69e48b53f29bf4_09512618 .cmsms_button { \n\tfont-weight:normal; \n\tfont-style:normal; \n\tborder-style:solid; \n} \n#cmsms_button_69e48b53f29bf4_09512618 .cmsms_button:hover { \n} \n<\/style><div id=\"cmsms_row_69e48b53f28430_29932674\" class=\"cmsms_row cmsms_color_scheme_default\">\n<div class=\"cmsms_row_outer_parent\">\n<div class=\"cmsms_row_outer\">\n<div class=\"cmsms_row_inner\">\n<div class=\"cmsms_row_margin\">\n<div class=\"cmsms_column one_first\">\n\n<div id=\"cmsms_heading_69e48b53f28c70_90716308\" class=\"cmsms_heading_wrap cmsms_heading_align_center\">\n\t<h2 class=\"cmsms_heading\">Hampaan t\u00e4ytteet eli paikat<\/h2>\n<\/div><div class=\"cmsms_text\">\n<h3><span style=\"font-size: 18pt;\">Miksi karies pit\u00e4\u00e4 hoitaa heti?<\/span><\/h3>\n<p>Ellei kariesta aleta hoitaa ajoissa, se alkaa levit\u00e4 ja voi aiheuttaa pulpiitin ja periondontiitin synnyn. Se voi puolestaan johtaa jopa hampaan poistoon.<\/p>\n<h3><span style=\"font-size: 18pt;\">Kuinka kariesta hoidetaan?<\/span><\/h3>\n<p>Karieksen hammashoito alkaa vaurioituneiden hammaskerrosten poistamisella. Sen j\u00e4lkeen tapahtuu poistettujen kerrosten t\u00e4ytt\u00e4minen t\u00e4ytemateriaaleilla. Nykyaikainen hammashoito vaatii, ett\u00e4 t\u00e4ytteet olisivat korkealaatuisia ja vahvoja. Samoin, ett\u00e4 olisi vain pieni v\u00e4heneminen polimerisaation aikana; t\u00e4yte olisi esteettinen, biosopiva hampaiden pintaan n\u00e4hden jne.<\/p>\n<p>Happy Smile Hambaravi k\u00e4ytt\u00e4\u00e4 pelk\u00e4st\u00e4\u00e4n nykyaikaisia menetelmi\u00e4, jotka t\u00e4ytt\u00e4v\u00e4t kaikki edell\u00e4 mainitut vaatimukset. Voidaan lis\u00e4t\u00e4 my\u00f6s, ett\u00e4 nykyaikaiset t\u00e4ytemateriaalit ovat vahvuudeltaan verrattavissa hampaan kiiltoon ja kovettumisen vetoj\u00e4nnite vastaa hampaan lujuutta. Siten nyky\u00e4\u00e4n esiintyy asennetun t\u00e4ytteen irtoamista harvoin.<\/p>\n<h3><span style=\"font-size: 18pt;\">Hampaan t\u00e4ytteet eli paikat hammashoidossa<\/span><\/h3>\n<p>T\u00e4ytteell\u00e4 plakin vaurioittama hammas palautetaan normaaliin toimintaansa ja muotoon. Kun hammasl\u00e4\u00e4k\u00e4ri panee hampaaseen paikan, h\u00e4n poistaa ensin hajonneen hammasmateriaalin, puhdistaa vaurioituneen alueen ja t\u00e4ytt\u00e4\u00e4 sen j\u00e4lkeen puhdistetun ontelon t\u00e4ytemateriaalilla.<\/p>\n<p>T\u00e4yte sulkee samalla kanavat, joiden kautta bakteerit p\u00e4\u00e4sisiv\u00e4t sis\u00e4\u00e4n, ja auttaa v\u00e4ltt\u00e4m\u00e4\u00e4n hampaan hajoamista.<\/p>\n<h3><span style=\"font-size: 18pt;\">Millaisia hampaan paikkoja k\u00e4ytet\u00e4\u00e4n?<\/span><\/h3>\n<p>T\u00e4ytemateriaali riippuu potilaan henkil\u00f6kohtaisista ominaisuuksista. K\u00e4yt\u00e4mme ty\u00f6ss\u00e4mme valokovetettavia t\u00e4ytteit\u00e4.<\/p>\n<h3><span style=\"font-size: 18pt;\">Millainen hampaan paikka on paras?<\/span><\/h3>\n<p>Ei ole mit\u00e4\u00e4n tietyn tyyppist\u00e4 paikkaa, joka olisi paras kaikille. Sinulle sopivin hampaan paikka riippuu parantamista tarvitsevan hampaan vaurion laajuudesta ja siit\u00e4, onko sinulla jokin allergia jotain materiaalia kohtaan; mill\u00e4 alueella suussa t\u00e4ytett\u00e4 tarvitaan ja lopulta my\u00f6s sen hinnasta.<\/p>\n<p>Mik\u00e4li haluat lis\u00e4tietoja siit\u00e4, miksi sinulle halutaan panna juuri jonkin tyyppinen hammaspaikka, kysy rohkeasti lis\u00e4tietoja hammasl\u00e4\u00e4k\u00e4rilt\u00e4si.<\/p>\n<\/div>\n<\/div>\n<\/div>\n<\/div>\n<\/div>\n<\/div>\n<\/div>\n<div id=\"cmsms_row_69e48b53f29370_62393085\" class=\"cmsms_row cmsms_color_scheme_default\">\n<div class=\"cmsms_row_outer_parent\">\n<div class=\"cmsms_row_outer\">\n<div class=\"cmsms_row_inner\">\n<div class=\"cmsms_row_margin\">\n<div class=\"cmsms_column one_first\">\n\n<div id=\"cmsms_divider_69e48b53f296f2_83235069\" class=\"cmsms_divider cmsms_divider_width_long cmsms_divider_pos_center\"><\/div>\n<\/div>\n<\/div>\n<\/div>\n<\/div>\n<\/div>\n<\/div>\n<div id=\"cmsms_row_69e48b53f29866_82278563\" class=\"cmsms_row cmsms_color_scheme_default\">\n<div class=\"cmsms_row_outer_parent\">\n<div class=\"cmsms_row_outer\">\n<div class=\"cmsms_row_inner\">\n<div class=\"cmsms_row_margin\">\n<div class=\"cmsms_column one_first\">\n\n<div id=\"cmsms_heading_69e48b53f29ae7_04291392\" class=\"cmsms_heading_wrap cmsms_heading_align_center\" data-animation=\"bounceIn\" data-delay=\"0\">\n\t<h2 class=\"cmsms_heading\">Varaa hoitoaika!<\/h2>\n<\/div>\n<div id=\"cmsms_button_69e48b53f29bf4_09512618\" class=\"button_wrap\"><a href=\"https:\/\/hshambaravi.ee\/fi\/varaa-hoitoaika\/\" class=\"cmsms_button\" data-animation=\"bounceIn\" data-delay=\"0\"><span>Varaa aika<\/span><\/a><\/div>\n<\/div>\n<\/div>\n<\/div>\n<\/div>\n<\/div>\n<\/div>\n\n","protected":false},"excerpt":{"rendered":"","protected":false},"author":1,"featured_media":0,"parent":0,"menu_order":0,"comment_status":"closed","ping_status":"closed","template":"","meta":{"footnotes":""},"class_list":["post-4733","page","type-page","status-publish","hentry"],"aioseo_notices":[],"_links":{"self":[{"href":"https:\/\/hshambaravi.ee\/fi\/wp-json\/wp\/v2\/pages\/4733","targetHints":{"allow":["GET"]}}],"collection":[{"href":"https:\/\/hshambaravi.ee\/fi\/wp-json\/wp\/v2\/pages"}],"about":[{"href":"https:\/\/hshambaravi.ee\/fi\/wp-json\/wp\/v2\/types\/page"}],"author":[{"embeddable":true,"href":"https:\/\/hshambaravi.ee\/fi\/wp-json\/wp\/v2\/users\/1"}],"replies":[{"embeddable":true,"href":"https:\/\/hshambaravi.ee\/fi\/wp-json\/wp\/v2\/comments?post=4733"}],"version-history":[{"count":1,"href":"https:\/\/hshambaravi.ee\/fi\/wp-json\/wp\/v2\/pages\/4733\/revisions"}],"predecessor-version":[{"id":6178,"href":"https:\/\/hshambaravi.ee\/fi\/wp-json\/wp\/v2\/pages\/4733\/revisions\/6178"}],"wp:attachment":[{"href":"https:\/\/hshambaravi.ee\/fi\/wp-json\/wp\/v2\/media?parent=4733"}],"curies":[{"name":"wp","href":"https:\/\/api.w.org\/{rel}","templated":true}]}}