{"id":4724,"date":"2018-05-23T15:36:14","date_gmt":"2018-05-23T13:36:14","guid":{"rendered":"https:\/\/hshambaravi.ee\/?page_id=4724\/"},"modified":"2022-06-28T16:08:10","modified_gmt":"2022-06-28T14:08:10","slug":"proteesit","status":"publish","type":"page","link":"https:\/\/hshambaravi.ee\/fi\/proteesit\/","title":{"rendered":"Proteesit"},"content":{"rendered":"<style type=\"text\/css\"> \n#cmsms_row_69da1e3a2ae913_61822907 .cmsms_row_outer_parent { \n\tpadding-bottom: 20px; \n} \n\n \n#cmsms_heading_69da1e3a2aee69_65740360 { \n\ttext-align:center; \n\tmargin-top:50px; \n\tmargin-bottom:50px; \n} \n\n#cmsms_heading_69da1e3a2aee69_65740360 .cmsms_heading { \n\ttext-align:center; \n} \n\n#cmsms_heading_69da1e3a2aee69_65740360 .cmsms_heading, #cmsms_heading_69da1e3a2aee69_65740360 .cmsms_heading a { \n\tfont-weight:normal; \n\tfont-style:normal; \n} \n\n#cmsms_heading_69da1e3a2aee69_65740360 .cmsms_heading_divider { \n} \n\n \n#cmsms_row_69da1e3a2af1c0_89213994 .cmsms_row_outer_parent { \n\tpadding-top: 0px; \n} \n\n#cmsms_row_69da1e3a2af1c0_89213994 .cmsms_row_outer_parent { \n\tpadding-bottom: 80px; \n} \n\n \n#cmsms_icon_box_69da1e3a2b0067_97865927 { \n\tborder-width:1px; \n\t-webkit-border-radius:10px; \n\tborder-radius:10px; \n\tbackground-color:#ffffff;\n\tborder-color:rgba(229,229,229,0.8);\n} \n\n#cmsms_icon_box_69da1e3a2b0067_97865927:before, \n#cmsms_icon_box_69da1e3a2b0067_97865927 .icon_box_heading:before { \n\tfont-size:30px; \n\tline-height:60px; \n\twidth:60px; \n\theight:60px; \n\tborder-width:0px; \n\t-webkit-border-radius:50%; \n\tborder-radius:50%; \n\tcolor:#ffffff;\n} \n\n#cmsms_icon_box_69da1e3a2b0067_97865927.cmsms_icon_heading_left, \n#cmsms_icon_box_69da1e3a2b0067_97865927.cmsms_icon_top, \n#cmsms_icon_box_69da1e3a2b0067_97865927.cmsms_icon_box_left_top { \n\tpadding:30px 20px; } \n\n#cmsms_icon_box_69da1e3a2b0067_97865927.cmsms_icon_top:before { \n\ttop:30px;} \n\n#cmsms_icon_box_69da1e3a2b0067_97865927.cmsms_icon_box_left, \n#cmsms_icon_box_69da1e3a2b0067_97865927.cmsms_icon_box_left_top { \n\tpadding-left:60px; \n\tmargin-left:30px; \n\t} \n\n#cmsms_icon_box_69da1e3a2b0067_97865927.cmsms_icon_box_left:before, \n#cmsms_icon_box_69da1e3a2b0067_97865927.cmsms_icon_box_left_top:before { \n\tleft:-30px; \n\t} \n\n#cmsms_icon_box_69da1e3a2b0067_97865927.cmsms_icon_box_left_top { \n\tpadding-top:30px; \n\tmargin-top:30px; \n\t} \n\n#cmsms_icon_box_69da1e3a2b0067_97865927.cmsms_icon_box_left_top:before { \n\tmargin-top:-30px; \n\t} \n\n#cmsms_icon_box_69da1e3a2b0067_97865927:before { \n\tcontent:'1'; \n} \n \n#cmsms_icon_box_69da1e3a2b0385_55993304 { \n\tborder-width:1px; \n\t-webkit-border-radius:10px; \n\tborder-radius:10px; \n\tbackground-color:#ffffff;\n\tborder-color:rgba(229,229,229,0.8);\n} \n\n#cmsms_icon_box_69da1e3a2b0385_55993304:before, \n#cmsms_icon_box_69da1e3a2b0385_55993304 .icon_box_heading:before { \n\tfont-size:30px; \n\tline-height:60px; \n\twidth:60px; \n\theight:60px; \n\tborder-width:0px; \n\t-webkit-border-radius:50%; \n\tborder-radius:50%; \n\tcolor:#ffffff;\n} \n\n#cmsms_icon_box_69da1e3a2b0385_55993304.cmsms_icon_heading_left, \n#cmsms_icon_box_69da1e3a2b0385_55993304.cmsms_icon_top, \n#cmsms_icon_box_69da1e3a2b0385_55993304.cmsms_icon_box_left_top { \n\tpadding:30px 20px; } \n\n#cmsms_icon_box_69da1e3a2b0385_55993304.cmsms_icon_top:before { \n\ttop:30px;} \n\n#cmsms_icon_box_69da1e3a2b0385_55993304.cmsms_icon_box_left, \n#cmsms_icon_box_69da1e3a2b0385_55993304.cmsms_icon_box_left_top { \n\tpadding-left:60px; \n\tmargin-left:30px; \n\t} \n\n#cmsms_icon_box_69da1e3a2b0385_55993304.cmsms_icon_box_left:before, \n#cmsms_icon_box_69da1e3a2b0385_55993304.cmsms_icon_box_left_top:before { \n\tleft:-30px; \n\t} \n\n#cmsms_icon_box_69da1e3a2b0385_55993304.cmsms_icon_box_left_top { \n\tpadding-top:30px; \n\tmargin-top:30px; \n\t} \n\n#cmsms_icon_box_69da1e3a2b0385_55993304.cmsms_icon_box_left_top:before { \n\tmargin-top:-30px; \n\t} \n\n#cmsms_icon_box_69da1e3a2b0385_55993304:before { \n\tcontent:'2'; \n} \n \n#cmsms_icon_box_69da1e3a2b0660_28135124 { \n\tborder-width:1px; \n\t-webkit-border-radius:10px; \n\tborder-radius:10px; \n\tbackground-color:#ffffff;\n\tborder-color:rgba(229,229,229,0.8);\n} \n\n#cmsms_icon_box_69da1e3a2b0660_28135124:before, \n#cmsms_icon_box_69da1e3a2b0660_28135124 .icon_box_heading:before { \n\tfont-size:30px; \n\tline-height:60px; \n\twidth:60px; \n\theight:60px; \n\tborder-width:0px; \n\t-webkit-border-radius:50%; \n\tborder-radius:50%; \n\tcolor:#ffffff;\n} \n\n#cmsms_icon_box_69da1e3a2b0660_28135124.cmsms_icon_heading_left, \n#cmsms_icon_box_69da1e3a2b0660_28135124.cmsms_icon_top, \n#cmsms_icon_box_69da1e3a2b0660_28135124.cmsms_icon_box_left_top { \n\tpadding:30px 20px; } \n\n#cmsms_icon_box_69da1e3a2b0660_28135124.cmsms_icon_top:before { \n\ttop:30px;} \n\n#cmsms_icon_box_69da1e3a2b0660_28135124.cmsms_icon_box_left, \n#cmsms_icon_box_69da1e3a2b0660_28135124.cmsms_icon_box_left_top { \n\tpadding-left:60px; \n\tmargin-left:30px; \n\t} \n\n#cmsms_icon_box_69da1e3a2b0660_28135124.cmsms_icon_box_left:before, \n#cmsms_icon_box_69da1e3a2b0660_28135124.cmsms_icon_box_left_top:before { \n\tleft:-30px; \n\t} \n\n#cmsms_icon_box_69da1e3a2b0660_28135124.cmsms_icon_box_left_top { \n\tpadding-top:30px; \n\tmargin-top:30px; \n\t} \n\n#cmsms_icon_box_69da1e3a2b0660_28135124.cmsms_icon_box_left_top:before { \n\tmargin-top:-30px; \n\t} \n\n#cmsms_icon_box_69da1e3a2b0660_28135124:before { \n\tcontent:'3'; \n} \n \n#cmsms_icon_box_69da1e3a2b08a1_45259474 { \n\tborder-width:1px; \n\t-webkit-border-radius:10px; \n\tborder-radius:10px; \n\tbackground-color:#ffffff;\n\tborder-color:rgba(229,229,229,0.8);\n} \n\n#cmsms_icon_box_69da1e3a2b08a1_45259474:before, \n#cmsms_icon_box_69da1e3a2b08a1_45259474 .icon_box_heading:before { \n\tfont-size:30px; \n\tline-height:60px; \n\twidth:60px; \n\theight:60px; \n\tborder-width:0px; \n\t-webkit-border-radius:50%; \n\tborder-radius:50%; \n\tcolor:#ffffff;\n} \n\n#cmsms_icon_box_69da1e3a2b08a1_45259474.cmsms_icon_heading_left, \n#cmsms_icon_box_69da1e3a2b08a1_45259474.cmsms_icon_top, \n#cmsms_icon_box_69da1e3a2b08a1_45259474.cmsms_icon_box_left_top { \n\tpadding:30px 20px; } \n\n#cmsms_icon_box_69da1e3a2b08a1_45259474.cmsms_icon_top:before { \n\ttop:30px;} \n\n#cmsms_icon_box_69da1e3a2b08a1_45259474.cmsms_icon_box_left, \n#cmsms_icon_box_69da1e3a2b08a1_45259474.cmsms_icon_box_left_top { \n\tpadding-left:60px; \n\tmargin-left:30px; \n\t} \n\n#cmsms_icon_box_69da1e3a2b08a1_45259474.cmsms_icon_box_left:before, \n#cmsms_icon_box_69da1e3a2b08a1_45259474.cmsms_icon_box_left_top:before { \n\tleft:-30px; \n\t} \n\n#cmsms_icon_box_69da1e3a2b08a1_45259474.cmsms_icon_box_left_top { \n\tpadding-top:30px; \n\tmargin-top:30px; \n\t} \n\n#cmsms_icon_box_69da1e3a2b08a1_45259474.cmsms_icon_box_left_top:before { \n\tmargin-top:-30px; \n\t} \n\n#cmsms_icon_box_69da1e3a2b08a1_45259474:before { \n\tcontent:'4'; \n} \n \n#cmsms_icon_box_69da1e3a2b0a69_89384213 { \n\tborder-width:1px; \n\t-webkit-border-radius:10px; \n\tborder-radius:10px; \n\tbackground-color:#ffffff;\n\tborder-color:rgba(229,229,229,0.8);\n} \n\n#cmsms_icon_box_69da1e3a2b0a69_89384213:before, \n#cmsms_icon_box_69da1e3a2b0a69_89384213 .icon_box_heading:before { \n\tfont-size:30px; \n\tline-height:60px; \n\twidth:60px; \n\theight:60px; \n\tborder-width:0px; \n\t-webkit-border-radius:50%; \n\tborder-radius:50%; \n\tcolor:#ffffff;\n} \n\n#cmsms_icon_box_69da1e3a2b0a69_89384213.cmsms_icon_heading_left, \n#cmsms_icon_box_69da1e3a2b0a69_89384213.cmsms_icon_top, \n#cmsms_icon_box_69da1e3a2b0a69_89384213.cmsms_icon_box_left_top { \n\tpadding:30px 20px; } \n\n#cmsms_icon_box_69da1e3a2b0a69_89384213.cmsms_icon_top:before { \n\ttop:30px;} \n\n#cmsms_icon_box_69da1e3a2b0a69_89384213.cmsms_icon_box_left, \n#cmsms_icon_box_69da1e3a2b0a69_89384213.cmsms_icon_box_left_top { \n\tpadding-left:60px; \n\tmargin-left:30px; \n\t} \n\n#cmsms_icon_box_69da1e3a2b0a69_89384213.cmsms_icon_box_left:before, \n#cmsms_icon_box_69da1e3a2b0a69_89384213.cmsms_icon_box_left_top:before { \n\tleft:-30px; \n\t} \n\n#cmsms_icon_box_69da1e3a2b0a69_89384213.cmsms_icon_box_left_top { \n\tpadding-top:30px; \n\tmargin-top:30px; \n\t} \n\n#cmsms_icon_box_69da1e3a2b0a69_89384213.cmsms_icon_box_left_top:before { \n\tmargin-top:-30px; \n\t} \n\n#cmsms_icon_box_69da1e3a2b0a69_89384213:before { \n\tcontent:'5'; \n} \n \n#cmsms_icon_box_69da1e3a2b0c95_41897108 { \n\tborder-width:1px; \n\t-webkit-border-radius:10px; \n\tborder-radius:10px; \n\tbackground-color:#ffffff;\n\tborder-color:rgba(229,229,229,0.8);\n} \n\n#cmsms_icon_box_69da1e3a2b0c95_41897108:before, \n#cmsms_icon_box_69da1e3a2b0c95_41897108 .icon_box_heading:before { \n\tfont-size:30px; \n\tline-height:60px; \n\twidth:60px; \n\theight:60px; \n\tborder-width:0px; \n\t-webkit-border-radius:50%; \n\tborder-radius:50%; \n\tcolor:#ffffff;\n} \n\n#cmsms_icon_box_69da1e3a2b0c95_41897108.cmsms_icon_heading_left, \n#cmsms_icon_box_69da1e3a2b0c95_41897108.cmsms_icon_top, \n#cmsms_icon_box_69da1e3a2b0c95_41897108.cmsms_icon_box_left_top { \n\tpadding:30px 20px; } \n\n#cmsms_icon_box_69da1e3a2b0c95_41897108.cmsms_icon_top:before { \n\ttop:30px;} \n\n#cmsms_icon_box_69da1e3a2b0c95_41897108.cmsms_icon_box_left, \n#cmsms_icon_box_69da1e3a2b0c95_41897108.cmsms_icon_box_left_top { \n\tpadding-left:60px; \n\tmargin-left:30px; \n\t} \n\n#cmsms_icon_box_69da1e3a2b0c95_41897108.cmsms_icon_box_left:before, \n#cmsms_icon_box_69da1e3a2b0c95_41897108.cmsms_icon_box_left_top:before { \n\tleft:-30px; \n\t} \n\n#cmsms_icon_box_69da1e3a2b0c95_41897108.cmsms_icon_box_left_top { \n\tpadding-top:30px; \n\tmargin-top:30px; \n\t} \n\n#cmsms_icon_box_69da1e3a2b0c95_41897108.cmsms_icon_box_left_top:before { \n\tmargin-top:-30px; \n\t} \n\n#cmsms_icon_box_69da1e3a2b0c95_41897108:before { \n\tcontent:'6'; \n} \n \n#cmsms_icon_box_69da1e3a2b0e51_32142871 { \n\tborder-width:1px; \n\t-webkit-border-radius:10px; \n\tborder-radius:10px; \n\tbackground-color:#ffffff;\n\tborder-color:rgba(229,229,229,0.8);\n} \n\n#cmsms_icon_box_69da1e3a2b0e51_32142871:before, \n#cmsms_icon_box_69da1e3a2b0e51_32142871 .icon_box_heading:before { \n\tfont-size:30px; \n\tline-height:60px; \n\twidth:60px; \n\theight:60px; \n\tborder-width:0px; \n\t-webkit-border-radius:50%; \n\tborder-radius:50%; \n\tcolor:#ffffff;\n} \n\n#cmsms_icon_box_69da1e3a2b0e51_32142871.cmsms_icon_heading_left, \n#cmsms_icon_box_69da1e3a2b0e51_32142871.cmsms_icon_top, \n#cmsms_icon_box_69da1e3a2b0e51_32142871.cmsms_icon_box_left_top { \n\tpadding:30px 20px; } \n\n#cmsms_icon_box_69da1e3a2b0e51_32142871.cmsms_icon_top:before { \n\ttop:30px;} \n\n#cmsms_icon_box_69da1e3a2b0e51_32142871.cmsms_icon_box_left, \n#cmsms_icon_box_69da1e3a2b0e51_32142871.cmsms_icon_box_left_top { \n\tpadding-left:60px; \n\tmargin-left:30px; \n\t} \n\n#cmsms_icon_box_69da1e3a2b0e51_32142871.cmsms_icon_box_left:before, \n#cmsms_icon_box_69da1e3a2b0e51_32142871.cmsms_icon_box_left_top:before { \n\tleft:-30px; \n\t} \n\n#cmsms_icon_box_69da1e3a2b0e51_32142871.cmsms_icon_box_left_top { \n\tpadding-top:30px; \n\tmargin-top:30px; \n\t} \n\n#cmsms_icon_box_69da1e3a2b0e51_32142871.cmsms_icon_box_left_top:before { \n\tmargin-top:-30px; \n\t} \n\n#cmsms_icon_box_69da1e3a2b0e51_32142871:before { \n\tcontent:'7'; \n} \n \n#cmsms_row_69da1e3a2b1782_73174106 .cmsms_row_outer_parent { \n\tpadding-top: 0px; \n} \n\n#cmsms_row_69da1e3a2b1782_73174106 .cmsms_row_outer_parent { \n\tpadding-bottom: 0px; \n} \n\n \n#cmsms_divider_69da1e3a2b1a23_78845053 { \n\tborder-bottom-width:1px; \n\tborder-bottom-style:double; \n\tpadding-top:50px; \n\tmargin-bottom:50px; \n} \n \n#cmsms_row_69da1e3a2b1b47_39782032 .cmsms_row_outer_parent { \n\tpadding-top: 20px; \n} \n\n#cmsms_row_69da1e3a2b1b47_39782032 .cmsms_row_outer_parent { \n\tpadding-bottom: 100px; \n} \n\n \n#cmsms_heading_69da1e3a2b1dc3_82259759 { \n\ttext-align:center; \n\tmargin-top:0px; \n\tmargin-bottom:20px; \n} \n\n#cmsms_heading_69da1e3a2b1dc3_82259759 .cmsms_heading { \n\ttext-align:center; \n} \n\n#cmsms_heading_69da1e3a2b1dc3_82259759 .cmsms_heading, #cmsms_heading_69da1e3a2b1dc3_82259759 .cmsms_heading a { \n\tfont-weight:normal; \n\tfont-style:normal; \n} \n\n#cmsms_heading_69da1e3a2b1dc3_82259759 .cmsms_heading_divider { \n} \n\n\n#cmsms_button_69da1e3a2b1ef1_50226464 { \n\ttext-align:center; \n} \n\n#cmsms_button_69da1e3a2b1ef1_50226464 .cmsms_button:before { \n\tmargin-right:.5em; \n\tmargin-left:0; \n\tvertical-align:baseline; \n} \n\n#cmsms_button_69da1e3a2b1ef1_50226464 .cmsms_button { \n\tfont-weight:normal; \n\tfont-style:normal; \n\tborder-style:solid; \n} \n#cmsms_button_69da1e3a2b1ef1_50226464 .cmsms_button:hover { \n} \n<\/style><div id=\"cmsms_row_69da1e3a2ae913_61822907\" class=\"cmsms_row cmsms_color_scheme_default\">\n<div class=\"cmsms_row_outer_parent\">\n<div class=\"cmsms_row_outer\">\n<div class=\"cmsms_row_inner\">\n<div class=\"cmsms_row_margin\">\n<div class=\"cmsms_column one_first\">\n\n<div id=\"cmsms_heading_69da1e3a2aee69_65740360\" class=\"cmsms_heading_wrap cmsms_heading_align_center\">\n\t<h2 class=\"cmsms_heading\">Proteesit<\/h2>\n<\/div><div class=\"cmsms_text\">\n<p>Proteesit auttavat palauttamaan puuttuvia, viallisia, murtuneita tai vaurioituneita hampaita. On mahdollista asentaa sek\u00e4 yksitt\u00e4isi\u00e4 kruunuja ett\u00e4 useista osista koostuvia hammasproteeseja.<\/p>\n<p>Klinikallamme k\u00e4ytet\u00e4\u00e4n pelk\u00e4st\u00e4\u00e4n biologisesti yhteensopivaa tekniikkaa ja kaikkein nykyaikaisempia aineita, jotka eiv\u00e4t aiheuta allergisia reaktioita, ientulehduksia tai metallin makua suussa.<\/p>\n<p><strong>Takaamme sinulle kaikkien proteesit\u00f6iden korkeatasoisen suorituksen!<\/strong><\/p>\n<\/div>\n<\/div>\n<\/div>\n<\/div>\n<\/div>\n<\/div>\n<\/div>\n<div id=\"cmsms_row_69da1e3a2af1c0_89213994\" class=\"cmsms_row cmsms_color_scheme_default\">\n<div class=\"cmsms_row_outer_parent\">\n<div class=\"cmsms_row_outer\">\n<div class=\"cmsms_row_inner\">\n<div class=\"cmsms_row_margin\">\n<div class=\"cmsms_column one_first\">\n\n<div id=\"cmsms_icon_box_69da1e3a2b0067_97865927\" class=\"cmsms_icon_box cmsms_icon_box_left_top box_icon_type_number \">\n<div class=\"icon_box_inner\">\n<h3 class=\"icon_box_heading\">Proteesit implantteihin<\/h3>\n<div class=\"icon_box_text\">\n<p>Implantteihin asennetaan proteettinen korjaus yksil\u00f6kohtaisesti valituilla rakenteilla. Kruunu kiinnittyy tekotukeen \u2013 implanttiin, joka kiinnitet\u00e4\u00e4n luuhun, ja siten vieress\u00e4 olevat hampaat eiv\u00e4t vahingoitu.<\/p>\n<\/div>\n<\/div>\n<\/div>\n\n<div id=\"cmsms_icon_box_69da1e3a2b0385_55993304\" class=\"cmsms_icon_box cmsms_icon_box_left_top box_icon_type_number \">\n<div class=\"icon_box_inner\">\n<h3 class=\"icon_box_heading\">Siltaproteesi<\/h3>\n<div class=\"icon_box_text\">\n<p>Valmistetaan sek\u00e4 erikseen ett\u00e4 my\u00f6s metallokeraamisten kruunujen yhdistelm\u00e4n\u00e4. Siltaproteesi on suusta irrotettava proteesi eli osaproteesi. Se koostuu muovihampaasta, tekoikenest\u00e4 ja n\u00e4kym\u00e4tt\u00f6m\u00e4sti metallirungosta ja kaaresta. Proteesi kiinnitet\u00e4\u00e4n vierushampaisiin metallikoukuilla ja ns. pinteill\u00e4. Proteesit kiinnitet\u00e4\u00e4n eritt\u00e4in lujasti.<\/p>\n<p>Siltaproteesiin totutaan paljon nopeammin kuin muihin suusta irrotettaviin proteeseihin. Niit\u00e4 ei tarvitse ottaa pois edes y\u00f6ksi. Siltaproteesin puhdistaminen suoritetaan kuten tavanomainen hampaiden hoito \u2013 aamuisin ja iltaisin.<\/p>\n<p>Siltaproteesit sopivat hyvin silloin, kun puremishampaat puuttuvat, ei ole mahdollista asentaa kruunuja, et halua asennuttaa implanttia tai sen asentamiseen on vasta-aihe.<\/p>\n<\/div>\n<\/div>\n<\/div>\n\n<div id=\"cmsms_icon_box_69da1e3a2b0660_28135124\" class=\"cmsms_icon_box cmsms_icon_box_left_top box_icon_type_number \">\n<div class=\"icon_box_inner\">\n<h3 class=\"icon_box_heading\">Metallokeraamiset kruunut<\/h3>\n<div class=\"icon_box_text\">\n<p>Metallokeraamisia kruunuja k\u00e4ytet\u00e4\u00e4n sek\u00e4 erillisiin hampaisiin ett\u00e4 metallokeraamisina siltaproteeseina, kun puuttuu yksi tai useampi hammas. Tavallisesti metallokeraamiset kruunut kiinnitet\u00e4\u00e4n hajonneisiin hampaisiin, jotka vahvistetaan nastoilla tai nastapilarilla. T\u00e4llaisilla kruunuilla voidaan my\u00f6s muuttaa hampaiden v\u00e4ri\u00e4 ja muotoa ja korvata puuttuvia hampaita. N\u00e4m\u00e4 ovat yleisesti k\u00e4ytett\u00e4vi\u00e4, koska niiden avulla saavutetaan pitk\u00e4aikainen ja turvallinen tulos.<\/p>\n<\/div>\n<\/div>\n<\/div>\n\n<div id=\"cmsms_icon_box_69da1e3a2b08a1_45259474\" class=\"cmsms_icon_box cmsms_icon_box_left_top box_icon_type_number \">\n<div class=\"icon_box_inner\">\n<h3 class=\"icon_box_heading\">V\u00e4liaikaiset kruunut<\/h3>\n<div class=\"icon_box_text\">\n<p>Suurempia hammast\u00f6it\u00e4 teht\u00e4ess\u00e4 voit olla huoleton, koska asennamme kaikille asiakkaille tarvittaessa v\u00e4liaikaiset kruunut. Siten voit el\u00e4\u00e4 proteesin asentamisen aikana tavallista el\u00e4m\u00e4\u00e4si. V\u00e4liaikaiset kruunut valmistetaan samalla vastaanottok\u00e4ynnill\u00e4 ja potilaat k\u00e4ytt\u00e4v\u00e4t niit\u00e4 hampaan k\u00e4sittelyhetkest\u00e4 alkaen pysyv\u00e4n rakenteen kiinnitt\u00e4miseen saakka.<\/p>\n<\/div>\n<\/div>\n<\/div>\n\n<div id=\"cmsms_icon_box_69da1e3a2b0a69_89384213\" class=\"cmsms_icon_box cmsms_icon_box_left_top box_icon_type_number \">\n<div class=\"icon_box_inner\">\n<h3 class=\"icon_box_heading\">T\u00e4yskeraamiset kruunut<\/h3>\n<div class=\"icon_box_text\">\n<p>Metallittomat rakenteet valmistetaan eritt\u00e4in lujasta posliinista ilman metallirunkoa, mik\u00e4 antaa lopputulokselle hyv\u00e4n esteettisen ulkon\u00e4\u00f6n. T\u00e4yskeramiikasta valmistetaan kruunut (hammas hiotaan kokonaan) ja laminaatit (hiotaan ainoastaan hampaan etupinta).<\/p>\n<p>Kruunujen ulkon\u00e4k\u00f6 on luonnollinen. Koska metallista runkoa ei ole, p\u00e4\u00e4st\u00e4\u00e4 kruunu valon l\u00e4pi ja hampailla on luonnollinen l\u00e4pin\u00e4kyvyys. Kruunut kiinnitet\u00e4\u00e4n nykyaikaisilla adhesiiveilla. \u00a0Se takaa sinulle luonnollisten hampaiden t\u00e4ydellisen imitaation.<\/p>\n<\/div>\n<\/div>\n<\/div>\n\n<div id=\"cmsms_icon_box_69da1e3a2b0c95_41897108\" class=\"cmsms_icon_box cmsms_icon_box_left_top box_icon_type_number \">\n<div class=\"icon_box_inner\">\n<h3 class=\"icon_box_heading\">Valettu nastapilari<\/h3>\n<div class=\"icon_box_text\">\n<p>T\u00e4ss\u00e4 tapauksessa on kyse tavasta, jolla s\u00e4ilytet\u00e4\u00e4n hajonnut hammas. Jotta t\u00e4llainen hammas voitaisiin palauttaa kruunulla, tarvitaan luja pohja, johon kruunu tuetaan ja kiinnitet\u00e4\u00e4n. Juuri t\u00e4m\u00e4n teht\u00e4v\u00e4n nastapilari t\u00e4ytt\u00e4\u00e4kin.<\/p>\n<\/div>\n<\/div>\n<\/div>\n\n<div id=\"cmsms_icon_box_69da1e3a2b0e51_32142871\" class=\"cmsms_icon_box cmsms_icon_box_left_top box_icon_type_number \">\n<div class=\"icon_box_inner\">\n<h3 class=\"icon_box_heading\">Suusta poistettavat proteesit, levyproteesit<\/h3>\n<div class=\"icon_box_text\">\n<p>Suusta poistettavat levyproteesit on tarkoitettu sek\u00e4 purentatoiminnan palauttamiseksi ett\u00e4 estetiikan parantamiseksi.\u00a0 Ne koostuvat tekohampaista, jotka valitaan sopivan muodon ja v\u00e4rin mukaan ja kiinnitet\u00e4\u00e4n sellaisen tekoikenen p\u00e4\u00e4lle, jonka v\u00e4ri sopii potilaan ikenien v\u00e4riin. N\u00e4m\u00e4 proteesit kiinnitet\u00e4\u00e4n vierushampaisiin klemmareilla.<\/p>\n<p>Mik\u00e4li hampaita ei ole, levyproteesi kiinnittyy imemisominaisuuden ansiosta. T\u00e4ss\u00e4 tapauksessa kiinnittyminen ei ole hyvin varmaa, mutta sit\u00e4 voidaan parantaa asentamalla implantteja, jotka sijaitsevat luussa ja my\u00f6s ikenien p\u00e4\u00e4ll\u00e4 sek\u00e4 pienill\u00e4 napeilla, jotka tulevaisuudessa j\u00e4\u00e4v\u00e4t proteesin alle.<\/p>\n<\/div>\n<\/div>\n<\/div>\n<\/div>\n<\/div>\n<\/div>\n<\/div>\n<\/div>\n<\/div>\n<div id=\"cmsms_row_69da1e3a2b11a3_79320794\" class=\"cmsms_row cmsms_color_scheme_default\">\n<div class=\"cmsms_row_outer_parent\">\n<div class=\"cmsms_row_outer\">\n<div class=\"cmsms_row_inner\">\n<div class=\"cmsms_row_margin\">\n<div class=\"cmsms_column one_first\">\n<div class=\"cmsms_text\">\n<p>Hammasl\u00e4\u00e4k\u00e4ri arvioi konsultaation aikana hampaittesi kunnon ja suosittelee kruunujen materiaalin sek\u00e4 laatii hoitosuunnitelman m\u00e4\u00e4r\u00e4aikoineen ja hintoineen.<\/p>\n<p>Mik\u00e4li sinulla on viel\u00e4 kysymyksi\u00e4 proteeseihin liittyen, ota meihin rohkeasti yhteytt\u00e4 tai varaa aika.<\/p>\n<\/div>\n<\/div>\n<\/div>\n<\/div>\n<\/div>\n<\/div>\n<\/div>\n<div id=\"cmsms_row_69da1e3a2b1782_73174106\" class=\"cmsms_row cmsms_color_scheme_default\">\n<div class=\"cmsms_row_outer_parent\">\n<div class=\"cmsms_row_outer\">\n<div class=\"cmsms_row_inner\">\n<div class=\"cmsms_row_margin\">\n<div class=\"cmsms_column one_first\">\n\n<div id=\"cmsms_divider_69da1e3a2b1a23_78845053\" class=\"cmsms_divider cmsms_divider_width_long cmsms_divider_pos_center\"><\/div>\n<\/div>\n<\/div>\n<\/div>\n<\/div>\n<\/div>\n<\/div>\n<div id=\"cmsms_row_69da1e3a2b1b47_39782032\" class=\"cmsms_row cmsms_color_scheme_default\">\n<div class=\"cmsms_row_outer_parent\">\n<div class=\"cmsms_row_outer\">\n<div class=\"cmsms_row_inner\">\n<div class=\"cmsms_row_margin\">\n<div class=\"cmsms_column one_first\">\n\n<div id=\"cmsms_heading_69da1e3a2b1dc3_82259759\" class=\"cmsms_heading_wrap cmsms_heading_align_center\" data-animation=\"bounceIn\" data-delay=\"0\">\n\t<h2 class=\"cmsms_heading\">Varaa hoitoaika!<\/h2>\n<\/div>\n<div id=\"cmsms_button_69da1e3a2b1ef1_50226464\" class=\"button_wrap\"><a href=\"https:\/\/hshambaravi.ee\/fi\/varaa-hoitoaika\/\" class=\"cmsms_button\" data-animation=\"bounceIn\" data-delay=\"0\"><span>Varaa aika<\/span><\/a><\/div>\n<\/div>\n<\/div>\n<\/div>\n<\/div>\n<\/div>\n<\/div>\n\n","protected":false},"excerpt":{"rendered":"","protected":false},"author":1,"featured_media":0,"parent":0,"menu_order":0,"comment_status":"closed","ping_status":"closed","template":"","meta":{"footnotes":""},"class_list":["post-4724","page","type-page","status-publish","hentry"],"aioseo_notices":[],"_links":{"self":[{"href":"https:\/\/hshambaravi.ee\/fi\/wp-json\/wp\/v2\/pages\/4724","targetHints":{"allow":["GET"]}}],"collection":[{"href":"https:\/\/hshambaravi.ee\/fi\/wp-json\/wp\/v2\/pages"}],"about":[{"href":"https:\/\/hshambaravi.ee\/fi\/wp-json\/wp\/v2\/types\/page"}],"author":[{"embeddable":true,"href":"https:\/\/hshambaravi.ee\/fi\/wp-json\/wp\/v2\/users\/1"}],"replies":[{"embeddable":true,"href":"https:\/\/hshambaravi.ee\/fi\/wp-json\/wp\/v2\/comments?post=4724"}],"version-history":[{"count":1,"href":"https:\/\/hshambaravi.ee\/fi\/wp-json\/wp\/v2\/pages\/4724\/revisions"}],"predecessor-version":[{"id":6172,"href":"https:\/\/hshambaravi.ee\/fi\/wp-json\/wp\/v2\/pages\/4724\/revisions\/6172"}],"wp:attachment":[{"href":"https:\/\/hshambaravi.ee\/fi\/wp-json\/wp\/v2\/media?parent=4724"}],"curies":[{"name":"wp","href":"https:\/\/api.w.org\/{rel}","templated":true}]}}