{"id":4717,"date":"2018-05-23T15:24:08","date_gmt":"2018-05-23T13:24:08","guid":{"rendered":"https:\/\/hshambaravi.ee\/?page_id=4717\/"},"modified":"2022-06-28T16:02:50","modified_gmt":"2022-06-28T14:02:50","slug":"parodontologia-ja-laserhoito","status":"publish","type":"page","link":"https:\/\/hshambaravi.ee\/fi\/parodontologia-ja-laserhoito\/","title":{"rendered":"Parodontologia ja laserhoito"},"content":{"rendered":"<style type=\"text\/css\"> \n#cmsms_row_69de71d3ba1c36_59621444 .cmsms_row_outer_parent { \n\tpadding-bottom: 20px; \n} \n\n \n#cmsms_heading_69de71d3ba2804_06015332 { \n\ttext-align:center; \n\tmargin-top:50px; \n\tmargin-bottom:50px; \n} \n\n#cmsms_heading_69de71d3ba2804_06015332 .cmsms_heading { \n\ttext-align:center; \n} \n\n#cmsms_heading_69de71d3ba2804_06015332 .cmsms_heading, #cmsms_heading_69de71d3ba2804_06015332 .cmsms_heading a { \n\tfont-weight:normal; \n\tfont-style:normal; \n} \n\n#cmsms_heading_69de71d3ba2804_06015332 .cmsms_heading_divider { \n} \n\n \n#cmsms_row_69de71d3ba3761_49454845 .cmsms_row_outer_parent { \n\tpadding-top: 0px; \n} \n\n#cmsms_row_69de71d3ba3761_49454845 .cmsms_row_outer_parent { \n\tpadding-bottom: 0px; \n} \n\n \n#cmsms_divider_69de71d3ba3d52_84819416 { \n\tborder-bottom-width:1px; \n\tborder-bottom-style:double; \n\tpadding-top:50px; \n\tmargin-bottom:50px; \n} \n \n#cmsms_row_69de71d3ba3e46_75985147 .cmsms_row_outer_parent { \n\tpadding-top: 20px; \n} \n\n#cmsms_row_69de71d3ba3e46_75985147 .cmsms_row_outer_parent { \n\tpadding-bottom: 100px; \n} \n\n \n#cmsms_heading_69de71d3ba4377_15614232 { \n\ttext-align:center; \n\tmargin-top:0px; \n\tmargin-bottom:20px; \n} \n\n#cmsms_heading_69de71d3ba4377_15614232 .cmsms_heading { \n\ttext-align:center; \n} \n\n#cmsms_heading_69de71d3ba4377_15614232 .cmsms_heading, #cmsms_heading_69de71d3ba4377_15614232 .cmsms_heading a { \n\tfont-weight:normal; \n\tfont-style:normal; \n} \n\n#cmsms_heading_69de71d3ba4377_15614232 .cmsms_heading_divider { \n} \n\n\n#cmsms_button_69de71d3ba44a3_41813254 { \n\ttext-align:center; \n} \n\n#cmsms_button_69de71d3ba44a3_41813254 .cmsms_button:before { \n\tmargin-right:.5em; \n\tmargin-left:0; \n\tvertical-align:baseline; \n} \n\n#cmsms_button_69de71d3ba44a3_41813254 .cmsms_button { \n\tfont-weight:normal; \n\tfont-style:normal; \n\tborder-style:solid; \n} \n#cmsms_button_69de71d3ba44a3_41813254 .cmsms_button:hover { \n} \n<\/style><div id=\"cmsms_row_69de71d3ba1c36_59621444\" class=\"cmsms_row cmsms_color_scheme_default\">\n<div class=\"cmsms_row_outer_parent\">\n<div class=\"cmsms_row_outer\">\n<div class=\"cmsms_row_inner\">\n<div class=\"cmsms_row_margin\">\n<div class=\"cmsms_column one_first\">\n\n<div id=\"cmsms_heading_69de71d3ba2804_06015332\" class=\"cmsms_heading_wrap cmsms_heading_align_center\">\n\t<h2 class=\"cmsms_heading\">Parodontiitti, parodontia ja laserhoito<\/h2>\n<\/div><div class=\"cmsms_text\">\n<p>K\u00e4yt\u00e4nn\u00f6ss\u00e4 jokaisella toisella virolaisella on ongelmia ikenien kanssa. Parodontiittia voi esiinty\u00e4 eri muodoissa sen asteesta riippuen, ja se voi alkaa yksinkertaisesti ikenien verenvuodosta. Siin\u00e4 vaiheessa voidaan prosessiin viel\u00e4 vaikuttaa. Sairaus ei ole vahingoittanut parodontaalista sidett\u00e4, joka ymp\u00e4r\u00f6i hammasta.\u00a0 Se sitoo vieress\u00e4 sijaitsevan hampaan siten, ett\u00e4 purentarasitus olisi jakautunut yhten\u00e4isesti koko hammasriville eik\u00e4 esiinny ylirasitusta parodontin kudoksissa.<\/p>\n<h3><span style=\"font-size: 18pt;\">Mik\u00e4 parodontiitti on?<\/span><\/h3>\n<p>Parodontiittia nimitet\u00e4\u00e4n usein iensairaudeksi ja se on hyvin yleinen tila, jossa ikenet ja syvemm\u00e4t periodontaaliset rakenteet muuttuvat tulehduksellisiksi. Ientulehdus, joka tavallisesti ilmenee hampaiden harjaamisen aikana punotuksena, turvotuksena ja verenvuotona, on kehon reaktio jollekin bakteerille, jonka on annettu ker\u00e4\u00e4nty\u00e4 hampaisiin. Vaikka se on osa kehon puolustusj\u00e4rjestelm\u00e4st\u00e4, saattaa t\u00e4m\u00e4 tulehdusreaktio aiheuttaa lopulta vakavia vaurioita. Ellei asiaa tarkisteta, saattaa tulehdus levit\u00e4 ikenist\u00e4 alasp\u00e4in hammasjuuria pitkin ja aiheuttaa periodontaalisen sidoksen ja tukena olevan luun haurastumista. Lopulta se johtaa hampaiden heilumiseen ja potentiaaliseen irtoamiseen.<\/p>\n<h3><span style=\"font-size: 18pt;\">Miksi parodontiitin hoito ajoissa on t\u00e4rke\u00e4\u00e4?<\/span><\/h3>\n<p>Ellei parodontiittia hoideta ajoissa, parodontiitin sidos hajoaa ja syntyy parodontaalinen tasku, johon ker\u00e4\u00e4ntyy plakkia ja hammaskive\u00e4, ja se stimuloi prosessin kehityst\u00e4. Parodontaaliset kudokset (hampaita ymp\u00e4r\u00f6iv\u00e4t ikenet ja luu) hajoavat ja hammas alkaa liikkumaan ja menett\u00e4\u00e4 luun tuen leuassa. T\u00e4ss\u00e4 vaiheessa voidaan havaita my\u00f6s hampaiden asentojen muuttumista ja hampaiden rakojen syntymist\u00e4.<\/p>\n<p>Kun hampaat ovat jo alkaneet liikkua, ovat muuttaneet asentoaan tai tulleet ulos ikenist\u00e4, ei niit\u00e4 valitettavasti en\u00e4\u00e4 pystyt\u00e4 pelastamaan ja ne on poistettava. Vuosia sitten oli t\u00e4ss\u00e4 vaiheessa potilaan ainoa ratkaisu levyproteesi. Nyky\u00e4\u00e4n voimme tarjota ainutlaatuista palvelua &#8221;Hampaat vuorokaudessa&#8221;, josta voi lukea lis\u00e4\u00e4 <a href=\"https:\/\/hshambaravi.ee\/fi\/hampaat-paivittain\/\"><strong>t\u00e4st\u00e4<\/strong><\/a>.<\/p>\n<h3><span style=\"font-size: 18pt;\">Parodontiitin hoito laserhoidon avulla<\/span><\/h3>\n<p>Parodontiitin ennaltaehk\u00e4isyhoitona on ikenien laserhoito. L\u00e4\u00e4k\u00e4ri poistaa laserilla patologiseksi muuttuneita kudoksia. Lasers\u00e4de tappaa samalla patologista mikroflooraa ja desinfioi parodontaalista kudosta vahingollisista bakteereista. Ikenien tila vakautuu ja kudokset parantuvat. Laserhoito auttaa vakauttamaan tilanteen ja pident\u00e4m\u00e4\u00e4n hampaiden elinik\u00e4\u00e4. T\u00e4t\u00e4 toimenpidett\u00e4 kutsutaan laserkaavinnaksi.<\/p>\n<p>Laserhoidon j\u00e4lkeen muodostuu fotokoagulaarinen kalvo, joka toimii biologisena esteen\u00e4 ja est\u00e4\u00e4 bakteerin tunkeutumisen sis\u00e4\u00e4n ja edesauttaa parodontaalisten taskujen sulkeutumista.<\/p>\n<p>Huom.! Ennen toimenpidett\u00e4 on teht\u00e4v\u00e4 hampaiden soodapesu, jossa puhdistetaan plakki ja hammaskivi.<\/p>\n<h3><span style=\"font-size: 18pt;\">Kuinka kauan parodontiitin hoito kest\u00e4\u00e4?<\/span><\/h3>\n<p>On t\u00e4rke\u00e4\u00e4 tiet\u00e4\u00e4, ett\u00e4 hoito suoritetaan kuurina v\u00e4hint\u00e4\u00e4n kolme kertaa kahden viikon v\u00e4lein, muuten ei ole mahdollista saavuttaa oikeaa tulosta. Suosittelemme kuurin toistamista puolen vuoden v\u00e4lein tai useamminkin l\u00e4\u00e4k\u00e4rin suosituksen mukaisesti.<\/p>\n<p>Jokaisesta tapauksesta laaditaan henkil\u00f6kohtainen hoitosuunnitelma, jonka t\u00e4ytt\u00e4minen saattaa vaatia 1-5 vastaanottokertaa, ja tulos on n\u00e4ht\u00e4vill\u00e4 jo ensimm\u00e4isen k\u00e4yntikerran j\u00e4lkeen.<\/p>\n<\/div>\n<\/div>\n<\/div>\n<\/div>\n<\/div>\n<\/div>\n<\/div>\n<div id=\"cmsms_row_69de71d3ba3761_49454845\" class=\"cmsms_row cmsms_color_scheme_default\">\n<div class=\"cmsms_row_outer_parent\">\n<div class=\"cmsms_row_outer\">\n<div class=\"cmsms_row_inner\">\n<div class=\"cmsms_row_margin\">\n<div class=\"cmsms_column one_first\">\n\n<div id=\"cmsms_divider_69de71d3ba3d52_84819416\" class=\"cmsms_divider cmsms_divider_width_long cmsms_divider_pos_center\"><\/div>\n<\/div>\n<\/div>\n<\/div>\n<\/div>\n<\/div>\n<\/div>\n<div id=\"cmsms_row_69de71d3ba3e46_75985147\" class=\"cmsms_row cmsms_color_scheme_default\">\n<div class=\"cmsms_row_outer_parent\">\n<div class=\"cmsms_row_outer\">\n<div class=\"cmsms_row_inner\">\n<div class=\"cmsms_row_margin\">\n<div class=\"cmsms_column one_first\">\n\n<div id=\"cmsms_heading_69de71d3ba4377_15614232\" class=\"cmsms_heading_wrap cmsms_heading_align_center\" data-animation=\"bounceIn\" data-delay=\"0\">\n\t<h2 class=\"cmsms_heading\">Varaa hoitoaika!<\/h2>\n<\/div>\n<div id=\"cmsms_button_69de71d3ba44a3_41813254\" class=\"button_wrap\"><a href=\"https:\/\/hshambaravi.ee\/fi\/varaa-hoitoaika\/\" class=\"cmsms_button\" data-animation=\"bounceIn\" data-delay=\"0\"><span>Varaa aika<\/span><\/a><\/div>\n<\/div>\n<\/div>\n<\/div>\n<\/div>\n<\/div>\n<\/div>\n\n","protected":false},"excerpt":{"rendered":"","protected":false},"author":1,"featured_media":0,"parent":0,"menu_order":0,"comment_status":"closed","ping_status":"closed","template":"","meta":{"footnotes":""},"class_list":["post-4717","page","type-page","status-publish","hentry"],"aioseo_notices":[],"_links":{"self":[{"href":"https:\/\/hshambaravi.ee\/fi\/wp-json\/wp\/v2\/pages\/4717","targetHints":{"allow":["GET"]}}],"collection":[{"href":"https:\/\/hshambaravi.ee\/fi\/wp-json\/wp\/v2\/pages"}],"about":[{"href":"https:\/\/hshambaravi.ee\/fi\/wp-json\/wp\/v2\/types\/page"}],"author":[{"embeddable":true,"href":"https:\/\/hshambaravi.ee\/fi\/wp-json\/wp\/v2\/users\/1"}],"replies":[{"embeddable":true,"href":"https:\/\/hshambaravi.ee\/fi\/wp-json\/wp\/v2\/comments?post=4717"}],"version-history":[{"count":1,"href":"https:\/\/hshambaravi.ee\/fi\/wp-json\/wp\/v2\/pages\/4717\/revisions"}],"predecessor-version":[{"id":6167,"href":"https:\/\/hshambaravi.ee\/fi\/wp-json\/wp\/v2\/pages\/4717\/revisions\/6167"}],"wp:attachment":[{"href":"https:\/\/hshambaravi.ee\/fi\/wp-json\/wp\/v2\/media?parent=4717"}],"curies":[{"name":"wp","href":"https:\/\/api.w.org\/{rel}","templated":true}]}}