{"id":4697,"date":"2018-05-23T15:16:29","date_gmt":"2018-05-23T13:16:29","guid":{"rendered":"https:\/\/hshambaravi.ee\/?page_id=4697\/"},"modified":"2022-06-28T16:00:58","modified_gmt":"2022-06-28T14:00:58","slug":"hammaslaakaripalvelut","status":"publish","type":"page","link":"https:\/\/hshambaravi.ee\/fi\/hammaslaakaripalvelut\/","title":{"rendered":"Hammasl\u00e4\u00e4k\u00e4ripalvelut"},"content":{"rendered":"<style type=\"text\/css\"> \n#cmsms_row_69de49c3db84f3_04533673 .cmsms_row_outer_parent { \n\tpadding-bottom: 20px; \n} \n\n \n#cmsms_heading_69de49c3db8cb6_24385060 { \n\ttext-align:center; \n\tmargin-top:50px; \n\tmargin-bottom:50px; \n} \n\n#cmsms_heading_69de49c3db8cb6_24385060 .cmsms_heading { \n\ttext-align:center; \n} \n\n#cmsms_heading_69de49c3db8cb6_24385060 .cmsms_heading, #cmsms_heading_69de49c3db8cb6_24385060 .cmsms_heading a { \n\tfont-weight:normal; \n\tfont-style:normal; \n} \n\n#cmsms_heading_69de49c3db8cb6_24385060 .cmsms_heading_divider { \n} \n\n \n#cmsms_row_69de49c3db9903_88094812 .cmsms_row_outer_parent { \n\tpadding-top: 0px; \n} \n\n#cmsms_row_69de49c3db9903_88094812 .cmsms_row_outer_parent { \n\tpadding-bottom: 0px; \n} \n\n \n#cmsms_divider_69de49c3db9ea6_82437293 { \n\tborder-bottom-width:1px; \n\tborder-bottom-style:double; \n\tpadding-top:50px; \n\tmargin-bottom:50px; \n} \n \n#cmsms_row_69de49c3db9f73_32440133 .cmsms_row_outer_parent { \n\tpadding-top: 20px; \n} \n\n#cmsms_row_69de49c3db9f73_32440133 .cmsms_row_outer_parent { \n\tpadding-bottom: 100px; \n} \n\n \n#cmsms_heading_69de49c3dba532_85690302 { \n\ttext-align:center; \n\tmargin-top:0px; \n\tmargin-bottom:20px; \n} \n\n#cmsms_heading_69de49c3dba532_85690302 .cmsms_heading { \n\ttext-align:center; \n} \n\n#cmsms_heading_69de49c3dba532_85690302 .cmsms_heading, #cmsms_heading_69de49c3dba532_85690302 .cmsms_heading a { \n\tfont-weight:normal; \n\tfont-style:normal; \n} \n\n#cmsms_heading_69de49c3dba532_85690302 .cmsms_heading_divider { \n} \n\n\n#cmsms_button_69de49c3dba641_93553774 { \n\ttext-align:center; \n} \n\n#cmsms_button_69de49c3dba641_93553774 .cmsms_button:before { \n\tmargin-right:.5em; \n\tmargin-left:0; \n\tvertical-align:baseline; \n} \n\n#cmsms_button_69de49c3dba641_93553774 .cmsms_button { \n\tfont-weight:normal; \n\tfont-style:normal; \n\tborder-style:solid; \n} \n#cmsms_button_69de49c3dba641_93553774 .cmsms_button:hover { \n} \n<\/style><div id=\"cmsms_row_69de49c3db84f3_04533673\" class=\"cmsms_row cmsms_color_scheme_default\">\n<div class=\"cmsms_row_outer_parent\">\n<div class=\"cmsms_row_outer\">\n<div class=\"cmsms_row_inner\">\n<div class=\"cmsms_row_margin\">\n<div class=\"cmsms_column one_first\">\n\n<div id=\"cmsms_heading_69de49c3db8cb6_24385060\" class=\"cmsms_heading_wrap cmsms_heading_align_center\">\n\t<h2 class=\"cmsms_heading\">Hammasl\u00e4\u00e4k\u00e4ripalvelut <\/h2>\n<\/div><div class=\"cmsms_text\">\n<p>Hammasl\u00e4\u00e4k\u00e4ripalvelut \u2013 konsultaatiot, r\u00f6ntgenkuvat ja puudutus.<\/p>\n<p>Tarjolla on my\u00f6skin laaja valikoima hammaskoruja, joihin voi tutustua paikan p\u00e4\u00e4ll\u00e4.<\/p>\n<\/div>\n<\/div>\n<\/div>\n<\/div>\n<\/div>\n<\/div>\n<\/div>\n<div id=\"cmsms_row_69de49c3db9903_88094812\" class=\"cmsms_row cmsms_color_scheme_default\">\n<div class=\"cmsms_row_outer_parent\">\n<div class=\"cmsms_row_outer\">\n<div class=\"cmsms_row_inner\">\n<div class=\"cmsms_row_margin\">\n<div class=\"cmsms_column one_first\">\n\n<div id=\"cmsms_divider_69de49c3db9ea6_82437293\" class=\"cmsms_divider cmsms_divider_width_long cmsms_divider_pos_center\"><\/div>\n<\/div>\n<\/div>\n<\/div>\n<\/div>\n<\/div>\n<\/div>\n<div id=\"cmsms_row_69de49c3db9f73_32440133\" class=\"cmsms_row cmsms_color_scheme_default\">\n<div class=\"cmsms_row_outer_parent\">\n<div class=\"cmsms_row_outer\">\n<div class=\"cmsms_row_inner\">\n<div class=\"cmsms_row_margin\">\n<div class=\"cmsms_column one_first\">\n\n<div id=\"cmsms_heading_69de49c3dba532_85690302\" class=\"cmsms_heading_wrap cmsms_heading_align_center\" data-animation=\"bounceIn\" data-delay=\"0\">\n\t<h2 class=\"cmsms_heading\">Varaa aika konsultaatioon!<\/h2>\n<\/div>\n<div id=\"cmsms_button_69de49c3dba641_93553774\" class=\"button_wrap\"><a href=\"https:\/\/hshambaravi.ee\/fi\/varaa-hoitoaika\/\" class=\"cmsms_button\" data-animation=\"bounceIn\" data-delay=\"0\"><span>Varaa aika!<\/span><\/a><\/div>\n<\/div>\n<\/div>\n<\/div>\n<\/div>\n<\/div>\n<\/div>\n\n","protected":false},"excerpt":{"rendered":"","protected":false},"author":1,"featured_media":0,"parent":0,"menu_order":0,"comment_status":"closed","ping_status":"closed","template":"","meta":{"footnotes":""},"class_list":["post-4697","page","type-page","status-publish","hentry"],"aioseo_notices":[],"_links":{"self":[{"href":"https:\/\/hshambaravi.ee\/fi\/wp-json\/wp\/v2\/pages\/4697","targetHints":{"allow":["GET"]}}],"collection":[{"href":"https:\/\/hshambaravi.ee\/fi\/wp-json\/wp\/v2\/pages"}],"about":[{"href":"https:\/\/hshambaravi.ee\/fi\/wp-json\/wp\/v2\/types\/page"}],"author":[{"embeddable":true,"href":"https:\/\/hshambaravi.ee\/fi\/wp-json\/wp\/v2\/users\/1"}],"replies":[{"embeddable":true,"href":"https:\/\/hshambaravi.ee\/fi\/wp-json\/wp\/v2\/comments?post=4697"}],"version-history":[{"count":1,"href":"https:\/\/hshambaravi.ee\/fi\/wp-json\/wp\/v2\/pages\/4697\/revisions"}],"predecessor-version":[{"id":6163,"href":"https:\/\/hshambaravi.ee\/fi\/wp-json\/wp\/v2\/pages\/4697\/revisions\/6163"}],"wp:attachment":[{"href":"https:\/\/hshambaravi.ee\/fi\/wp-json\/wp\/v2\/media?parent=4697"}],"curies":[{"name":"wp","href":"https:\/\/api.w.org\/{rel}","templated":true}]}}