{"id":4691,"date":"2018-05-23T15:14:03","date_gmt":"2018-05-23T13:14:03","guid":{"rendered":"https:\/\/hshambaravi.ee\/?page_id=4691\/"},"modified":"2022-06-28T15:58:38","modified_gmt":"2022-06-28T13:58:38","slug":"kirurgia","status":"publish","type":"page","link":"https:\/\/hshambaravi.ee\/fi\/kirurgia\/","title":{"rendered":"Kirurgia"},"content":{"rendered":"<style type=\"text\/css\"> \n#cmsms_row_69de72a063bec8_08568119 .cmsms_row_outer_parent { \n\tpadding-bottom: 20px; \n} \n\n \n#cmsms_heading_69de72a063c693_40077454 { \n\ttext-align:center; \n\tmargin-top:50px; \n\tmargin-bottom:50px; \n} \n\n#cmsms_heading_69de72a063c693_40077454 .cmsms_heading { \n\ttext-align:center; \n} \n\n#cmsms_heading_69de72a063c693_40077454 .cmsms_heading, #cmsms_heading_69de72a063c693_40077454 .cmsms_heading a { \n\tfont-weight:normal; \n\tfont-style:normal; \n} \n\n#cmsms_heading_69de72a063c693_40077454 .cmsms_heading_divider { \n} \n\n \n#cmsms_row_69de72a063cc04_81112859 .cmsms_row_outer_parent { \n\tpadding-top: 0px; \n} \n\n#cmsms_row_69de72a063cc04_81112859 .cmsms_row_outer_parent { \n\tpadding-bottom: 0px; \n} \n\n \n#cmsms_divider_69de72a063ce63_52200678 { \n\tborder-bottom-width:1px; \n\tborder-bottom-style:double; \n\tpadding-top:50px; \n\tmargin-bottom:50px; \n} \n \n#cmsms_row_69de72a063cf39_73685692 .cmsms_row_outer_parent { \n\tpadding-top: 20px; \n} \n\n#cmsms_row_69de72a063cf39_73685692 .cmsms_row_outer_parent { \n\tpadding-bottom: 100px; \n} \n\n \n#cmsms_heading_69de72a063d148_15677027 { \n\ttext-align:center; \n\tmargin-top:0px; \n\tmargin-bottom:20px; \n} \n\n#cmsms_heading_69de72a063d148_15677027 .cmsms_heading { \n\ttext-align:center; \n} \n\n#cmsms_heading_69de72a063d148_15677027 .cmsms_heading, #cmsms_heading_69de72a063d148_15677027 .cmsms_heading a { \n\tfont-weight:normal; \n\tfont-style:normal; \n} \n\n#cmsms_heading_69de72a063d148_15677027 .cmsms_heading_divider { \n} \n\n\n#cmsms_button_69de72a063d250_02598700 { \n\ttext-align:center; \n} \n\n#cmsms_button_69de72a063d250_02598700 .cmsms_button:before { \n\tmargin-right:.5em; \n\tmargin-left:0; \n\tvertical-align:baseline; \n} \n\n#cmsms_button_69de72a063d250_02598700 .cmsms_button { \n\tfont-weight:normal; \n\tfont-style:normal; \n\tborder-style:solid; \n} \n#cmsms_button_69de72a063d250_02598700 .cmsms_button:hover { \n} \n<\/style><div id=\"cmsms_row_69de72a063bec8_08568119\" class=\"cmsms_row cmsms_color_scheme_default\">\n<div class=\"cmsms_row_outer_parent\">\n<div class=\"cmsms_row_outer\">\n<div class=\"cmsms_row_inner\">\n<div class=\"cmsms_row_margin\">\n<div class=\"cmsms_column one_first\">\n\n<div id=\"cmsms_heading_69de72a063c693_40077454\" class=\"cmsms_heading_wrap cmsms_heading_align_center\">\n\t<h2 class=\"cmsms_heading\">Kirurgiset hammashoitopalvelut, viisaudenhampaan poistaminen<\/h2>\n<\/div><div class=\"cmsms_text\">\n<p>Suuremman hammasvaurion osalta tai tapaturman seurauksena voi olla tarpeen hampaiden, esimerkiksi viisaudenhampaan kirurginen poisto.<\/p>\n<h3><span style=\"font-size: 18pt;\">Onko hampaan poisto kivuliasta?<\/span><\/h3>\n<p>Puudutuksen ansiosta hampaan poisto on kivuton toimenpide ja aiheuttaa vain minimaalista ep\u00e4mukavuutta.<\/p>\n<h3><span style=\"font-size: 18pt;\">Onko viisaudenhammas poistettava ja miksi?<\/span><\/h3>\n<p>Viisaudenhampaan poisto voi olla tarpeen silloin, kun v\u00e4\u00e4rin kasvanut viisaudenhammas on aiheuttanut tulehduksen tai hampaan ristipurenta on vaikeutunut. Viisaudenhampaan poistamisen tarpeesta p\u00e4\u00e4tt\u00e4\u00e4 asiantuntija.<\/p>\n<p>Yleens\u00e4 emme suosittele poistettavan viisaudenhammasta liian helpoin perustein. Erityisesti kun ne ovat terveet, t\u00e4ysin puhjenneet, oikeassa asennossa ja niit\u00e4 pystyt\u00e4\u00e4n puhdistamaan p\u00e4ivitt\u00e4isen suuhygienian yhteydess\u00e4.<\/p>\n<p>On kuitenkin tapauksia, jolloin viisaudenhampaalla ei ole tilaa kasvaa kunnolla ja se voi aiheuttaa ongelmia. Puhkeavat viisaudenhampaat voivat kasvaa leukaluussa eri kulmissa ja joskus jopa horisontaalisesti.<\/p>\n<h4>Viisaudenhampaisiin liittyv\u00e4t yleisimm\u00e4t ongelmat:<\/h4>\n<h5>&gt; Ikenien alla t\u00e4ysin piilossa. Elleiv\u00e4t ne pysty tulemaan ulos normaalisti, j\u00e4\u00e4v\u00e4t viisaudenhampaat ansaan leukaluuhun. Joskus se voi aiheuttaa tartuntaa tai jopa kystan, joka voi vahingoittaa muiden hampaiden juuria tai juurien tukea.<\/h5>\n<h5>&gt; Tulevat osittain ikenien l\u00e4pi. Koska t\u00e4m\u00e4 alue on vaikea n\u00e4hd\u00e4 ja puhdistaa, luovat viisaudenhampaat, jotka ovat tulleet osittain ikenen l\u00e4pi, v\u00e4yl\u00e4n, joka voi muuttua iensairauksia ja suuontelon infektioita aiheuttavien bakteerien magneetiksi.<\/h5>\n<h5>&gt; Ellei viisaudenhampailla ole riitt\u00e4v\u00e4sti tilaa oikeaan puhkeamiseen, ne voivat rasittaa l\u00e4hell\u00e4 sijaitsevia hampaita, vahingoittaa niit\u00e4 ja muuttaa niiden asentoa.<\/h5>\n<p>Siten viisaudenhampaan poistaminen on usein tarpeen, jos ne aiheuttavat kipua, alin viimeisen hampaan takana oleva pehmyt kudos tulehtuu usein, esiintyy nesteell\u00e4 t\u00e4yttyneit\u00e4 pusseja (kystat), kasvaimia, l\u00e4hell\u00e4 olevat hampaat vaurioituvat, tai esiintyy iensairauksia ja laajaa hammasten hajoamista.<\/p>\n<h3><span style=\"font-size: 18pt;\">Hammasten laserhoito<\/span><\/h3>\n<p>T\u00e4m\u00e4 on kaikkein nopein, tehokkain ja steriilein menetelm\u00e4 hammashoidon kirurgisista toimenpiteist\u00e4. Enimm\u00e4kseen veret\u00f6n, hyvin t\u00e4sm\u00e4llinen ja pehme\u00e4, kudoksia s\u00e4\u00e4st\u00e4v\u00e4, ja v\u00e4hent\u00e4\u00e4 hyvin paljon leikkauksen j\u00e4lkeist\u00e4 ep\u00e4mukavuuden tunnetta ja stressi\u00e4.<\/p>\n<p>Leikkauksen aikana ei ole desinfioinnin tarvetta, koska laserleikkauksen aikana ty\u00f6v\u00e4line ei kosketa kudoksia. Potilaalla ei ole stressin tunnetta, koska h\u00e4n ei n\u00e4e perinteist\u00e4 skapellia ja lasers\u00e4de sulkee verisuonet kosketuskohdalla, mink\u00e4 ansiosta leikkaus suoritetaan k\u00e4yt\u00e4nn\u00f6ss\u00e4 verett\u00f6m\u00e4sti.<\/p>\n<p>Laserleikkauksen j\u00e4lkeen toipuminen on eritt\u00e4in nopeaa \u2013 monta kertaa nopeampaa verrattuna tavalliseen skapellilla suoritettuun leikkaukseen.<\/p>\n<p>Laseria k\u00e4ytett\u00e4ess\u00e4 voidaan k\u00e4sitell\u00e4 pintoja hyvin herk\u00e4sti ilman lis\u00e4kudosten poistamista. Lasers\u00e4de tappaa patologista mikroflooraa, mik\u00e4 potilaan kannalta tarkoittaa, ettei h\u00e4nen pid\u00e4 istua hammashoitotuolissa kauan, koska suuontelo pysyy steriilin\u00e4 eik\u00e4 tarvitse jatkuvaa desinfiointia.<\/p>\n<p>Hampaiden ja ikenien tilan parantamisen lis\u00e4ksi laserista on apua my\u00f6s herpeksen, stomatiitin, alveoliitin ja perikoroniitin hoidossa.<\/p>\n<p>Laserhoidon avulla voidaan tehd\u00e4 my\u00f6s kitalaen tai huulien <strong>frenuloplastiaa<\/strong>.<\/p>\n<\/div>\n<\/div>\n<\/div>\n<\/div>\n<\/div>\n<\/div>\n<\/div>\n<div id=\"cmsms_row_69de72a063cc04_81112859\" class=\"cmsms_row cmsms_color_scheme_default\">\n<div class=\"cmsms_row_outer_parent\">\n<div class=\"cmsms_row_outer\">\n<div class=\"cmsms_row_inner\">\n<div class=\"cmsms_row_margin\">\n<div class=\"cmsms_column one_first\">\n\n<div id=\"cmsms_divider_69de72a063ce63_52200678\" class=\"cmsms_divider cmsms_divider_width_long cmsms_divider_pos_center\"><\/div>\n<\/div>\n<\/div>\n<\/div>\n<\/div>\n<\/div>\n<\/div>\n<div id=\"cmsms_row_69de72a063cf39_73685692\" class=\"cmsms_row cmsms_color_scheme_default\">\n<div class=\"cmsms_row_outer_parent\">\n<div class=\"cmsms_row_outer\">\n<div class=\"cmsms_row_inner\">\n<div class=\"cmsms_row_margin\">\n<div class=\"cmsms_column one_first\">\n\n<div id=\"cmsms_heading_69de72a063d148_15677027\" class=\"cmsms_heading_wrap cmsms_heading_align_center\" data-animation=\"bounceIn\" data-delay=\"0\">\n\t<h2 class=\"cmsms_heading\">Varaa hoitoaika!<\/h2>\n<\/div>\n<div id=\"cmsms_button_69de72a063d250_02598700\" class=\"button_wrap\"><a href=\"https:\/\/hshambaravi.ee\/fi\/varaa-hoitoaika\/\" class=\"cmsms_button\" data-animation=\"bounceIn\" data-delay=\"0\"><span>Varaa aika<\/span><\/a><\/div>\n<\/div>\n<\/div>\n<\/div>\n<\/div>\n<\/div>\n<\/div>\n\n","protected":false},"excerpt":{"rendered":"","protected":false},"author":1,"featured_media":0,"parent":0,"menu_order":0,"comment_status":"closed","ping_status":"closed","template":"","meta":{"footnotes":""},"class_list":["post-4691","page","type-page","status-publish","hentry"],"aioseo_notices":[],"_links":{"self":[{"href":"https:\/\/hshambaravi.ee\/fi\/wp-json\/wp\/v2\/pages\/4691","targetHints":{"allow":["GET"]}}],"collection":[{"href":"https:\/\/hshambaravi.ee\/fi\/wp-json\/wp\/v2\/pages"}],"about":[{"href":"https:\/\/hshambaravi.ee\/fi\/wp-json\/wp\/v2\/types\/page"}],"author":[{"embeddable":true,"href":"https:\/\/hshambaravi.ee\/fi\/wp-json\/wp\/v2\/users\/1"}],"replies":[{"embeddable":true,"href":"https:\/\/hshambaravi.ee\/fi\/wp-json\/wp\/v2\/comments?post=4691"}],"version-history":[{"count":1,"href":"https:\/\/hshambaravi.ee\/fi\/wp-json\/wp\/v2\/pages\/4691\/revisions"}],"predecessor-version":[{"id":6156,"href":"https:\/\/hshambaravi.ee\/fi\/wp-json\/wp\/v2\/pages\/4691\/revisions\/6156"}],"wp:attachment":[{"href":"https:\/\/hshambaravi.ee\/fi\/wp-json\/wp\/v2\/media?parent=4691"}],"curies":[{"name":"wp","href":"https:\/\/api.w.org\/{rel}","templated":true}]}}