{"id":4683,"date":"2018-05-23T15:11:37","date_gmt":"2018-05-23T13:11:37","guid":{"rendered":"https:\/\/hshambaravi.ee\/?page_id=4683\/"},"modified":"2022-06-28T15:56:22","modified_gmt":"2022-06-28T13:56:22","slug":"juurihoito","status":"publish","type":"page","link":"https:\/\/hshambaravi.ee\/fi\/juurihoito\/","title":{"rendered":"Juurihoito"},"content":{"rendered":"<style type=\"text\/css\"> \n#cmsms_row_69e734125f34f9_70847560 .cmsms_row_outer_parent { \n\tpadding-bottom: 20px; \n} \n\n \n#cmsms_heading_69e734125f40f4_31683046 { \n\ttext-align:center; \n\tmargin-top:50px; \n\tmargin-bottom:50px; \n} \n\n#cmsms_heading_69e734125f40f4_31683046 .cmsms_heading { \n\ttext-align:center; \n} \n\n#cmsms_heading_69e734125f40f4_31683046 .cmsms_heading, #cmsms_heading_69e734125f40f4_31683046 .cmsms_heading a { \n\tfont-weight:normal; \n\tfont-style:normal; \n} \n\n#cmsms_heading_69e734125f40f4_31683046 .cmsms_heading_divider { \n} \n\n \n#cmsms_row_69e734125f46a9_71229125 .cmsms_row_outer_parent { \n\tpadding-top: 0px; \n} \n\n#cmsms_row_69e734125f46a9_71229125 .cmsms_row_outer_parent { \n\tpadding-bottom: 0px; \n} \n\n \n#cmsms_divider_69e734125f4943_59522291 { \n\tborder-bottom-width:1px; \n\tborder-bottom-style:double; \n\tpadding-top:50px; \n\tmargin-bottom:50px; \n} \n \n#cmsms_row_69e734125f4a06_31420040 .cmsms_row_outer_parent { \n\tpadding-top: 20px; \n} \n\n#cmsms_row_69e734125f4a06_31420040 .cmsms_row_outer_parent { \n\tpadding-bottom: 100px; \n} \n\n \n#cmsms_heading_69e734125f4c12_01585203 { \n\ttext-align:center; \n\tmargin-top:0px; \n\tmargin-bottom:20px; \n} \n\n#cmsms_heading_69e734125f4c12_01585203 .cmsms_heading { \n\ttext-align:center; \n} \n\n#cmsms_heading_69e734125f4c12_01585203 .cmsms_heading, #cmsms_heading_69e734125f4c12_01585203 .cmsms_heading a { \n\tfont-weight:normal; \n\tfont-style:normal; \n} \n\n#cmsms_heading_69e734125f4c12_01585203 .cmsms_heading_divider { \n} \n\n\n#cmsms_button_69e734125f4d30_56618914 { \n\ttext-align:center; \n} \n\n#cmsms_button_69e734125f4d30_56618914 .cmsms_button:before { \n\tmargin-right:.5em; \n\tmargin-left:0; \n\tvertical-align:baseline; \n} \n\n#cmsms_button_69e734125f4d30_56618914 .cmsms_button { \n\tfont-weight:normal; \n\tfont-style:normal; \n\tborder-style:solid; \n} \n#cmsms_button_69e734125f4d30_56618914 .cmsms_button:hover { \n} \n<\/style><div id=\"cmsms_row_69e734125f34f9_70847560\" class=\"cmsms_row cmsms_color_scheme_default\">\n<div class=\"cmsms_row_outer_parent\">\n<div class=\"cmsms_row_outer\">\n<div class=\"cmsms_row_inner\">\n<div class=\"cmsms_row_margin\">\n<div class=\"cmsms_column one_first\">\n\n<div id=\"cmsms_heading_69e734125f40f4_31683046\" class=\"cmsms_heading_wrap cmsms_heading_align_center\">\n\t<h2 class=\"cmsms_heading\">Juurihoito<\/h2>\n<\/div><div class=\"cmsms_text\">\n<h3><span style=\"font-size: 18pt;\">Mit\u00e4 juurihoito on?<\/span><\/h3>\n<p>Hampaan rei\u00e4t, vauriot tai iensairaudet voivat aiheuttaa tulehduksen hampaan juuren p\u00e4\u00e4ss\u00e4, mik\u00e4 aiheuttaa hampaille korvaamattomia vahinkoja. Nyky\u00e4\u00e4n voidaan hammas pelastaa huolellisella juurihoidolla. Juurihoidon aikana juurikanava aukaistaan, puhdistetaan ja desinfioidaan, ja puhdistettuun kanavaan sy\u00f6tet\u00e4\u00e4n t\u00e4yteaine. Juurihoidon lopussa hammaskruunu palautetaan.<\/p>\n<h3><span style=\"font-size: 18pt;\">Milloin juurihoitoa tarvitaan?<\/span><\/h3>\n<p>Mik\u00e4li kariesprosessi on edennyt pulpiittiin (hammashermoon), syntyy juurihoidon tarve eli niin sanottu hammashermon poistaminen, juurikanavan puhdistaminen ja sen t\u00e4ytt\u00e4minen. T\u00e4ss\u00e4 toimenpiteess\u00e4 on t\u00e4rkeint\u00e4 kanavan kunnollinen t\u00e4ytt\u00e4minen, koska se vaikuttaa hampaan tulevaisuuteen.<\/p>\n<p>Ennen k\u00e4ytettiin hampaan hermotulehduksen (pulpiitin) hoitoon arseenia. Se j\u00e4tettiin useaksi p\u00e4iv\u00e4ksi hermon p\u00e4\u00e4lle, mink\u00e4 j\u00e4lkeen poistettiin hermon j\u00e4\u00e4nn\u00f6kset ja t\u00e4ytettiin juurikanavat.<\/p>\n<p>Nyky\u00e4\u00e4n hampaan hoito tapahtuu yhdell\u00e4 l\u00e4\u00e4k\u00e4rin k\u00e4ynnill\u00e4. L\u00e4\u00e4k\u00e4ri voi kuitenkin suositella useaa k\u00e4ynti\u00e4 riippuen esimerkiksi tulehduksen m\u00e4\u00e4r\u00e4st\u00e4. Toimenpidett\u00e4 varten tehd\u00e4\u00e4n tehokas puudutus, puhdistetaan juurikanavat tehokkaasti ja t\u00e4ytet\u00e4\u00e4n ne.<\/p>\n<h3><span style=\"font-size: 18pt;\">Mik\u00e4 on periodontiitti?<\/span><\/h3>\n<p>Periodontiitti alkaa hoitamattomasta karieksesta, jonka tuloksena on syntynyt juurihermon tulehdus.<\/p>\n<h3><span style=\"font-size: 18pt;\">Miten juurikanavia hoidetaan?<\/span><\/h3>\n<p>Hammashoidossamme k\u00e4ytet\u00e4\u00e4n pulpiitin eli juurikanavien hoidossa nykyaikaista menetelm\u00e4\u00e4 \u2013 kanava t\u00e4ytet\u00e4\u00e4n kumimaisella aineella.<\/p>\n<p>On t\u00e4rke\u00e4 ymm\u00e4rt\u00e4\u00e4, ett\u00e4 juuret ovat hampaan t\u00e4rkein osa. Ne ovat tarpeellinen pohja my\u00f6hemm\u00e4n tekohampaan rakentamiselle, mik\u00e4li sellainen tarve syntyy. Sen vuoksi on t\u00e4rke\u00e4\u00e4, ett\u00e4 juurikanava puhdistetaan huolellisesti, desinfioidaan ja t\u00e4ytet\u00e4\u00e4n p\u00e4\u00e4st\u00e4 loppuun saakka.<\/p>\n<h3><span style=\"font-size: 18pt;\">Onko juurihoito vaaraton?<\/span><\/h3>\n<p>Menetelm\u00e4 on vaaraton ja tehokas nykyaikainen tekniikka huomioon ottaen.\u00a0 My\u00f6s vanhentuneita proteeseja ja rikkoutuneita hampaan paikkoja voidaan vaihtaa toistuvasti. Sen vuoksi kiinnit\u00e4mme suurta huomiota juurikanavien hoidossa.<\/p>\n<h3><span style=\"font-size: 18pt;\">Periondontiitin hoito (my\u00f6s aiemmin hoidetut kanavat)<\/span><\/h3>\n<p>Valitettavasti tulee k\u00e4yt\u00e4nn\u00f6ss\u00e4 eteen tapauksia, ett\u00e4 hoidettua hammasta alkaa s\u00e4rke\u00e4 ruokailun aikana, se reagoi kylm\u00e4\u00e4n ja kuumaan tai syntyy ep\u00e4miellytt\u00e4v\u00e4 haju \u2013 n\u00e4m\u00e4 ovat juuritulehduksen oireita. Joskus on potilaan syy, ett\u00e4 h\u00e4n ei ole k\u00e4\u00e4ntynyt ajoissa l\u00e4\u00e4k\u00e4rin puoleen \u2013 tai syy on aiemmin suoritetussa hammashoidossa, jota ei ole suoritettu riitt\u00e4v\u00e4n hyvin.\u00a0 Ei kannata kiirehti\u00e4 sellaisen hampaan poistoa. Nykyaikaisessa juurihoidossa on menetelmi\u00e4 ja hoitoja, jotka auttavat s\u00e4ilytt\u00e4m\u00e4\u00e4n my\u00f6s sellaisia hampaita, mutta t\u00e4m\u00e4 ei luonnollisesti tarkoita sit\u00e4, ett\u00e4 kaikki hampaat voidaan pelastaa.<\/p>\n<h3><span style=\"font-size: 18pt;\">Mik\u00e4 on juurihoidon hinta?<\/span><\/h3>\n<p>Juurihoidon hinnat riippuvat vaurion laajuudesta, mink\u00e4 vuoksi toimenpiteen hinta vaihtelee.<\/p>\n<\/div>\n<\/div>\n<\/div>\n<\/div>\n<\/div>\n<\/div>\n<\/div>\n<div id=\"cmsms_row_69e734125f46a9_71229125\" class=\"cmsms_row cmsms_color_scheme_default\">\n<div class=\"cmsms_row_outer_parent\">\n<div class=\"cmsms_row_outer\">\n<div class=\"cmsms_row_inner\">\n<div class=\"cmsms_row_margin\">\n<div class=\"cmsms_column one_first\">\n\n<div id=\"cmsms_divider_69e734125f4943_59522291\" class=\"cmsms_divider cmsms_divider_width_long cmsms_divider_pos_center\"><\/div>\n<\/div>\n<\/div>\n<\/div>\n<\/div>\n<\/div>\n<\/div>\n<div id=\"cmsms_row_69e734125f4a06_31420040\" class=\"cmsms_row cmsms_color_scheme_default\">\n<div class=\"cmsms_row_outer_parent\">\n<div class=\"cmsms_row_outer\">\n<div class=\"cmsms_row_inner\">\n<div class=\"cmsms_row_margin\">\n<div class=\"cmsms_column one_first\">\n\n<div id=\"cmsms_heading_69e734125f4c12_01585203\" class=\"cmsms_heading_wrap cmsms_heading_align_center\" data-animation=\"bounceIn\" data-delay=\"0\">\n\t<h2 class=\"cmsms_heading\">Varaa hoitoaika!<\/h2>\n<\/div>\n<div id=\"cmsms_button_69e734125f4d30_56618914\" class=\"button_wrap\"><a href=\"https:\/\/hshambaravi.ee\/fi\/varaa-hoitoaika\/\" class=\"cmsms_button\" data-animation=\"bounceIn\" data-delay=\"0\"><span>Varaa aika<\/span><\/a><\/div>\n<\/div>\n<\/div>\n<\/div>\n<\/div>\n<\/div>\n<\/div>\n\n","protected":false},"excerpt":{"rendered":"","protected":false},"author":1,"featured_media":0,"parent":0,"menu_order":0,"comment_status":"closed","ping_status":"closed","template":"","meta":{"footnotes":""},"class_list":["post-4683","page","type-page","status-publish","hentry"],"aioseo_notices":[],"_links":{"self":[{"href":"https:\/\/hshambaravi.ee\/fi\/wp-json\/wp\/v2\/pages\/4683","targetHints":{"allow":["GET"]}}],"collection":[{"href":"https:\/\/hshambaravi.ee\/fi\/wp-json\/wp\/v2\/pages"}],"about":[{"href":"https:\/\/hshambaravi.ee\/fi\/wp-json\/wp\/v2\/types\/page"}],"author":[{"embeddable":true,"href":"https:\/\/hshambaravi.ee\/fi\/wp-json\/wp\/v2\/users\/1"}],"replies":[{"embeddable":true,"href":"https:\/\/hshambaravi.ee\/fi\/wp-json\/wp\/v2\/comments?post=4683"}],"version-history":[{"count":1,"href":"https:\/\/hshambaravi.ee\/fi\/wp-json\/wp\/v2\/pages\/4683\/revisions"}],"predecessor-version":[{"id":6151,"href":"https:\/\/hshambaravi.ee\/fi\/wp-json\/wp\/v2\/pages\/4683\/revisions\/6151"}],"wp:attachment":[{"href":"https:\/\/hshambaravi.ee\/fi\/wp-json\/wp\/v2\/media?parent=4683"}],"curies":[{"name":"wp","href":"https:\/\/api.w.org\/{rel}","templated":true}]}}