{"id":4659,"date":"2018-05-23T14:57:57","date_gmt":"2018-05-23T12:57:57","guid":{"rendered":"https:\/\/hshambaravi.ee\/?page_id=4659\/"},"modified":"2022-06-28T15:12:47","modified_gmt":"2022-06-28T13:12:47","slug":"hampaiden-valkaisu","status":"publish","type":"page","link":"https:\/\/hshambaravi.ee\/fi\/hampaiden-valkaisu\/","title":{"rendered":"Hampaiden valkaisu"},"content":{"rendered":"<style type=\"text\/css\"> \n#cmsms_row_69de76c1b44778_06304502 .cmsms_row_outer_parent { \n\tpadding-bottom: 20px; \n} \n\n \n#cmsms_heading_69de76c1b44ea6_94485350 { \n\ttext-align:center; \n\tmargin-top:50px; \n\tmargin-bottom:50px; \n} \n\n#cmsms_heading_69de76c1b44ea6_94485350 .cmsms_heading { \n\ttext-align:center; \n} \n\n#cmsms_heading_69de76c1b44ea6_94485350 .cmsms_heading, #cmsms_heading_69de76c1b44ea6_94485350 .cmsms_heading a { \n\tfont-weight:normal; \n\tfont-style:normal; \n} \n\n#cmsms_heading_69de76c1b44ea6_94485350 .cmsms_heading_divider { \n} \n\n \n#cmsms_row_69de76c1b453a4_11426615 .cmsms_row_outer_parent { \n\tpadding-top: 0px; \n} \n\n#cmsms_row_69de76c1b453a4_11426615 .cmsms_row_outer_parent { \n\tpadding-bottom: 0px; \n} \n\n \n#cmsms_divider_69de76c1b45636_81347139 { \n\tborder-bottom-width:1px; \n\tborder-bottom-style:double; \n\tpadding-top:50px; \n\tmargin-bottom:50px; \n} \n \n#cmsms_row_69de76c1b456f1_47218834 .cmsms_row_outer_parent { \n\tpadding-top: 20px; \n} \n\n#cmsms_row_69de76c1b456f1_47218834 .cmsms_row_outer_parent { \n\tpadding-bottom: 100px; \n} \n\n \n#cmsms_heading_69de76c1b458f8_38594018 { \n\ttext-align:center; \n\tmargin-top:0px; \n\tmargin-bottom:20px; \n} \n\n#cmsms_heading_69de76c1b458f8_38594018 .cmsms_heading { \n\ttext-align:center; \n} \n\n#cmsms_heading_69de76c1b458f8_38594018 .cmsms_heading, #cmsms_heading_69de76c1b458f8_38594018 .cmsms_heading a { \n\tfont-weight:normal; \n\tfont-style:normal; \n} \n\n#cmsms_heading_69de76c1b458f8_38594018 .cmsms_heading_divider { \n} \n\n\n#cmsms_button_69de76c1b45a02_60020522 { \n\ttext-align:center; \n} \n\n#cmsms_button_69de76c1b45a02_60020522 .cmsms_button:before { \n\tmargin-right:.5em; \n\tmargin-left:0; \n\tvertical-align:baseline; \n} \n\n#cmsms_button_69de76c1b45a02_60020522 .cmsms_button { \n\tfont-weight:normal; \n\tfont-style:normal; \n\tborder-style:solid; \n} \n#cmsms_button_69de76c1b45a02_60020522 .cmsms_button:hover { \n} \n<\/style><div id=\"cmsms_row_69de76c1b44778_06304502\" class=\"cmsms_row cmsms_color_scheme_default\">\n<div class=\"cmsms_row_outer_parent\">\n<div class=\"cmsms_row_outer\">\n<div class=\"cmsms_row_inner\">\n<div class=\"cmsms_row_margin\">\n<div class=\"cmsms_column one_first\">\n\n<div id=\"cmsms_heading_69de76c1b44ea6_94485350\" class=\"cmsms_heading_wrap cmsms_heading_align_center\">\n\t<h2 class=\"cmsms_heading\">Hampaiden valkaisu<\/h2>\n<\/div><div class=\"cmsms_text\">\n<p>Hammaskiilteen v\u00e4ri on hyvin yksil\u00f6kohtainen ja annettu meille luonnon puolesta. Hammaskiille kuitenkin tummuu vuosien aikana. Hampaiden kauniin valkoisen v\u00e4rin muuttumiseen voi olla useita syit\u00e4: geneettinen taipumus, i\u00e4st\u00e4 johtuvat muutokset elimist\u00f6ss\u00e4, ruoan ja juoman sis\u00e4lt\u00e4m\u00e4t aineet, liiallinen tupakointi, teen ja kahvin nauttiminen tms.<\/p>\n<p>Usein kotik\u00e4ytt\u00f6iset aineet eiv\u00e4t riit\u00e4 palauttamaan hampaiden valkoista v\u00e4ri\u00e4, ja t\u00e4ss\u00e4 tulevat apuun asiantuntijat sek\u00e4 ammattimainen hampaiden valkaisu.<\/p>\n<p>Hampaiden valkaisuun k\u00e4yt\u00e4mme <strong>foto<\/strong>&#8211; ja <strong>endovalkaisumenetelm\u00e4\u00e4<\/strong>.<\/p>\n<h3><span style=\"font-size: 18pt;\">Mit\u00e4 endovalkaisu tarkoittaa?<\/span><\/h3>\n<p>Endovalkaisun aikana hammas t\u00e4ytet\u00e4\u00e4n sis\u00e4lt\u00e4p\u00e4in valkaisevalla massalla. Enimm\u00e4kseen sit\u00e4 menetelm\u00e4\u00e4 k\u00e4ytet\u00e4\u00e4n kuolleeseen hampaaseen, jonka v\u00e4ripigmentti poikkeaa el\u00e4v\u00e4st\u00e4 hampaasta.<\/p>\n<h3><span style=\"font-size: 18pt;\">Mit\u00e4 fotovalkaisu tarkoittaa?<\/span><\/h3>\n<p>El\u00e4vien hampaiden nopein ja tehokkain valkaisumenetelm\u00e4 on fotovalkaisu. <strong>Fotovalkaisulla<\/strong> hampaat saadaan yli kymmenen s\u00e4vy\u00e4 vaaleammiksi. Se on nopea ja hampaille vaaraton menetelm\u00e4. Suurin osa potilaista on saavuttanut valkaisun avulla erinomaisia tuloksia. Tulos voi vaihdella hampaiden l\u00e4iskist\u00e4, kiilteen paksuudesta, i\u00e4st\u00e4 ja tavoista riippuen.<\/p>\n<h3><span style=\"font-size: 18pt;\">Onko hampaiden valkaisu hampaille vaaratonta?<\/span><\/h3>\n<p>Kun hampaat ja ikenet ovat hyv\u00e4ss\u00e4 kunnossa, ei toimenpide ole hampaille vaarallinen. Erilaiset kokeet ovat osoittaneet, ett\u00e4 t\u00e4llainen hampaiden valkaisu on vaaraton sek\u00e4 hampaille ett\u00e4 ikenille.<\/p>\n<h3><span style=\"font-size: 18pt;\">Onko valkaisutoimenpiteell\u00e4 jotain sivuvaikutuksia?<\/span><\/h3>\n<p>Tavallisesti toimenpide on kivuton. Joillain potilailla saattaa valkaisun aikana tai sen j\u00e4lkeen synty\u00e4 hampaiden arkuutta. Kliiniset kokeet osoittavat, ett\u00e4 suurimmalla osalla potilaista arkuus ei kasva. Joillakin se jopa v\u00e4henee. Tavallisesti sivuvaikutukset poistuvat muutaman p\u00e4iv\u00e4n aikana. Mik\u00e4li ongelmia kuitenkin esiintyy, kerro siit\u00e4 rohkeasti l\u00e4\u00e4k\u00e4rillesi, joka voi suositella sinulle hampaiden arkuutta v\u00e4hent\u00e4vi\u00e4 tuotteita.<\/p>\n<h3><span style=\"font-size: 18pt;\">Kuinka kauan tulos pysyy?<\/span><\/h3>\n<p>Hampaiden valkaisun tulos ja kesto vaihtelevat riippuen hampaittesi rakenteesta, henkil\u00f6kohtaisesta hygieniasta ja ruokailutottumuksista. Hyvien hygieniatottumusten noudattaminen \u2013 hampaiden harjaaminen, hammaslangalla puhdistaminen ja hampaiden s\u00e4\u00e4nn\u00f6llinen (1-2 kertaa vuodessa) puhdistuttaminen hammasklinikalla (soodapuhdistus) takaa sinulle pysyv\u00e4n s\u00e4ihkyv\u00e4n hymyn.<\/p>\n<\/div>\n<\/div>\n<\/div>\n<\/div>\n<\/div>\n<\/div>\n<\/div>\n<div id=\"cmsms_row_69de76c1b453a4_11426615\" class=\"cmsms_row cmsms_color_scheme_default\">\n<div class=\"cmsms_row_outer_parent\">\n<div class=\"cmsms_row_outer\">\n<div class=\"cmsms_row_inner\">\n<div class=\"cmsms_row_margin\">\n<div class=\"cmsms_column one_first\">\n\n<div id=\"cmsms_divider_69de76c1b45636_81347139\" class=\"cmsms_divider cmsms_divider_width_long cmsms_divider_pos_center\"><\/div>\n<\/div>\n<\/div>\n<\/div>\n<\/div>\n<\/div>\n<\/div>\n<div id=\"cmsms_row_69de76c1b456f1_47218834\" class=\"cmsms_row cmsms_color_scheme_default\">\n<div class=\"cmsms_row_outer_parent\">\n<div class=\"cmsms_row_outer\">\n<div class=\"cmsms_row_inner\">\n<div class=\"cmsms_row_margin\">\n<div class=\"cmsms_column one_first\">\n\n<div id=\"cmsms_heading_69de76c1b458f8_38594018\" class=\"cmsms_heading_wrap cmsms_heading_align_center\" data-animation=\"bounceIn\" data-delay=\"0\">\n\t<h2 class=\"cmsms_heading\">Varaa hoitoaika!<\/h2>\n<\/div>\n<div id=\"cmsms_button_69de76c1b45a02_60020522\" class=\"button_wrap\"><a href=\"https:\/\/hshambaravi.ee\/fi\/varaa-hoitoaika\/\" class=\"cmsms_button\" data-animation=\"bounceIn\" data-delay=\"0\"><span>Varaa aika<\/span><\/a><\/div>\n<\/div>\n<\/div>\n<\/div>\n<\/div>\n<\/div>\n<\/div>\n\n","protected":false},"excerpt":{"rendered":"","protected":false},"author":1,"featured_media":0,"parent":0,"menu_order":0,"comment_status":"closed","ping_status":"closed","template":"","meta":{"footnotes":""},"class_list":["post-4659","page","type-page","status-publish","hentry"],"aioseo_notices":[],"_links":{"self":[{"href":"https:\/\/hshambaravi.ee\/fi\/wp-json\/wp\/v2\/pages\/4659","targetHints":{"allow":["GET"]}}],"collection":[{"href":"https:\/\/hshambaravi.ee\/fi\/wp-json\/wp\/v2\/pages"}],"about":[{"href":"https:\/\/hshambaravi.ee\/fi\/wp-json\/wp\/v2\/types\/page"}],"author":[{"embeddable":true,"href":"https:\/\/hshambaravi.ee\/fi\/wp-json\/wp\/v2\/users\/1"}],"replies":[{"embeddable":true,"href":"https:\/\/hshambaravi.ee\/fi\/wp-json\/wp\/v2\/comments?post=4659"}],"version-history":[{"count":1,"href":"https:\/\/hshambaravi.ee\/fi\/wp-json\/wp\/v2\/pages\/4659\/revisions"}],"predecessor-version":[{"id":6144,"href":"https:\/\/hshambaravi.ee\/fi\/wp-json\/wp\/v2\/pages\/4659\/revisions\/6144"}],"wp:attachment":[{"href":"https:\/\/hshambaravi.ee\/fi\/wp-json\/wp\/v2\/media?parent=4659"}],"curies":[{"name":"wp","href":"https:\/\/api.w.org\/{rel}","templated":true}]}}