{"id":4619,"date":"2018-05-23T14:33:12","date_gmt":"2018-05-23T12:33:12","guid":{"rendered":"https:\/\/hshambaravi.ee\/?page_id=4619\/"},"modified":"2022-06-28T15:05:58","modified_gmt":"2022-06-28T13:05:58","slug":"suuhygienia","status":"publish","type":"page","link":"https:\/\/hshambaravi.ee\/fi\/suuhygienia\/","title":{"rendered":"Suuhygienia"},"content":{"rendered":"<style type=\"text\/css\"> \n#cmsms_row_69de7629e2d2c9_65239855 .cmsms_row_outer_parent { \n\tpadding-bottom: 20px; \n} \n\n \n#cmsms_heading_69de7629e2db64_09656217 { \n\ttext-align:center; \n\tmargin-top:50px; \n\tmargin-bottom:50px; \n} \n\n#cmsms_heading_69de7629e2db64_09656217 .cmsms_heading { \n\ttext-align:center; \n} \n\n#cmsms_heading_69de7629e2db64_09656217 .cmsms_heading, #cmsms_heading_69de7629e2db64_09656217 .cmsms_heading a { \n\tfont-weight:normal; \n\tfont-style:normal; \n} \n\n#cmsms_heading_69de7629e2db64_09656217 .cmsms_heading_divider { \n} \n\n \n#cmsms_row_69de7629e2e209_92140593 .cmsms_row_outer_parent { \n\tpadding-top: 0px; \n} \n\n#cmsms_row_69de7629e2e209_92140593 .cmsms_row_outer_parent { \n\tpadding-bottom: 0px; \n} \n\n \n#cmsms_divider_69de7629e2e475_09392411 { \n\tborder-bottom-width:1px; \n\tborder-bottom-style:double; \n\tpadding-top:50px; \n\tmargin-bottom:50px; \n} \n \n#cmsms_row_69de7629e2e539_97872259 .cmsms_row_outer_parent { \n\tpadding-top: 20px; \n} \n\n#cmsms_row_69de7629e2e539_97872259 .cmsms_row_outer_parent { \n\tpadding-bottom: 100px; \n} \n\n \n#cmsms_heading_69de7629e2e737_41422517 { \n\ttext-align:center; \n\tmargin-top:0px; \n\tmargin-bottom:20px; \n} \n\n#cmsms_heading_69de7629e2e737_41422517 .cmsms_heading { \n\ttext-align:center; \n} \n\n#cmsms_heading_69de7629e2e737_41422517 .cmsms_heading, #cmsms_heading_69de7629e2e737_41422517 .cmsms_heading a { \n\tfont-weight:normal; \n\tfont-style:normal; \n} \n\n#cmsms_heading_69de7629e2e737_41422517 .cmsms_heading_divider { \n} \n\n\n#cmsms_button_69de7629e2e848_16682215 { \n\ttext-align:center; \n} \n\n#cmsms_button_69de7629e2e848_16682215 .cmsms_button:before { \n\tmargin-right:.5em; \n\tmargin-left:0; \n\tvertical-align:baseline; \n} \n\n#cmsms_button_69de7629e2e848_16682215 .cmsms_button { \n\tfont-weight:normal; \n\tfont-style:normal; \n\tborder-style:solid; \n} \n#cmsms_button_69de7629e2e848_16682215 .cmsms_button:hover { \n} \n<\/style><div id=\"cmsms_row_69de7629e2d2c9_65239855\" class=\"cmsms_row cmsms_color_scheme_default\">\n<div class=\"cmsms_row_outer_parent\">\n<div class=\"cmsms_row_outer\">\n<div class=\"cmsms_row_inner\">\n<div class=\"cmsms_row_margin\">\n<div class=\"cmsms_column one_first\">\n\n<div id=\"cmsms_heading_69de7629e2db64_09656217\" class=\"cmsms_heading_wrap cmsms_heading_align_center\">\n\t<h2 class=\"cmsms_heading\">Soodapuhdistus, hammaskiven poisto ja kiillotus \u2013 t\u00e4rkeit\u00e4 toimenpiteit\u00e4 hampaiden ongelmien ennaltaehk\u00e4isyss\u00e4<\/h2>\n<\/div><div class=\"cmsms_text\">\n<p>Jotta hampaasi pysyisiv\u00e4t kauemmin terveen\u00e4 ja kauniina, on t\u00e4rke\u00e4\u00e4 ennaltaehk\u00e4ist\u00e4 suurempia hampaisiin liittyvi\u00e4 ongelmia jo ennen niiden synty\u00e4. T\u00e4ss\u00e4 ovat tehokkaita apumiehi\u00e4 Air-flow -toimenpiteet (my\u00f6s soodapuhdistus ja helmipuhdistus), kiillotus ja hammaskiven poisto.<\/p>\n<h3><span style=\"font-size: 18pt;\">Air-flow -soodapuhdistus<\/span><\/h3>\n<p><strong>Air-flow<\/strong>\u00a0-toimenpide, eli hampaiden helmivalkaisu (tunnetaan my\u00f6s nimityksill\u00e4 soodapuhdistus tai helmipuhdistus) on kivuton toimenpide, jonka aikana poistetaan soodan, veden ja ilmavirran avulla hampaista tahrat ja plakki.<\/p>\n<p>Soodapuhdistus ei vahingoita hampaan kiiltoa, ja tuloksena on aiempaa valkoisemmat hampaat.<\/p>\n<p>El\u00e4m\u00e4mme aikana hampaamme ovat erilaisten v\u00e4riaineiden vaikutuksen alaisina. T\u00e4m\u00e4n tuloksena hampaat tummuvat. Pehme\u00e4 hammasplakki, joka j\u00e4\u00e4 hampaaseen pidemm\u00e4ksi aikaa, mineralisoituu ja muuttuu hammaskiveksi, joka puolestaan painaa ient\u00e4 ja synnytt\u00e4\u00e4 vajoamia, paradontaalisia taskuja ja ep\u00e4miellytt\u00e4v\u00e4\u00e4 hajua, josta ei p\u00e4\u00e4se eroon purukumilla tai suun huuhteluaineilla. Hammaskiille heikkenee ja karieksen synty alkaa.<\/p>\n<h4>Air-flow -soodapuhdistus on kivuton.<\/h4>\n<p>Aiemmin hammaskiven poistoon k\u00e4ytettiin k\u00e4si-instrumentteja \u2013 eripituisia koukkuja, ja toimenpide oli hyvin kipe\u00e4. Air-flow -menetelm\u00e4n keksimisen j\u00e4lkeen on hammaskiven poistaminen nyt ehdottoman kivuton prosessi.<\/p>\n<h4>Tehokas ja turvallinen menetelm\u00e4.<\/h4>\n<p>Kliiniset tutkimukset ovat todistaneet, ett\u00e4 hampaiden soodapuhdistusmenetelm\u00e4ll\u00e4 hammaskiven poistaminen pehme\u00e4lt\u00e4 ja kovalta pinnalta on tehokasta ja turvallista. Menetelm\u00e4n edut ovat ilmiselvi\u00e4. Hampaat puhdistetaan vedell\u00e4 ja jauheella suurella paineella, hammaspintaa ei kosketeta eik\u00e4 kiillett\u00e4 vahingoiteta. Hampaat voidaan peitt\u00e4\u00e4 fluorilakalla karieksen ennaltaehk\u00e4isemiseksi ja hampaiden reikien syntymisen ehk\u00e4isemiseksi.<\/p>\n<h3><span style=\"font-size: 18pt;\">Hammaskiven poisto<\/span><\/h3>\n<p>Oikea-aikainen <strong>hammaskiven poisto<\/strong> on ensimm\u00e4inen hoito ientulehdusten ennaltaehk\u00e4isyss\u00e4<strong>.<\/strong><\/p>\n<h4>Kuinka hammaskivi syntyy?<\/h4>\n<p>Hammaskivi on hyvin yleinen ongelma. Hampaiden kotona harjaamisen seurauksena ker\u00e4\u00e4ntyy vaikeasti p\u00e4\u00e4st\u00e4viin paikkoihin plakkia, joka ajan mittaan mineralisoituu ja aiheuttaa huonoimmassa tapauksessa ientulehdusta ja luukudoksen katoamista. Sen vuoksi on t\u00e4rke\u00e4\u00e4 poistattaa hammaskive\u00e4 asiantuntijan vastaanotolla.<\/p>\n<p>Hammaskiven vuoksi hampaan pinnalla ja ientaskuissa alkaa el\u00e4\u00e4 bakteereita. Ne voivat aiheuttaa ientulehdusta, josta seuraa ikenien verenvuoto, turvotus ja m\u00e4t\u00e4pes\u00e4kkeet. Bakteerit tuhoavat hammaskuopassa kiinnityskohtia, mink\u00e4 tuloksena hammas alkaa heilua. Hammaskiven ja plakin poistaminen ovat ensimm\u00e4isi\u00e4 hoitokeinoja ientulehduksen osalta, sen j\u00e4lkeen voidaan tarvittaessa suorittaa ikenien laserhoito.<\/p>\n<h4>Ientulehduksen seuraukset:<\/h4>\n<ul>\n<li>Ikenien verenvuoto<\/li>\n<li>Hampaan liikkuvuus<\/li>\n<li>Ikenien per\u00e4\u00e4ntyminen<\/li>\n<li>Krooninen parodontiitti<\/li>\n<li>Hampaan poisto<\/li>\n<\/ul>\n<h4>Onko hammaskiven poisto kipe\u00e4\u00e4?<\/h4>\n<p>Hammaskiven poisto suoritetaan haluttaessa puudutuksella.<\/p>\n<h3><span style=\"font-size: 18pt;\">Hampaiden kiillotus<\/span><\/h3>\n<p>Hampaiden kiillotus on hammashoidon toimenpide, jota k\u00e4ytet\u00e4\u00e4n hampaiden ongelmien ennaltaehk\u00e4isyksi. Se tekee hampaista valkoisemmat, tahrattomat ja s\u00e4teilev\u00e4t. Lis\u00e4ksi toimenpide parantaa hampaiden terveytt\u00e4 ja niiden estetiikkaa.<\/p>\n<p>Abrasiivisella tahnalla kiillotettaessa voidaan hampaista poistaa tahrat, joita p\u00e4ivitt\u00e4isen suunhoidon aikana on vaikea poistaa.<\/p>\n<p>Yleens\u00e4 kiillotus suoritetaan my\u00f6s soodapuhdistuksen aikana.<\/p>\n<div id=\"gtx-trans\" style=\"position: absolute; left: 329px; top: 749px;\">\n<div class=\"gtx-trans-icon\"><\/div>\n<\/div>\n<\/div>\n<\/div>\n<\/div>\n<\/div>\n<\/div>\n<\/div>\n<\/div>\n<div id=\"cmsms_row_69de7629e2e209_92140593\" class=\"cmsms_row cmsms_color_scheme_default\">\n<div class=\"cmsms_row_outer_parent\">\n<div class=\"cmsms_row_outer\">\n<div class=\"cmsms_row_inner\">\n<div class=\"cmsms_row_margin\">\n<div class=\"cmsms_column one_first\">\n\n<div id=\"cmsms_divider_69de7629e2e475_09392411\" class=\"cmsms_divider cmsms_divider_width_long cmsms_divider_pos_center\"><\/div>\n<\/div>\n<\/div>\n<\/div>\n<\/div>\n<\/div>\n<\/div>\n<div id=\"cmsms_row_69de7629e2e539_97872259\" class=\"cmsms_row cmsms_color_scheme_default\">\n<div class=\"cmsms_row_outer_parent\">\n<div class=\"cmsms_row_outer\">\n<div class=\"cmsms_row_inner\">\n<div class=\"cmsms_row_margin\">\n<div class=\"cmsms_column one_first\">\n\n<div id=\"cmsms_heading_69de7629e2e737_41422517\" class=\"cmsms_heading_wrap cmsms_heading_align_center\" data-animation=\"bounceIn\" data-delay=\"0\">\n\t<h2 class=\"cmsms_heading\">Varaa hoitoaika!<\/h2>\n<\/div>\n<div id=\"cmsms_button_69de7629e2e848_16682215\" class=\"button_wrap\"><a href=\"https:\/\/hshambaravi.ee\/fi\/varaa-hoitoaika\/\" class=\"cmsms_button\" data-animation=\"bounceIn\" data-delay=\"0\"><span>Varaa aika<\/span><\/a><\/div>\n<\/div>\n<\/div>\n<\/div>\n<\/div>\n<\/div>\n<\/div>\n\n","protected":false},"excerpt":{"rendered":"","protected":false},"author":1,"featured_media":0,"parent":0,"menu_order":0,"comment_status":"closed","ping_status":"closed","template":"","meta":{"footnotes":""},"class_list":["post-4619","page","type-page","status-publish","hentry"],"aioseo_notices":[],"_links":{"self":[{"href":"https:\/\/hshambaravi.ee\/fi\/wp-json\/wp\/v2\/pages\/4619","targetHints":{"allow":["GET"]}}],"collection":[{"href":"https:\/\/hshambaravi.ee\/fi\/wp-json\/wp\/v2\/pages"}],"about":[{"href":"https:\/\/hshambaravi.ee\/fi\/wp-json\/wp\/v2\/types\/page"}],"author":[{"embeddable":true,"href":"https:\/\/hshambaravi.ee\/fi\/wp-json\/wp\/v2\/users\/1"}],"replies":[{"embeddable":true,"href":"https:\/\/hshambaravi.ee\/fi\/wp-json\/wp\/v2\/comments?post=4619"}],"version-history":[{"count":1,"href":"https:\/\/hshambaravi.ee\/fi\/wp-json\/wp\/v2\/pages\/4619\/revisions"}],"predecessor-version":[{"id":6130,"href":"https:\/\/hshambaravi.ee\/fi\/wp-json\/wp\/v2\/pages\/4619\/revisions\/6130"}],"wp:attachment":[{"href":"https:\/\/hshambaravi.ee\/fi\/wp-json\/wp\/v2\/media?parent=4619"}],"curies":[{"name":"wp","href":"https:\/\/api.w.org\/{rel}","templated":true}]}}